{"id":10033,"date":"2020-12-24T11:33:17","date_gmt":"2020-12-24T19:33:17","guid":{"rendered":"https:\/\/hsr.ca.gov\/?page_id=10033"},"modified":"2026-01-29T09:48:32","modified_gmt":"2026-01-29T17:48:32","slug":"organizational-conflict-of-interest-policy","status":"publish","type":"page","link":"https:\/\/hsr.ca.gov\/es\/work-with-us\/procurements\/organizational-conflict-of-interest-policy\/","title":{"rendered":"Pol\u00edtica de conflictos de intereses de la organizaci\u00f3n"},"content":{"rendered":"<p>[et_pb_section fb_built=\u201d1\u2033 especialidad=\u201don\u201d padding_top_1=\u201d0px\u201d padding_top_2=\u201d0px\u201d _builder_version=\u201d4.16\u2033 vertical_offset_tablet=\u201d0\u2033 horizontal_offset_tablet=\u201d0\u2033 custom_margin=\u201d0px|||\u201d custom_padding=\u201d0px|||\u201d z_index_tablet=\u201d0\u2033 box_shadow_horizontal_tablet=\u201d0px\u201d box_shadow_vertical_tablet=\u201d0px\u201d box_shadow_blur_tablet=\u201d40px\u201d box_shadow_spread_tablet=\u201d0px\u201d global_colors_info=\u201d{}\u201d][et_pb_column type=\u201d2_3\u2033 especialidad_columns=\u201d4\u2033 _builder_version=\u201d4.16\u2033 custom_padding =\u201d|||\u201d global_colors_info=\u201d{}\u201d custom_padding__hover=\u201d|||\u201d][et_pb_row_inner _builder_version=\u201d4.16\u2033 global_colors_info=\u201d{}\u201d][et_pb_column_inner save_specialty_column_type=\u201d2_3\u2033 _builder_version=\u201d4.16\u2033 custom_padding=\u201d|||\u201d global_colors_info=\u201d{}\u201d custom_padding__hover=\u201d|||\u201d][et_pb_ca_breadcrumb enable_on=\u201don|on|\u201d _builder_version=\u201d4.16\u2033 vertical_offset_tablet=\u201d0\u2033 horizontal_offset_tablet=\u201d0\u2033 z_index_tablet=\u201d0\u2033 module_text_shadow_horizontal_length_tablet=\u201d0px\u201d module_text_shadow_vertical_length_tablet=\u201d0px\u201d module_text_shadow_blur_strength_tablet=\u201d1px\u201d border_width_bottom=\u201d1px\u201d border_color_bottom=\u201d #d0d3d7\u2033 box_shadow_horizontal_tablet=\u201d0px\u201d box_shadow_vertical_tablet=\u201d0px\u201d box_shadow_blur_tablet=\u201d40px\u201d box_shadow_spread_tablet=\u201d0px\u201d text_shadow_horizontal_length_tablet=\u201d0px\u201d text_shadow_vertical_length_tablet=\u201d0px\u201d text_shadow_blur_strength_tablet=\u201d1px\u201d lock=\u201don\u201d global_colors_info=\u201d{}\u201d][\/et_pb_ca_breadcrumb][ et_pb_text admin_label= \u201dContenido principal\u201d _builder_version=\u201d4.23.1\u2033 vertical_offset_tablet=\u201d0\u2033 horizontal_offset_tablet=\u201d0\u2033 z_index_tablet=\u201d0\u2033 text_text_shadow_horizontal_length_tablet=\u201d0px\u201d text_text_shadow_vertical_length_tablet=\u201d0px\u201d text_text_shadow_blur_strength_tablet=\u201d1px\u201d link_text_shadow_horizontal_length_ tableta =\u201d0px\u201d link_text_shadow_vertical_length_tablet =\u201d0px \u201d link_text_shadow_blur_strength_tablet=\u201d1px\u201d ul_text_shadow_horizontal_length_tablet=\u201d0px\u201d ul_text_shadow_vertical_length_tablet=\u201d0px\u201d ul_text_shadow_blur_strength_tablet=\u201d1px\u201d ol_text_shadow_horizontal_length_tablet=\u201d0px\u201d ol_text_shadow_vertical_length_tablet=\u201d0px\u201d ol_text_shadow_blur_strength_tablet=\u201d1px\u201d quote_text_shadow_horizontal_length_tablet=\u201d0px\u201d quote_text_shadow_vertical_length_tablet=\u201d0px\u201d quote_text_shadow_blur_strength_tablet=\u201d1px \u201d header_text_shadow_horizontal_length_tablet=\u201d0px\u201d header_text_shadow_vertical_length_tablet=\u201d0px\u201d header_text_shadow_blur_strength_tablet=\u201d1px\u201d header_2_text_shadow_horizontal_length_tablet=\u201d0px\u201d header_2_text_shadow_vertical_length_tablet=\u201d0px\u201d header_2_text_shadow_blur_strength_tablet=\u201d1px\u201d header_3_text_shadow_horizontal_length_tablet=\u201d0px\u201d header_3_text_shadow_vertical_length_tablet=\u201d0px\u201d header_3_text_shadow_blur_strength_tablet=\u201d1px\u201d header_4_text_shadow_horizontal_length_tablet=\u201d0px \u201d header_4_text_shadow_vertical_length_tablet=\u201d0px\u201d header_4_text_shadow_blur_strength_tablet=\u201d1px\u201d header_5_text_shadow_horizontal_length_tablet=\u201d0px\u201d header_5_text_shadow_vertical_length_tablet=\u201d0px\u201d header_5_text_shadow_blur_strength_tablet=\u201d1px\u201d header_6_text_shadow_horizontal_length_tablet t=\u201d0px\u201d header_6_text_shadow_vertical_length_tablet=\u201d0px\u201d header_6_text_shadow_blur_strength_tablet=\u201d1px\u201d box_shadow_horizontal_tablet=\u201d0px\u201d box_shadow_vertical_tablet=\u201d0px \u201d box_shadow_blur_tablet=\u201d40px\u201d box_shadow_spread_tablet=\u201d0px\u201d global_colors_info=\u201d{}\u201d]<\/p>\n<h1>Pol\u00edtica de conflictos de intereses de la organizaci\u00f3n<\/h1>\n<p>La Autoridad de Ferrocarriles de Alta Velocidad de California adopt\u00f3 una Pol\u00edtica de Conflicto de Intereses Organizacionales en septiembre de 2011 que prescribe est\u00e1ndares \u00e9ticos de conducta aplicables a personas o entidades que celebren contratos con la Autoridad de Ferrocarriles de Alta Velocidad de California seg\u00fan lo autorizado en la secci\u00f3n 185000 et seq. del C\u00f3digo de Servicios P\u00fablicos de California y se aplica tanto a los subcontratistas como a los contratistas principales. Esta Pol\u00edtica es complementaria al C\u00f3digo de Conflicto de Intereses general de la Autoridad y no modifica ni reemplaza ning\u00fan requisito en ese C\u00f3digo.<\/p>\n<p>Esta Pol\u00edtica tiene como objetivo lograr lo siguiente: promover la integridad, la competitividad, la transparencia y la equidad en las adquisiciones y contratos de la Autoridad; evitar que los licitantes y proponentes obtengan o parezcan obtener una ventaja competitiva injusta con respecto a las adquisiciones y contratos de la Autoridad; proporcionar orientaci\u00f3n para que los contratistas puedan tomar decisiones informadas mientras realizan negocios con la Autoridad; y proteger los intereses de la Autoridad y la informaci\u00f3n confidencial y sensible sobre el proyecto del tren de alta velocidad.<\/p>\n<p>Adoptada originalmente en 2011, esta pol\u00edtica se actualiz\u00f3 posteriormente en 2023.<\/p>\n<p><a href=\"https:\/\/hsr.ca.gov\/wp-content\/uploads\/2025\/09\/06292023-Organizational-Conflict-of-Interest-Policy-A11Y.pdf\">Pol\u00edtica de conflictos de intereses de la organizaci\u00f3n<\/a><\/p>\n<p>Si tiene alguna pregunta o necesita una determinaci\u00f3n de conflicto de intereses despu\u00e9s de revisar la pol\u00edtica, env\u00ede una solicitud por escrito a la Oficina Legal. <a href=\"mailto:Legal@hsr.ca.gov\">Legal@hsr.ca.gov<\/a> y proporcione la siguiente informaci\u00f3n relativa a la adquisici\u00f3n\/contrato\/tema de su consulta:<\/p>\n<ol>\n<li>Un resumen de cada uno de los contratos actuales y anteriores de su empresa con la Autoridad, ya sea como consultor o subconsultor, incluyendo el estado (abierto\/cerrado\/fecha de vencimiento); incluya la(s) secci\u00f3n(es) del proyecto, si corresponde.<\/li>\n<li>Una breve descripci\u00f3n del alcance del trabajo para los contratos actuales y anteriores identificados anteriormente, incluyendo tareas, entregables y funciones clave del personal, si corresponde.<\/li>\n<li>Una breve descripci\u00f3n del trabajo, las tareas, los entregables y cualquier funci\u00f3n clave que su empresa espera desempe\u00f1ar en relaci\u00f3n con el contrato o la adquisici\u00f3n previstos; si el alcance del trabajo a\u00fan no es definitivo, proporcione la mayor cantidad de informaci\u00f3n posible sobre el alcance del trabajo previsto\/probable.<\/li>\n<li>Una declaraci\u00f3n que indique si su empresa o sus directivos\/empleados tuvieron alg\u00fan papel en la elaboraci\u00f3n del contrato previsto, la adquisici\u00f3n o el alcance del trabajo.<\/li>\n<li>Una declaraci\u00f3n sobre si su empresa o sus directivos\/empleados han tenido conocimiento, recibido o estado al tanto de alguna informaci\u00f3n no p\u00fablica relativa al alcance del trabajo, el contenido o el desarrollo del contrato o la adquisici\u00f3n previstos.<\/li>\n<li>Informaci\u00f3n sobre el tipo de entidad y\/o estructura corporativa de su empresa (por ejemplo, sociedad de responsabilidad limitada, empresa individual, sociedad an\u00f3nima, etc.). Si procede, indique si es una filial de otra empresa y\/o si pertenece, total o parcialmente, a otro consultor que trabaja en el proyecto.<\/li>\n<li>Si su empresa tiene previsto solicitar trabajos relacionados con otras licitaciones existentes o futuras de la Autoridad, proporcione informaci\u00f3n sobre la(s) licitaci\u00f3n(es) y el alcance del trabajo que probablemente realizar\u00eda su empresa.<\/li>\n<li>Cualquier otra informaci\u00f3n y\/o documentos que considere relevantes para este an\u00e1lisis, incluyendo informaci\u00f3n sobre otros proyectos p\u00fablicos en los que su empresa participa y que puedan afectar a la Autoridad o al Proyecto (LA Union Station, expansi\u00f3n de ACE, TJPA, etc.).<\/li>\n<\/ol>\n<p>Las resoluciones se emiten normalmente en un plazo de 1 a 2 semanas; sin embargo, el tiempo de tramitaci\u00f3n puede ser mayor dependiendo de la complejidad de la solicitud.<\/p>\n<p>&nbsp;<\/p>\n<p>[\/et_pb_text][\/et_pb_column_inner][\/et_pb_row_inner][\/et_pb_column][et_pb_column type=&#8221;1_3&#8243; _builder_version=&#8221;4.16&#8243; custom_padding=&#8221;|||&#8221; global_colors_info=&#8221;{}&#8221; custom_padding__hover=&#8221;|||&#8221;][et_pb_divider color=&#8221;#007fad&#8221; admin_label=&#8221;Sidebar Spacer&#8221; _builder_version=&#8221;4.16&#8243; background_color=&#8221;#007fad&#8221; vertical_offset_tablet=&#8221;0&#8243; horizontal_offset_tablet=&#8221;0&#8243; custom_margin=&#8221;||0px|&#8221; custom_padding=&#8221;7rem|||&#8221; custom_padding_tablet=&#8221;0px|||&#8221; custom_padding_phone=&#8221;&#8221; custom_padding_last_edited=&#8221;on|desktop&#8221; z_index_tablet=&#8221;0&#8243; box_shadow_horizontal_tablet=&#8221;0px&#8221; box_shadow_vertical_tablet=&#8221;0px&#8221; box_shadow_blur_tablet=&#8221;40px&#8221; box_shadow_spread_tablet=&#8221;0px&#8221; locked=&#8221;on&#8221; global_colors_info=&#8221;{}&#8221;][\/et_pb_divider][et_pb_ca_siblingPages _builder_version=&#8221;4.16&#8243; background_color=&#8221;#007fad&#8221; vertical_offset_tablet=&#8221;0&#8243; horizontal_offset_tablet=&#8221;0&#8243; custom_padding=&#8221;1rem|1rem|1rem|1rem&#8221; z_index_tablet=&#8221;0&#8243; custom_css_main_element=&#8221;margin-bottom: 0 !important;&#8221; module_text_shadow_horizontal_length_tablet=&#8221;0px&#8221; module_text_shadow_vertical_length_tablet=&#8221;0px&#8221; module_text_shadow_blur_strength_tablet=&#8221;1px&#8221; box_shadow_horizontal_tablet=&#8221;0px&#8221; box_shadow_vertical_tablet=&#8221;0px&#8221; box_shadow_blur_tablet=&#8221;40px&#8221; box_shadow_spread_tablet=&#8221;0px&#8221; text_shadow_horizontal_length_tablet=&#8221;0px&#8221; text_shadow_vertical_length_tablet=&#8221;0px&#8221; text_shadow_blur_strength_tablet=&#8221;1px&#8221; locked=&#8221;on&#8221; global_colors_info=&#8221;{}&#8221;][\/et_pb_ca_siblingPages][et_pb_text admin_label=&#8221;Sidebar &#8211; Business Opp Resources&#8221; _builder_version=&#8221;4.7.7&#8243; header_2_font=&#8221;|700||on|||||&#8221; header_2_font_size=&#8221;20px&#8221; vertical_offset_tablet=&#8221;0&#8243; horizontal_offset_tablet=&#8221;0&#8243; z_index_tablet=&#8221;0&#8243; text_text_shadow_horizontal_length_tablet=&#8221;0px&#8221; text_text_shadow_vertical_length_tablet=&#8221;0px&#8221; text_text_shadow_blur_strength_tablet=&#8221;1px&#8221; link_text_shadow_horizontal_length_tablet=&#8221;0px&#8221; link_text_shadow_vertical_length_tablet=&#8221;0px&#8221; link_text_shadow_blur_strength_tablet=&#8221;1px&#8221; ul_text_shadow_horizontal_length_tablet=&#8221;0px&#8221; ul_text_shadow_vertical_length_tablet=&#8221;0px&#8221; ul_text_shadow_blur_strength_tablet=&#8221;1px&#8221; ol_text_shadow_horizontal_length_tablet=&#8221;0px&#8221; ol_text_shadow_vertical_length_tablet=&#8221;0px&#8221; ol_text_shadow_blur_strength_tablet=&#8221;1px&#8221; quote_text_shadow_horizontal_length_tablet=&#8221;0px&#8221; quote_text_shadow_vertical_length_tablet=&#8221;0px&#8221; quote_text_shadow_blur_strength_tablet=&#8221;1px&#8221; header_text_shadow_horizontal_length_tablet=&#8221;0px&#8221; header_text_shadow_vertical_length_tablet=&#8221;0px&#8221; header_text_shadow_blur_strength_tablet=&#8221;1px&#8221; header_2_text_shadow_horizontal_length_tablet=&#8221;0px&#8221; header_2_text_shadow_vertical_length_tablet=&#8221;0px&#8221; header_2_text_shadow_blur_strength_tablet=&#8221;1px&#8221; header_3_text_shadow_horizontal_length_tablet=&#8221;0px&#8221; header_3_text_shadow_vertical_length_tablet=&#8221;0px&#8221; header_3_text_shadow_blur_strength_tablet=&#8221;1px&#8221; header_4_text_shadow_horizontal_length_tablet=&#8221;0px&#8221; header_4_text_shadow_vertical_length_tablet=&#8221;0px&#8221; header_4_text_shadow_blur_strength_tablet=&#8221;1px&#8221; header_5_text_shadow_horizontal_length_tablet=&#8221;0px&#8221; header_5_text_shadow_vertical_length_tablet=&#8221;0px&#8221; header_5_text_shadow_blur_strength_tablet=&#8221;1px&#8221; header_6_text_shadow_horizontal_length_tablet=&#8221;0px&#8221; header_6_text_shadow_vertical_length_tablet=&#8221;0px&#8221; header_6_text_shadow_blur_strength_tablet=&#8221;1px&#8221; box_shadow_horizontal_tablet=&#8221;0px&#8221; box_shadow_vertical_tablet=&#8221;0px&#8221; box_shadow_blur_tablet=&#8221;40px&#8221; box_shadow_spread_tablet=&#8221;0px&#8221; global_module=&#8221;10002&#8243; saved_tabs=&#8221;all&#8221; locked=&#8221;off&#8221; global_colors_info=&#8221;{}&#8221;]<\/p>\n<h2>Recursos<\/h2>\n<ul>\n<li><a href=\"https:\/\/caleprocure.ca.gov\/pages\/\">Cal eProcure<\/a><\/li>\n<li><a href=\"https:\/\/hsr.ca.gov\/es\/business-opportunities\/small-business-program\/\">Programa para peque\u00f1as empresas<\/a><\/li>\n<li><a href=\"https:\/\/hsr.ca.gov\/es\/employment\/design-builder-jobs-employment\/\">Trabajos \/ Empleo de Design-Builder<\/a><\/li>\n<li><a href=\"https:\/\/hsr.ca.gov\/es\/contracts-out-for-bid\/\">Contratos de construcci\u00f3n<\/a><\/li>\n<\/ul>\n<p>[\/et_pb_text][et_pb_text admin_label=&#8221;Sidebar &#8211; Office of Chief Counsel Contact&#8221; _builder_version=&#8221;4.9.3&#8243; _module_preset=&#8221;default&#8221; global_module=&#8221;45225&#8243; saved_tabs=&#8221;all&#8221; global_colors_info=&#8221;{}&#8221;]<\/p>\n<p><strong>Oficina del Asesor Jur\u00eddico Principal<\/strong><br \/>(916) 908-1233<br \/><a href=\"mailto:Legal@hsr.ca.gov\">Legal@hsr.ca.gov<\/a><\/p>\n<p>[\/et_pb_text][\/et_pb_column][\/et_pb_section][et_pb_section fb_built=&#8221;1&#8243; admin_label=&#8221;Global Footer&#8221; module_class=&#8221;section-primary&#8221; _builder_version=&#8221;4.16&#8243; background_color=&#8221;#22407d&#8221; vertical_offset_tablet=&#8221;0&#8243; horizontal_offset_tablet=&#8221;0&#8243; z_index_tablet=&#8221;0&#8243; box_shadow_horizontal_tablet=&#8221;0px&#8221; box_shadow_vertical_tablet=&#8221;0px&#8221; box_shadow_blur_tablet=&#8221;40px&#8221; box_shadow_spread_tablet=&#8221;0px&#8221; global_module=&#8221;1188&#8243; locked=&#8221;off&#8221; collapsed=&#8221;off&#8221; global_colors_info=&#8221;{}&#8221;][et_pb_row admin_label=&#8221;Row&#8221; _builder_version=&#8221;4.16&#8243; background_size=&#8221;initial&#8221; background_position=&#8221;top_left&#8221; background_repeat=&#8221;repeat&#8221; collapsed=&#8221;on&#8221; global_colors_info=&#8221;{}&#8221;][et_pb_column type=&#8221;4_4&#8243; _builder_version=&#8221;4.16&#8243; custom_padding=&#8221;|||&#8221; global_colors_info=&#8221;{}&#8221; custom_padding__hover=&#8221;|||&#8221;][et_pb_text admin_label=&#8221;Footer Buttons&#8221; _builder_version=&#8221;4.23.1&#8243; vertical_offset_tablet=&#8221;0&#8243; horizontal_offset_tablet=&#8221;0&#8243; text_orientation=&#8221;center&#8221; z_index_tablet=&#8221;0&#8243; text_text_shadow_horizontal_length_tablet=&#8221;0px&#8221; text_text_shadow_vertical_length_tablet=&#8221;0px&#8221; text_text_shadow_blur_strength_tablet=&#8221;1px&#8221; link_text_shadow_horizontal_length_tablet=&#8221;0px&#8221; link_text_shadow_vertical_length_tablet=&#8221;0px&#8221; link_text_shadow_blur_strength_tablet=&#8221;1px&#8221; ul_text_shadow_horizontal_length_tablet=&#8221;0px&#8221; ul_text_shadow_vertical_length_tablet=&#8221;0px&#8221; ul_text_shadow_blur_strength_tablet=&#8221;1px&#8221; ol_text_shadow_horizontal_length_tablet=&#8221;0px&#8221; ol_text_shadow_vertical_length_tablet=&#8221;0px&#8221; ol_text_shadow_blur_strength_tablet=&#8221;1px&#8221; quote_text_shadow_horizontal_length_tablet=&#8221;0px&#8221; quote_text_shadow_vertical_length_tablet=&#8221;0px&#8221; quote_text_shadow_blur_strength_tablet=&#8221;1px&#8221; header_text_shadow_horizontal_length_tablet=&#8221;0px&#8221; header_text_shadow_vertical_length_tablet=&#8221;0px&#8221; header_text_shadow_blur_strength_tablet=&#8221;1px&#8221; header_2_text_shadow_horizontal_length_tablet=&#8221;0px&#8221; header_2_text_shadow_vertical_length_tablet=&#8221;0px&#8221; header_2_text_shadow_blur_strength_tablet=&#8221;1px&#8221; header_3_text_shadow_horizontal_length_tablet=&#8221;0px&#8221; header_3_text_shadow_vertical_length_tablet=&#8221;0px&#8221; header_3_text_shadow_blur_strength_tablet=&#8221;1px&#8221; header_4_text_shadow_horizontal_length_tablet=&#8221;0px&#8221; header_4_text_shadow_vertical_length_tablet=&#8221;0px&#8221; header_4_text_shadow_blur_strength_tablet=&#8221;1px&#8221; header_5_text_shadow_horizontal_length_tablet=&#8221;0px&#8221; header_5_text_shadow_vertical_length_tablet=&#8221;0px&#8221; header_5_text_shadow_blur_strength_tablet=&#8221;1px&#8221; header_6_text_shadow_horizontal_length_tablet=&#8221;0px&#8221; header_6_text_shadow_vertical_length_tablet=&#8221;0px&#8221; header_6_text_shadow_blur_strength_tablet=&#8221;1px&#8221; box_shadow_horizontal_tablet=&#8221;0px&#8221; box_shadow_vertical_tablet=&#8221;0px&#8221; box_shadow_blur_tablet=&#8221;40px&#8221; box_shadow_spread_tablet=&#8221;0px&#8221; global_colors_info=&#8221;{}&#8221;]<\/p>\n<ul class=\"list-inline\" style=\"padding-left:-2em\">\n<li><a class=\"btn btn-secondary\" style=\"color: #555555;text-decoration: none\" href=\"https:\/\/registertovote.ca.gov\/\">Registrarse para votar<\/a><\/li>\n<li><a class=\"btn btn-secondary\" style=\"color: #555555;text-decoration: none\" href=\"https:\/\/www.dmv.ca.gov\/portal\/dmv\/detail\/realid\">ID REAL<\/a><\/li>\n<\/ul>\n<p>[\/et_pb_text][et_pb_text admin_label=\u201dPie de p\u00e1gina 508 y derechos de autor\u201d _builder_version=\u201d4.23.1\u2033 vertical_offset_tablet=\u201d0\u2033 horizontal_offset_tablet=\u201d0\u2033 text_orientation=\u201dcenter\u201d max_width=\u201d630px\u201d module_alignment=\u201dcenter\u201d custom_margin=\u201d|||2em|false|false\u201d custom_padding=\u201d|||2em|false|false\u201d z_index_tablet=\u201d0\u2033 text_text_shadow_horizontal_length_tablet=\u201d0px\u201d text_text_shadow_vertical_length_tablet=\u201d0px\u201d text_text_shadow_blur_strength_tablet=\u201d1px\u201d link_text_shadow_horizontal_length_tablet=\u201d0px\u201d link_text_shadow_vertical_length_tablet=\u201d0px\u201d link_text_shadow_blur_strength_tablet=\u201d1px\u201d ul_text_shadow_horizontal_length_tablet=\u201d0px\u201d ul_text_shadow_vertical_length_tablet=\u201d0px\u201d ul_text_shadow_blur_strength_tablet=\u201d1px\u201d ol_text_shadow_horizontal_length_tablet=\u201d0px\u201d ol_text_shadow_vertical_length_tablet=\u201d0px\u201d ol_text_shadow_blur_strength_tablet=\u201d1px\u201d quote_text_shadow_horizontal_length_tablet=\u201d0px\u201d quote_text_shadow_vertical_length_tablet=\u201d0px\u201d quote_text_shadow_blur_strength_tablet=\u201d1px\u201d header_text_shadow_horizontal_length_tablet=\u201d0px\u201d header_text_shadow_vertical_length_tablet=\u201d0px\u201d header_text_shadow_blur_strength_tablet=\u201d1px\u201d header_2_text_shadow_horizontal_length_tablet=\u201d0px\u201d header_2_text_shadow_vertical_length_tablet=\u201d0px\u201d header_2_text_shadow_blur_strength_tablet=\u201d1px\u201d header_3_text_shadow_horizontal_length_tablet=\u201d0px\u201d header_3_text_shadow_vertical_length_tablet=\u201d0px\u201d header_3_text_shadow_blur_strength_tablet=\u201d1px\u201d header_4_text_shadow_horizontal_length_tablet=\u201d0px\u201d header_4_text_shadow_vertical_length_tablet=\u201d0px\u201d header_4_text_shadow_blur_strength_tablet=\u201d1px\u201d La Autoridad de Ferrocarriles de Alta Velocidad de California hace todo lo posible para garantizar que el sitio web y su contenido cumplan con los requisitos obligatorios de la ADA seg\u00fan el est\u00e1ndar de Nivel AA de las Pautas de Accesibilidad al Contenido Web 2.0 del Estado de California. Si busca un documento espec\u00edfico que no se encuentra en el sitio web de la Autoridad de Ferrocarriles de Alta Velocidad de California, puede solicitarlo conforme a la Ley de Registros P\u00fablicos a trav\u00e9s de la p\u00e1gina de la Ley de Registros P\u00fablicos. Si tiene alguna pregunta sobre el sitio web o su contenido, comun\u00edquese con la Autoridad en <a href=\"mailto:info@hsr.ca.gov\" style=\"display:inline\">info@hsr.ca.gov<\/a>.[\/et_pb_text][\/et_pb_column][\/et_pb_row][\/et_pb_section]<\/p>","protected":false},"excerpt":{"rendered":"<p>Organizational Conflict of Interest Policy The California High-Speed Rail Authority adopted an Organizational Conflict of Interest Policy in September 2011 which prescribes ethical standards of conduct applicable to persons or entities entering into contracts with the California High-Speed Rail Authority as authorized under section 185000 et seq. of the California Public Utilities Code, and applies [&hellip;]<\/p>","protected":false},"author":35,"featured_media":0,"parent":9793,"menu_order":64,"comment_status":"closed","ping_status":"closed","template":"","meta":{"_et_pb_use_builder":"on","_et_pb_old_content":"","_et_gb_content_width":"","_oasis_is_in_workflow":0,"_oasis_original":0,"_oasis_task_priority":"","footnotes":""},"acf":[],"publishpress_future_action":{"enabled":false,"date":"1969-12-31 16:00:00","action":"","terms":[],"taxonomy":"","browser_timezone_offset":0},"_links":{"self":[{"href":"https:\/\/hsr.ca.gov\/es\/wp-json\/wp\/v2\/pages\/10033"}],"collection":[{"href":"https:\/\/hsr.ca.gov\/es\/wp-json\/wp\/v2\/pages"}],"about":[{"href":"https:\/\/hsr.ca.gov\/es\/wp-json\/wp\/v2\/types\/page"}],"author":[{"embeddable":true,"href":"https:\/\/hsr.ca.gov\/es\/wp-json\/wp\/v2\/users\/35"}],"replies":[{"embeddable":true,"href":"https:\/\/hsr.ca.gov\/es\/wp-json\/wp\/v2\/comments?post=10033"}],"version-history":[{"count":17,"href":"https:\/\/hsr.ca.gov\/es\/wp-json\/wp\/v2\/pages\/10033\/revisions"}],"predecessor-version":[{"id":71771,"href":"https:\/\/hsr.ca.gov\/es\/wp-json\/wp\/v2\/pages\/10033\/revisions\/71771"}],"up":[{"embeddable":true,"href":"https:\/\/hsr.ca.gov\/es\/wp-json\/wp\/v2\/pages\/9793"}],"wp:attachment":[{"href":"https:\/\/hsr.ca.gov\/es\/wp-json\/wp\/v2\/media?parent=10033"}],"curies":[{"name":"wp","href":"https:\/\/api.w.org\/{rel}","templated":true}]}}