{"id":10649,"date":"2020-12-29T14:50:23","date_gmt":"2020-12-29T22:50:23","guid":{"rendered":"https:\/\/hsr.ca.gov\/?page_id=10649"},"modified":"2026-01-29T09:34:36","modified_gmt":"2026-01-29T17:34:36","slug":"consultation-policy-and-guidance","status":"publish","type":"page","link":"https:\/\/hsr.ca.gov\/es\/program-areas\/cultural-resources\/tribal-relations\/consultation-policy-and-guidance\/","title":{"rendered":"Pol\u00edtica y orientaci\u00f3n de consultas"},"content":{"rendered":"<p>[et_pb_section fb_built=\u201d1\u2033 especialidad=\u201don\u201d padding_top_1=\u201d0px\u201d padding_top_2=\u201d0px\u201d _builder_version=\u201d4.16\u2033 vertical_offset_tablet=\u201d0\u2033 horizontal_offset_tablet=\u201d0\u2033 custom_margin=\u201d0px|||\u201d custom_padding=\u201d0px|||\u201d z_index_tablet=\u201d0\u2033 box_shadow_horizontal_tablet=\u201d0px\u201d box_shadow_vertical_tablet=\u201d0px\u201d box_shadow_blur_tablet=\u201d40px\u201d box_shadow_spread_tablet=\u201d0px\u201d global_colors_info=\u201d{}\u201d][et_pb_column type=\u201d2_3\u2033 especialidad_columns=\u201d4\u2033 _builder_version=\u201d4.16\u2033 custom_padding =\u201d|||\u201d global_colors_info=\u201d{}\u201d custom_padding__hover=\u201d|||\u201d][et_pb_row_inner _builder_version=\u201d4.16\u2033 global_colors_info=\u201d{}\u201d][et_pb_column_inner save_specialty_column_type=\u201d2_3\u2033 _builder_version=\u201d4.16\u2033 custom_padding=\u201d|||\u201d global_colors_info=\u201d{}\u201d custom_padding__hover=\u201d|||\u201d][et_pb_ca_breadcrumb enable_on=\u201don|on|\u201d _builder_version=\u201d4.16\u2033 vertical_offset_tablet=\u201d0\u2033 horizontal_offset_tablet=\u201d0\u2033 z_index_tablet=\u201d0\u2033 module_text_shadow_horizontal_length_tablet=\u201d0px\u201d module_text_shadow_vertical_length_tablet=\u201d0px\u201d module_text_shadow_blur_strength_tablet=\u201d1px\u201d border_width_bottom=\u201d1px\u201d border_color_bottom=\u201d #d0d3d7\u2033 box_shadow_horizontal_tablet=\u201d0px\u201d box_shadow_vertical_tablet=\u201d0px\u201d box_shadow_blur_tablet=\u201d40px\u201d box_shadow_spread_tablet=\u201d0px\u201d text_shadow_horizontal_length_tablet=\u201d0px\u201d text_shadow_vertical_length_tablet=\u201d0px\u201d text_shadow_blur_strength_tablet=\u201d1px\u201d lock=\u201don\u201d global_colors_info=\u201d{}\u201d][\/et_pb_ca_breadcrumb][ et_pb_text admin_label= \u201dContenido principal\u201d _builder_version=\u201d4.16\u2033 vertical_offset_tablet=\u201d0\u2033 horizontal_offset_tablet=\u201d0\u2033 z_index_tablet=\u201d0\u2033 text_text_shadow_horizontal_length_tablet=\u201d0px\u201d text_text_shadow_vertical_length_tablet=\u201d0px\u201d text_text_shadow_blur_strength_tablet=\u201d1px\u201d link_text_shadow_horizontal_length_tablet =\u201d0px\u201d link_text_shadow_vertical_length_tablet =\u201d0px\u201d link_text_shadow_blur_strength_tablet =\u201d1px\u201d ul_text_shadow_horizontal_length_tablet=\u201d0px\u201d ul_text_shadow_vertical_length_tablet=\u201d0px\u201d ul_text_shadow_blur_strength_tablet=\u201d1px\u201d ol_text_shadow_horizontal_length_tablet=\u201d0px\u201d ol_text_shadow_vertical_length_tablet=\u201d0px\u201d ol_text_shadow_blur_strength_tablet=\u201d 1px\u201d quote_text_shadow_horizontal_length_tablet=\u201d0px\u201d quote_text_shadow_vertical_length_tablet=\u201d0px\u201d quote_text_shadow_blur_strength_tablet=\u201d1px\u201d header_text_shadow_horizontal_length_tablet =\u201d0px\u201d header_text_shadow_vertical_length_tablet=\u201d0px\u201d header_text_shadow_blur_strength_tablet=\u201d1px\u201d header_2_text_shadow_horizontal_length_tablet=\u201d0px\u201d header_2_text_shadow_vertical_length_tablet=\u201d0px\u201d header_2_text_shadow_blur_strength_tablet=\u201d1px\u201d header_3_text_shadow_horizontal_length_tablet =\u201d0px\u201d header_3_text_shadow_vertical_length_tablet=\u201d0px\u201d header_3_text_shadow_blur_strength_tablet=\u201d1px\u201d header_4_text_shadow_horizontal_length_tablet=\u201d0px\u201d header_4_text_shadow_vertical_length_tablet =\u201d0px\u201d header_4_text_shadow_blur_strength_tablet=\u201d1px\u201d header_5_text_shadow_horizontal_length_tablet=\u201d0px\u201d header_5_text_shadow_vertical_length_tablet=\u201d0px\u201d header_5_text_shadow_blur_strength_tablet=\u201d1px\u201d header_6_text_shadow_horizontal_length_tablet=\u201d0px\u201d header_6_text_shadow_vertical_ length_tablet=\u201d0px\u201d header_6_text_shadow_blur_strength_tablet=\u201d1px\u201d box_shadow_horizontal_tablet=\u201d0px\u201d box_shadow_vertical_tablet=\u201d0px\u201d box_shadow_blur_tablet =\u201d40px\u201d box_shadow_spread_tablet=\u201d0px\u201d global_colors_info=\u201d{}\u201d]<\/p>\n<h1>Pol\u00edtica y orientaci\u00f3n de consultas<\/h1>\n<p>De acuerdo con el gobernador\u00a0<a href=\"https:\/\/www.ca.gov\/archive\/gov39\/2011\/09\/19\/news17223\/index.html\">Orden ejecutiva B-10-11<\/a>, as\u00ed como los principios rectores para la consulta tribal establecidos por el <a href=\"https:\/\/calsta.ca.gov\/issueareas\/calsta-tribal-relations\/\">Agencia de Transporte del Estado de California (CalSTA)<\/a>, la Autoridad est\u00e1 desarrollando actualmente su propia pol\u00edtica de consulta tribal centrada en el departamento que describir\u00e1 los procedimientos y protocolos para la participaci\u00f3n tribal a lo largo del proceso de planificaci\u00f3n del proyecto ferroviario de alta velocidad para garantizar que las tribus tengan la oportunidad de expresar inquietudes y proporcionar comentarios, as\u00ed como Disponga de tiempo suficiente para considerar cualquier aporte, a medida que se toman las decisiones del proyecto.<\/p>\n<p>La Autoridad agradece las aportaciones de las tribus con respecto al desarrollo de su pol\u00edtica de consulta tribal. Se anima a los representantes tribales a ponerse en contacto con el enlace tribal de la Autoridad con cualquier comentario o sugerencia. La Autoridad tiene la intenci\u00f3n de proporcionar el borrador de la pol\u00edtica de consulta a las tribus y solicitar comentarios de los representantes tribales antes de finalizar su plan de consulta.<\/p>\n<p>[\/et_pb_text][\/et_pb_column_inner][\/et_pb_row_inner][\/et_pb_column][et_pb_column type=&#8221;1_3&#8243; _builder_version=&#8221;4.16&#8243; custom_padding=&#8221;|||&#8221; global_colors_info=&#8221;{}&#8221; custom_padding__hover=&#8221;|||&#8221;][et_pb_divider color=&#8221;#007fad&#8221; admin_label=&#8221;Sidebar Spacer&#8221; _builder_version=&#8221;4.16&#8243; background_color=&#8221;#007fad&#8221; vertical_offset_tablet=&#8221;0&#8243; horizontal_offset_tablet=&#8221;0&#8243; custom_margin=&#8221;||0px|&#8221; custom_padding=&#8221;7rem|||&#8221; custom_padding_tablet=&#8221;0px|||&#8221; custom_padding_phone=&#8221;&#8221; custom_padding_last_edited=&#8221;on|desktop&#8221; z_index_tablet=&#8221;0&#8243; box_shadow_horizontal_tablet=&#8221;0px&#8221; box_shadow_vertical_tablet=&#8221;0px&#8221; box_shadow_blur_tablet=&#8221;40px&#8221; box_shadow_spread_tablet=&#8221;0px&#8221; locked=&#8221;on&#8221; global_colors_info=&#8221;{}&#8221;][\/et_pb_divider][et_pb_ca_siblingPages _builder_version=&#8221;4.16&#8243; background_color=&#8221;#007fad&#8221; vertical_offset_tablet=&#8221;0&#8243; horizontal_offset_tablet=&#8221;0&#8243; custom_padding=&#8221;1rem|1rem|1rem|1rem&#8221; z_index_tablet=&#8221;0&#8243; custom_css_main_element=&#8221;margin-bottom: 0 !important;&#8221; module_text_shadow_horizontal_length_tablet=&#8221;0px&#8221; module_text_shadow_vertical_length_tablet=&#8221;0px&#8221; module_text_shadow_blur_strength_tablet=&#8221;1px&#8221; box_shadow_horizontal_tablet=&#8221;0px&#8221; box_shadow_vertical_tablet=&#8221;0px&#8221; box_shadow_blur_tablet=&#8221;40px&#8221; box_shadow_spread_tablet=&#8221;0px&#8221; text_shadow_horizontal_length_tablet=&#8221;0px&#8221; text_shadow_vertical_length_tablet=&#8221;0px&#8221; text_shadow_blur_strength_tablet=&#8221;1px&#8221; locked=&#8221;on&#8221; global_colors_info=&#8221;{}&#8221;][\/et_pb_ca_siblingPages][et_pb_text admin_label=&#8221;Sidebar- Tribal Contact&#8221; _builder_version=&#8221;4.23.1&#8243; header_2_font=&#8221;|700||on|||||&#8221; header_2_font_size=&#8221;20px&#8221; vertical_offset_tablet=&#8221;0&#8243; horizontal_offset_tablet=&#8221;0&#8243; z_index_tablet=&#8221;0&#8243; text_text_shadow_horizontal_length_tablet=&#8221;0px&#8221; text_text_shadow_vertical_length_tablet=&#8221;0px&#8221; text_text_shadow_blur_strength_tablet=&#8221;1px&#8221; link_text_shadow_horizontal_length_tablet=&#8221;0px&#8221; link_text_shadow_vertical_length_tablet=&#8221;0px&#8221; link_text_shadow_blur_strength_tablet=&#8221;1px&#8221; ul_text_shadow_horizontal_length_tablet=&#8221;0px&#8221; ul_text_shadow_vertical_length_tablet=&#8221;0px&#8221; ul_text_shadow_blur_strength_tablet=&#8221;1px&#8221; ol_text_shadow_horizontal_length_tablet=&#8221;0px&#8221; ol_text_shadow_vertical_length_tablet=&#8221;0px&#8221; ol_text_shadow_blur_strength_tablet=&#8221;1px&#8221; quote_text_shadow_horizontal_length_tablet=&#8221;0px&#8221; quote_text_shadow_vertical_length_tablet=&#8221;0px&#8221; quote_text_shadow_blur_strength_tablet=&#8221;1px&#8221; header_text_shadow_horizontal_length_tablet=&#8221;0px&#8221; header_text_shadow_vertical_length_tablet=&#8221;0px&#8221; header_text_shadow_blur_strength_tablet=&#8221;1px&#8221; header_2_text_shadow_horizontal_length_tablet=&#8221;0px&#8221; header_2_text_shadow_vertical_length_tablet=&#8221;0px&#8221; header_2_text_shadow_blur_strength_tablet=&#8221;1px&#8221; header_3_text_shadow_horizontal_length_tablet=&#8221;0px&#8221; header_3_text_shadow_vertical_length_tablet=&#8221;0px&#8221; header_3_text_shadow_blur_strength_tablet=&#8221;1px&#8221; header_4_text_shadow_horizontal_length_tablet=&#8221;0px&#8221; header_4_text_shadow_vertical_length_tablet=&#8221;0px&#8221; header_4_text_shadow_blur_strength_tablet=&#8221;1px&#8221; header_5_text_shadow_horizontal_length_tablet=&#8221;0px&#8221; header_5_text_shadow_vertical_length_tablet=&#8221;0px&#8221; header_5_text_shadow_blur_strength_tablet=&#8221;1px&#8221; header_6_text_shadow_horizontal_length_tablet=&#8221;0px&#8221; header_6_text_shadow_vertical_length_tablet=&#8221;0px&#8221; header_6_text_shadow_blur_strength_tablet=&#8221;1px&#8221; box_shadow_horizontal_tablet=&#8221;0px&#8221; box_shadow_vertical_tablet=&#8221;0px&#8221; box_shadow_blur_tablet=&#8221;40px&#8221; box_shadow_spread_tablet=&#8221;0px&#8221; global_module=&#8221;10655&#8243; saved_tabs=&#8221;all&#8221; global_colors_info=&#8221;{}&#8221;]<\/p>\n<h2>CONTACTO<\/h2>\n<p><strong>Relaciones tribales<\/strong><br \/>(916) 324-1541<br \/><a href=\"mailto:Info@hsr.ca.gov\">Informaci\u00f3n@hsr.ca.gov<\/a><\/p>\n<p>&nbsp;<\/p>\n<p>[\/et_pb_text][\/et_pb_column][\/et_pb_section][et_pb_section fb_built=&#8221;1&#8243; admin_label=&#8221;Global Footer&#8221; module_class=&#8221;section-primary&#8221; _builder_version=&#8221;4.16&#8243; background_color=&#8221;#22407d&#8221; vertical_offset_tablet=&#8221;0&#8243; horizontal_offset_tablet=&#8221;0&#8243; z_index_tablet=&#8221;0&#8243; box_shadow_horizontal_tablet=&#8221;0px&#8221; box_shadow_vertical_tablet=&#8221;0px&#8221; box_shadow_blur_tablet=&#8221;40px&#8221; box_shadow_spread_tablet=&#8221;0px&#8221; global_module=&#8221;1188&#8243; locked=&#8221;off&#8221; collapsed=&#8221;off&#8221; global_colors_info=&#8221;{}&#8221;][et_pb_row admin_label=&#8221;Row&#8221; _builder_version=&#8221;4.16&#8243; background_size=&#8221;initial&#8221; background_position=&#8221;top_left&#8221; background_repeat=&#8221;repeat&#8221; collapsed=&#8221;on&#8221; global_colors_info=&#8221;{}&#8221;][et_pb_column type=&#8221;4_4&#8243; _builder_version=&#8221;4.16&#8243; custom_padding=&#8221;|||&#8221; global_colors_info=&#8221;{}&#8221; custom_padding__hover=&#8221;|||&#8221;][et_pb_text admin_label=&#8221;Footer Buttons&#8221; _builder_version=&#8221;4.23.1&#8243; vertical_offset_tablet=&#8221;0&#8243; horizontal_offset_tablet=&#8221;0&#8243; text_orientation=&#8221;center&#8221; z_index_tablet=&#8221;0&#8243; text_text_shadow_horizontal_length_tablet=&#8221;0px&#8221; text_text_shadow_vertical_length_tablet=&#8221;0px&#8221; text_text_shadow_blur_strength_tablet=&#8221;1px&#8221; link_text_shadow_horizontal_length_tablet=&#8221;0px&#8221; link_text_shadow_vertical_length_tablet=&#8221;0px&#8221; link_text_shadow_blur_strength_tablet=&#8221;1px&#8221; ul_text_shadow_horizontal_length_tablet=&#8221;0px&#8221; ul_text_shadow_vertical_length_tablet=&#8221;0px&#8221; ul_text_shadow_blur_strength_tablet=&#8221;1px&#8221; ol_text_shadow_horizontal_length_tablet=&#8221;0px&#8221; ol_text_shadow_vertical_length_tablet=&#8221;0px&#8221; ol_text_shadow_blur_strength_tablet=&#8221;1px&#8221; quote_text_shadow_horizontal_length_tablet=&#8221;0px&#8221; quote_text_shadow_vertical_length_tablet=&#8221;0px&#8221; quote_text_shadow_blur_strength_tablet=&#8221;1px&#8221; header_text_shadow_horizontal_length_tablet=&#8221;0px&#8221; header_text_shadow_vertical_length_tablet=&#8221;0px&#8221; header_text_shadow_blur_strength_tablet=&#8221;1px&#8221; header_2_text_shadow_horizontal_length_tablet=&#8221;0px&#8221; header_2_text_shadow_vertical_length_tablet=&#8221;0px&#8221; header_2_text_shadow_blur_strength_tablet=&#8221;1px&#8221; header_3_text_shadow_horizontal_length_tablet=&#8221;0px&#8221; header_3_text_shadow_vertical_length_tablet=&#8221;0px&#8221; header_3_text_shadow_blur_strength_tablet=&#8221;1px&#8221; header_4_text_shadow_horizontal_length_tablet=&#8221;0px&#8221; header_4_text_shadow_vertical_length_tablet=&#8221;0px&#8221; header_4_text_shadow_blur_strength_tablet=&#8221;1px&#8221; header_5_text_shadow_horizontal_length_tablet=&#8221;0px&#8221; header_5_text_shadow_vertical_length_tablet=&#8221;0px&#8221; header_5_text_shadow_blur_strength_tablet=&#8221;1px&#8221; header_6_text_shadow_horizontal_length_tablet=&#8221;0px&#8221; header_6_text_shadow_vertical_length_tablet=&#8221;0px&#8221; header_6_text_shadow_blur_strength_tablet=&#8221;1px&#8221; box_shadow_horizontal_tablet=&#8221;0px&#8221; box_shadow_vertical_tablet=&#8221;0px&#8221; box_shadow_blur_tablet=&#8221;40px&#8221; box_shadow_spread_tablet=&#8221;0px&#8221; global_colors_info=&#8221;{}&#8221;]<\/p>\n<ul class=\"list-inline\" style=\"padding-left:-2em\">\n<li><a class=\"btn btn-secondary\" style=\"color: #555555;text-decoration: none\" href=\"https:\/\/registertovote.ca.gov\/\">Registrarse para votar<\/a><\/li>\n<li><a class=\"btn btn-secondary\" style=\"color: #555555;text-decoration: none\" href=\"https:\/\/www.dmv.ca.gov\/portal\/dmv\/detail\/realid\">ID REAL<\/a><\/li>\n<\/ul>\n<p>[\/et_pb_text][et_pb_text admin_label=\u201dPie de p\u00e1gina 508 y derechos de autor\u201d _builder_version=\u201d4.23.1\u2033 vertical_offset_tablet=\u201d0\u2033 horizontal_offset_tablet=\u201d0\u2033 text_orientation=\u201dcenter\u201d max_width=\u201d630px\u201d module_alignment=\u201dcenter\u201d custom_margin=\u201d|||2em|false|false\u201d custom_padding=\u201d|||2em|false|false\u201d z_index_tablet=\u201d0\u2033 text_text_shadow_horizontal_length_tablet=\u201d0px\u201d text_text_shadow_vertical_length_tablet=\u201d0px\u201d text_text_shadow_blur_strength_tablet=\u201d1px\u201d link_text_shadow_horizontal_length_tablet=\u201d0px\u201d link_text_shadow_vertical_length_tablet=\u201d0px\u201d link_text_shadow_blur_strength_tablet=\u201d1px\u201d ul_text_shadow_horizontal_length_tablet=\u201d0px\u201d ul_text_shadow_vertical_length_tablet=\u201d0px\u201d ul_text_shadow_blur_strength_tablet=\u201d1px\u201d ol_text_shadow_horizontal_length_tablet=\u201d0px\u201d ol_text_shadow_vertical_length_tablet=\u201d0px\u201d ol_text_shadow_blur_strength_tablet=\u201d1px\u201d quote_text_shadow_horizontal_length_tablet=\u201d0px\u201d quote_text_shadow_vertical_length_tablet=\u201d0px\u201d quote_text_shadow_blur_strength_tablet=\u201d1px\u201d header_text_shadow_horizontal_length_tablet=\u201d0px\u201d header_text_shadow_vertical_length_tablet=\u201d0px\u201d header_text_shadow_blur_strength_tablet=\u201d1px\u201d header_2_text_shadow_horizontal_length_tablet=\u201d0px\u201d header_2_text_shadow_vertical_length_tablet=\u201d0px\u201d header_2_text_shadow_blur_strength_tablet=\u201d1px\u201d header_3_text_shadow_horizontal_length_tablet=\u201d0px\u201d header_3_text_shadow_vertical_length_tablet=\u201d0px\u201d header_3_text_shadow_blur_strength_tablet=\u201d1px\u201d header_4_text_shadow_horizontal_length_tablet=\u201d0px\u201d header_4_text_shadow_vertical_length_tablet=\u201d0px\u201d header_4_text_shadow_blur_strength_tablet=\u201d1px\u201d La Autoridad de Ferrocarriles de Alta Velocidad de California hace todo lo posible para garantizar que el sitio web y su contenido cumplan con los requisitos obligatorios de la ADA seg\u00fan el est\u00e1ndar de Nivel AA de las Pautas de Accesibilidad al Contenido Web 2.0 del Estado de California. Si busca un documento espec\u00edfico que no se encuentra en el sitio web de la Autoridad de Ferrocarriles de Alta Velocidad de California, puede solicitarlo conforme a la Ley de Registros P\u00fablicos a trav\u00e9s de la p\u00e1gina de la Ley de Registros P\u00fablicos. Si tiene alguna pregunta sobre el sitio web o su contenido, comun\u00edquese con la Autoridad en <a href=\"mailto:info@hsr.ca.gov\" style=\"display:inline\">info@hsr.ca.gov<\/a>.[\/et_pb_text][\/et_pb_column][\/et_pb_row][\/et_pb_section]<\/p>","protected":false},"excerpt":{"rendered":"<p>Consultation Policy and Guidance Consistent with the governor&#8217;s\u00a0Executive Order B-10-11, as well as the guiding principles for tribal consultation set forth by the California State Transportation Agency (CalSTA), the Authority is currently developing its own department-focused tribal consultation policy that will describe the procedures and protocols for tribal participation throughout the high-speed rail project planning [&hellip;]<\/p>","protected":false},"author":35,"featured_media":0,"parent":2045,"menu_order":23,"comment_status":"closed","ping_status":"closed","template":"","meta":{"_et_pb_use_builder":"on","_et_pb_old_content":"","_et_gb_content_width":"","_oasis_is_in_workflow":0,"_oasis_original":0,"_oasis_task_priority":"","footnotes":""},"acf":[],"publishpress_future_action":{"enabled":false,"date":"1969-12-31 16:00:00","action":"","terms":[],"taxonomy":"","browser_timezone_offset":0},"_links":{"self":[{"href":"https:\/\/hsr.ca.gov\/es\/wp-json\/wp\/v2\/pages\/10649"}],"collection":[{"href":"https:\/\/hsr.ca.gov\/es\/wp-json\/wp\/v2\/pages"}],"about":[{"href":"https:\/\/hsr.ca.gov\/es\/wp-json\/wp\/v2\/types\/page"}],"author":[{"embeddable":true,"href":"https:\/\/hsr.ca.gov\/es\/wp-json\/wp\/v2\/users\/35"}],"replies":[{"embeddable":true,"href":"https:\/\/hsr.ca.gov\/es\/wp-json\/wp\/v2\/comments?post=10649"}],"version-history":[{"count":11,"href":"https:\/\/hsr.ca.gov\/es\/wp-json\/wp\/v2\/pages\/10649\/revisions"}],"predecessor-version":[{"id":71750,"href":"https:\/\/hsr.ca.gov\/es\/wp-json\/wp\/v2\/pages\/10649\/revisions\/71750"}],"up":[{"embeddable":true,"href":"https:\/\/hsr.ca.gov\/es\/wp-json\/wp\/v2\/pages\/2045"}],"wp:attachment":[{"href":"https:\/\/hsr.ca.gov\/es\/wp-json\/wp\/v2\/media?parent=10649"}],"curies":[{"name":"wp","href":"https:\/\/api.w.org\/{rel}","templated":true}]}}