{"id":10688,"date":"2020-12-29T15:33:51","date_gmt":"2020-12-29T23:33:51","guid":{"rendered":"https:\/\/hsr.ca.gov\/?page_id=10688"},"modified":"2026-03-03T10:54:22","modified_gmt":"2026-03-03T18:54:22","slug":"tribal-information-meetings","status":"publish","type":"page","link":"https:\/\/hsr.ca.gov\/es\/program-areas\/cultural-resources\/tribal-relations\/tribal-information-meetings\/","title":{"rendered":"Reuniones de informaci\u00f3n tribal"},"content":{"rendered":"<p>[et_pb_section fb_built=\u201d1\u2033 especialidad=\u201don\u201d padding_top_1=\u201d0px\u201d padding_top_2=\u201d0px\u201d _builder_version=\u201d4.16\u2033 vertical_offset_tablet=\u201d0\u2033 horizontal_offset_tablet=\u201d0\u2033 custom_margin=\u201d0px|||\u201d custom_padding=\u201d0px|||\u201d z_index_tablet=\u201d0\u2033 box_shadow_horizontal_tablet=\u201d0px\u201d box_shadow_vertical_tablet=\u201d0px\u201d box_shadow_blur_tablet=\u201d40px\u201d box_shadow_spread_tablet=\u201d0px\u201d global_colors_info=\u201d{}\u201d][et_pb_column type=\u201d2_3\u2033 especialidad_columns=\u201d4\u2033 _builder_version=\u201d4.16\u2033 custom_padding =\u201d|||\u201d global_colors_info=\u201d{}\u201d custom_padding__hover=\u201d|||\u201d][et_pb_row_inner _builder_version=\u201d4.16\u2033 global_colors_info=\u201d{}\u201d][et_pb_column_inner save_specialty_column_type=\u201d2_3\u2033 _builder_version=\u201d4.16\u2033 custom_padding=\u201d|||\u201d global_colors_info=\u201d{}\u201d custom_padding__hover=\u201d|||\u201d][et_pb_ca_breadcrumb enable_on=\u201don|on|\u201d _builder_version=\u201d4.16\u2033 vertical_offset_tablet=\u201d0\u2033 horizontal_offset_tablet=\u201d0\u2033 z_index_tablet=\u201d0\u2033 module_text_shadow_horizontal_length_tablet=\u201d0px\u201d module_text_shadow_vertical_length_tablet=\u201d0px\u201d module_text_shadow_blur_strength_tablet=\u201d1px\u201d border_width_bottom=\u201d1px\u201d border_color_bottom=\u201d #d0d3d7\u2033 box_shadow_horizontal_tablet=\u201d0px\u201d box_shadow_vertical_tablet=\u201d0px\u201d box_shadow_blur_tablet=\u201d40px\u201d box_shadow_spread_tablet=\u201d0px\u201d text_shadow_horizontal_length_tablet=\u201d0px\u201d text_shadow_vertical_length_tablet=\u201d0px\u201d text_shadow_blur_strength_tablet=\u201d1px\u201d lock=\u201don\u201d global_colors_info=\u201d{}\u201d][\/et_pb_ca_breadcrumb][ et_pb_text admin_label= \u201dContenido principal\u201d _builder_version=\u201d4.23.1\u2033 vertical_offset_tablet=\u201d0\u2033 horizontal_offset_tablet=\u201d0\u2033 hover_enabled=\u201d0\u2033 z_index_tablet=\u201d0\u2033 text_text_shadow_horizontal_length_tablet=\u201d0px\u201d text_text_shadow_vertical_length_tablet=\u201d0px\u201d text_text_shadow_blur_strength_tablet=\u201d1px\u201d link_text_ sombra_horizontal_length_tablet=\u201d0px \u201d link_text_shadow_vertical_length_tablet=\u201d0px\u201d link_text_shadow_blur_strength_tablet=\u201d1px\u201d ul_text_shadow_horizontal_length_tablet=\u201d0px\u201d ul_text_shadow_vertical_length_tablet=\u201d0px\u201d ul_text_shadow_blur_strength_tablet=\u201d1px\u201d ol_text_shadow_horizontal_length_tablet=\u201d0px\u201d ol _text_shadow_vertical_length_tablet=\u201d0px\u201d ol_text_shadow_blur_strength_tablet=\u201d1px\u201d quote_text_shadow_horizontal_length_tablet=\u201d0px\u201d quote_text_shadow_vertical_length_tablet=\u201d0px \u201d quote_text_shadow_blur_strength_tablet=\u201d1px\u201d header_text_shadow_horizontal_length_tablet=\u201d0px\u201d header_text_shadow_vertical_length_tablet=\u201d0px\u201d header_text_shadow_blur_strength_tablet=\u201d1px\u201d header_2_text_shadow_horizontal_length_tablet=\u201d0px\u201d header_2_text_shadow_vertical_length_tablet=\u201d0px\u201d header_ 2_text_shadow_blur_strength_tablet=\u201d1px\u201d header_3_text_shadow_horizontal_length_tablet=\u201d0px\u201d header_3_text_shadow_vertical_length_tablet=\u201d0px\u201d header_3_text_shadow_blur_strength_tablet=\u201d1px \u201d header_4_text_shadow_horizontal_length_tablet=\u201d0px\u201d header_4_text_shadow_vertical_length_tablet=\u201d0px\u201d header_4_text_shadow_blur_strength_tablet=\u201d1px\u201d header_5_text_shadow_horizontal_length_tablet=\u201d0px\u201d header_5_text_shadow_vertical_length_tablet=\u201d0px\u201d header_5_text_shadow_blur_strength_table t=\u201d1px\u201d header_6_text_shadow_horizontal_length_tablet=\u201d0px\u201d header_6_text_shadow_vertical_length_tablet=\u201d0px\u201d header_6_text_shadow_blur_strength_tablet=\u201d1px\u201d box_shadow_horizontal_tablet=\u201d0px \u201d box_shadow_vertical_tablet=\u201d0px\u201d box_shadow_blur_tablet=\u201d40px\u201d box_shadow_spread_tablet=\u201d0px\u201d global_colors_info=\u201d{}\u201d sticky_enabled=\u201d0\u2033]<\/p>\n<h1>Reuniones de informaci\u00f3n tribal<\/h1>\n<p>La Autoridad de Ferrocarriles de Alta Velocidad de California, junto con la Administraci\u00f3n Federal de Ferrocarriles, organiza Reuniones de Informaci\u00f3n Tribal para cada secci\u00f3n del proyecto de tren de alta velocidad, como parte del esfuerzo por informar a los gobiernos tribales y sus representantes sobre el proyecto y para ayudar a establecer las bases. para consultas futuras a lo largo del proceso de entrega del proyecto.<\/p>\n<p>La participaci\u00f3n en las Reuniones de Informaci\u00f3n Tribal es solo por invitaci\u00f3n y no est\u00e1 abierta al p\u00fablico en general. Se recomienda encarecidamente a las tribus que tengan inquietudes sobre los posibles efectos del proyecto en importantes recursos culturales tribales y que deseen participar en el proceso de investigaci\u00f3n de recursos culturales a que asistan a las Reuniones de informaci\u00f3n tribal. Para confirmar que su tribu est\u00e1 calificada para participar en las Reuniones de Informaci\u00f3n Tribal, los representantes tribales deben consultar a la Autoridad\u00a0<a href=\"https:\/\/hsr.ca.gov\/es\/programs\/cultural-resources\/tribal-relations\/tribal-participation\/\">P\u00e1gina de participaci\u00f3n tribal<\/a>\u00a0para asegurarse de que reciban invitaciones a reuniones, as\u00ed como otras notificaciones sobre las secciones del proyecto que se encuentran dentro de las \u00e1reas geogr\u00e1ficas de inter\u00e9s de la tribu. Si tiene alguna pregunta, comun\u00edquese con el enlace tribal de la Autoridad.<\/p>\n<h2><span style=\"color: #22407d;\">\u00daltimas noticias<\/span><\/h2>\n<p>No hay reuniones programadas en este momento. Por favor vuelva a chequear.<\/p>\n<p>[\/et_pb_text][\/et_pb_column_inner][\/et_pb_row_inner][\/et_pb_column][et_pb_column type=&#8221;1_3&#8243; _builder_version=&#8221;4.16&#8243; custom_padding=&#8221;|||&#8221; global_colors_info=&#8221;{}&#8221; custom_padding__hover=&#8221;|||&#8221;][et_pb_divider color=&#8221;#007fad&#8221; admin_label=&#8221;Sidebar Spacer&#8221; _builder_version=&#8221;4.16&#8243; background_color=&#8221;#007fad&#8221; vertical_offset_tablet=&#8221;0&#8243; horizontal_offset_tablet=&#8221;0&#8243; custom_margin=&#8221;||0px|&#8221; custom_padding=&#8221;7rem|||&#8221; custom_padding_tablet=&#8221;0px|||&#8221; custom_padding_phone=&#8221;&#8221; custom_padding_last_edited=&#8221;on|desktop&#8221; z_index_tablet=&#8221;0&#8243; box_shadow_horizontal_tablet=&#8221;0px&#8221; box_shadow_vertical_tablet=&#8221;0px&#8221; box_shadow_blur_tablet=&#8221;40px&#8221; box_shadow_spread_tablet=&#8221;0px&#8221; locked=&#8221;on&#8221; global_colors_info=&#8221;{}&#8221;][\/et_pb_divider][et_pb_ca_siblingPages _builder_version=&#8221;4.16&#8243; background_color=&#8221;#007fad&#8221; vertical_offset_tablet=&#8221;0&#8243; horizontal_offset_tablet=&#8221;0&#8243; custom_padding=&#8221;1rem|1rem|1rem|1rem&#8221; z_index_tablet=&#8221;0&#8243; custom_css_main_element=&#8221;margin-bottom: 0 !important;&#8221; module_text_shadow_horizontal_length_tablet=&#8221;0px&#8221; module_text_shadow_vertical_length_tablet=&#8221;0px&#8221; module_text_shadow_blur_strength_tablet=&#8221;1px&#8221; box_shadow_horizontal_tablet=&#8221;0px&#8221; box_shadow_vertical_tablet=&#8221;0px&#8221; box_shadow_blur_tablet=&#8221;40px&#8221; box_shadow_spread_tablet=&#8221;0px&#8221; text_shadow_horizontal_length_tablet=&#8221;0px&#8221; text_shadow_vertical_length_tablet=&#8221;0px&#8221; text_shadow_blur_strength_tablet=&#8221;1px&#8221; locked=&#8221;on&#8221; global_colors_info=&#8221;{}&#8221;][\/et_pb_ca_siblingPages][et_pb_text admin_label=&#8221;Sidebar- Tribal Contact&#8221; _builder_version=&#8221;4.23.1&#8243; header_2_font=&#8221;|700||on|||||&#8221; header_2_font_size=&#8221;20px&#8221; vertical_offset_tablet=&#8221;0&#8243; horizontal_offset_tablet=&#8221;0&#8243; z_index_tablet=&#8221;0&#8243; text_text_shadow_horizontal_length_tablet=&#8221;0px&#8221; text_text_shadow_vertical_length_tablet=&#8221;0px&#8221; text_text_shadow_blur_strength_tablet=&#8221;1px&#8221; link_text_shadow_horizontal_length_tablet=&#8221;0px&#8221; link_text_shadow_vertical_length_tablet=&#8221;0px&#8221; link_text_shadow_blur_strength_tablet=&#8221;1px&#8221; ul_text_shadow_horizontal_length_tablet=&#8221;0px&#8221; ul_text_shadow_vertical_length_tablet=&#8221;0px&#8221; ul_text_shadow_blur_strength_tablet=&#8221;1px&#8221; ol_text_shadow_horizontal_length_tablet=&#8221;0px&#8221; ol_text_shadow_vertical_length_tablet=&#8221;0px&#8221; ol_text_shadow_blur_strength_tablet=&#8221;1px&#8221; quote_text_shadow_horizontal_length_tablet=&#8221;0px&#8221; quote_text_shadow_vertical_length_tablet=&#8221;0px&#8221; quote_text_shadow_blur_strength_tablet=&#8221;1px&#8221; header_text_shadow_horizontal_length_tablet=&#8221;0px&#8221; header_text_shadow_vertical_length_tablet=&#8221;0px&#8221; header_text_shadow_blur_strength_tablet=&#8221;1px&#8221; header_2_text_shadow_horizontal_length_tablet=&#8221;0px&#8221; header_2_text_shadow_vertical_length_tablet=&#8221;0px&#8221; header_2_text_shadow_blur_strength_tablet=&#8221;1px&#8221; header_3_text_shadow_horizontal_length_tablet=&#8221;0px&#8221; header_3_text_shadow_vertical_length_tablet=&#8221;0px&#8221; header_3_text_shadow_blur_strength_tablet=&#8221;1px&#8221; header_4_text_shadow_horizontal_length_tablet=&#8221;0px&#8221; header_4_text_shadow_vertical_length_tablet=&#8221;0px&#8221; header_4_text_shadow_blur_strength_tablet=&#8221;1px&#8221; header_5_text_shadow_horizontal_length_tablet=&#8221;0px&#8221; header_5_text_shadow_vertical_length_tablet=&#8221;0px&#8221; header_5_text_shadow_blur_strength_tablet=&#8221;1px&#8221; header_6_text_shadow_horizontal_length_tablet=&#8221;0px&#8221; header_6_text_shadow_vertical_length_tablet=&#8221;0px&#8221; header_6_text_shadow_blur_strength_tablet=&#8221;1px&#8221; box_shadow_horizontal_tablet=&#8221;0px&#8221; box_shadow_vertical_tablet=&#8221;0px&#8221; box_shadow_blur_tablet=&#8221;40px&#8221; box_shadow_spread_tablet=&#8221;0px&#8221; global_module=&#8221;10655&#8243; global_colors_info=&#8221;{}&#8221;]<\/p>\n<h2>CONTACTO<\/h2>\n<p><strong>Relaciones tribales<\/strong><br \/>(916) 324-1541<br \/><a href=\"mailto:Info@hsr.ca.gov\">Informaci\u00f3n@hsr.ca.gov<\/a><\/p>\n<p>&nbsp;<\/p>\n<p>[\/et_pb_text][\/et_pb_column][\/et_pb_section][et_pb_section fb_built=&#8221;1&#8243; admin_label=&#8221;Global Footer&#8221; module_class=&#8221;section-primary&#8221; _builder_version=&#8221;4.16&#8243; background_color=&#8221;#22407d&#8221; vertical_offset_tablet=&#8221;0&#8243; horizontal_offset_tablet=&#8221;0&#8243; z_index_tablet=&#8221;0&#8243; box_shadow_horizontal_tablet=&#8221;0px&#8221; box_shadow_vertical_tablet=&#8221;0px&#8221; box_shadow_blur_tablet=&#8221;40px&#8221; box_shadow_spread_tablet=&#8221;0px&#8221; global_module=&#8221;1188&#8243; locked=&#8221;off&#8221; collapsed=&#8221;off&#8221; global_colors_info=&#8221;{}&#8221;][et_pb_row admin_label=&#8221;Row&#8221; _builder_version=&#8221;4.16&#8243; background_size=&#8221;initial&#8221; background_position=&#8221;top_left&#8221; background_repeat=&#8221;repeat&#8221; collapsed=&#8221;on&#8221; global_colors_info=&#8221;{}&#8221;][et_pb_column type=&#8221;4_4&#8243; _builder_version=&#8221;4.16&#8243; custom_padding=&#8221;|||&#8221; global_colors_info=&#8221;{}&#8221; custom_padding__hover=&#8221;|||&#8221;][et_pb_text admin_label=&#8221;Footer Buttons&#8221; _builder_version=&#8221;4.23.1&#8243; vertical_offset_tablet=&#8221;0&#8243; horizontal_offset_tablet=&#8221;0&#8243; text_orientation=&#8221;center&#8221; z_index_tablet=&#8221;0&#8243; text_text_shadow_horizontal_length_tablet=&#8221;0px&#8221; text_text_shadow_vertical_length_tablet=&#8221;0px&#8221; text_text_shadow_blur_strength_tablet=&#8221;1px&#8221; link_text_shadow_horizontal_length_tablet=&#8221;0px&#8221; link_text_shadow_vertical_length_tablet=&#8221;0px&#8221; link_text_shadow_blur_strength_tablet=&#8221;1px&#8221; ul_text_shadow_horizontal_length_tablet=&#8221;0px&#8221; ul_text_shadow_vertical_length_tablet=&#8221;0px&#8221; ul_text_shadow_blur_strength_tablet=&#8221;1px&#8221; ol_text_shadow_horizontal_length_tablet=&#8221;0px&#8221; ol_text_shadow_vertical_length_tablet=&#8221;0px&#8221; ol_text_shadow_blur_strength_tablet=&#8221;1px&#8221; quote_text_shadow_horizontal_length_tablet=&#8221;0px&#8221; quote_text_shadow_vertical_length_tablet=&#8221;0px&#8221; quote_text_shadow_blur_strength_tablet=&#8221;1px&#8221; header_text_shadow_horizontal_length_tablet=&#8221;0px&#8221; header_text_shadow_vertical_length_tablet=&#8221;0px&#8221; header_text_shadow_blur_strength_tablet=&#8221;1px&#8221; header_2_text_shadow_horizontal_length_tablet=&#8221;0px&#8221; header_2_text_shadow_vertical_length_tablet=&#8221;0px&#8221; header_2_text_shadow_blur_strength_tablet=&#8221;1px&#8221; header_3_text_shadow_horizontal_length_tablet=&#8221;0px&#8221; header_3_text_shadow_vertical_length_tablet=&#8221;0px&#8221; header_3_text_shadow_blur_strength_tablet=&#8221;1px&#8221; header_4_text_shadow_horizontal_length_tablet=&#8221;0px&#8221; header_4_text_shadow_vertical_length_tablet=&#8221;0px&#8221; header_4_text_shadow_blur_strength_tablet=&#8221;1px&#8221; header_5_text_shadow_horizontal_length_tablet=&#8221;0px&#8221; header_5_text_shadow_vertical_length_tablet=&#8221;0px&#8221; header_5_text_shadow_blur_strength_tablet=&#8221;1px&#8221; header_6_text_shadow_horizontal_length_tablet=&#8221;0px&#8221; header_6_text_shadow_vertical_length_tablet=&#8221;0px&#8221; header_6_text_shadow_blur_strength_tablet=&#8221;1px&#8221; box_shadow_horizontal_tablet=&#8221;0px&#8221; box_shadow_vertical_tablet=&#8221;0px&#8221; box_shadow_blur_tablet=&#8221;40px&#8221; box_shadow_spread_tablet=&#8221;0px&#8221; global_colors_info=&#8221;{}&#8221;]<\/p>\n<ul class=\"list-inline\" style=\"padding-left:-2em\">\n<li><a class=\"btn btn-secondary\" style=\"color: #555555;text-decoration: none\" href=\"https:\/\/registertovote.ca.gov\/\">Registrarse para votar<\/a><\/li>\n<li><a class=\"btn btn-secondary\" style=\"color: #555555;text-decoration: none\" href=\"https:\/\/www.dmv.ca.gov\/portal\/dmv\/detail\/realid\">ID REAL<\/a><\/li>\n<\/ul>\n<p>[\/et_pb_text][et_pb_text admin_label=\u201dPie de p\u00e1gina 508 y derechos de autor\u201d _builder_version=\u201d4.23.1\u2033 vertical_offset_tablet=\u201d0\u2033 horizontal_offset_tablet=\u201d0\u2033 text_orientation=\u201dcenter\u201d max_width=\u201d630px\u201d module_alignment=\u201dcenter\u201d custom_margin=\u201d|||2em|false|false\u201d custom_padding=\u201d|||2em|false|false\u201d z_index_tablet=\u201d0\u2033 text_text_shadow_horizontal_length_tablet=\u201d0px\u201d text_text_shadow_vertical_length_tablet=\u201d0px\u201d text_text_shadow_blur_strength_tablet=\u201d1px\u201d link_text_shadow_horizontal_length_tablet=\u201d0px\u201d link_text_shadow_vertical_length_tablet=\u201d0px\u201d link_text_shadow_blur_strength_tablet=\u201d1px\u201d ul_text_shadow_horizontal_length_tablet=\u201d0px\u201d ul_text_shadow_vertical_length_tablet=\u201d0px\u201d ul_text_shadow_blur_strength_tablet=\u201d1px\u201d ol_text_shadow_horizontal_length_tablet=\u201d0px\u201d ol_text_shadow_vertical_length_tablet=\u201d0px\u201d ol_text_shadow_blur_strength_tablet=\u201d1px\u201d quote_text_shadow_horizontal_length_tablet=\u201d0px\u201d quote_text_shadow_vertical_length_tablet=\u201d0px\u201d quote_text_shadow_blur_strength_tablet=\u201d1px\u201d header_text_shadow_horizontal_length_tablet=\u201d0px\u201d header_text_shadow_vertical_length_tablet=\u201d0px\u201d header_text_shadow_blur_strength_tablet=\u201d1px\u201d header_2_text_shadow_horizontal_length_tablet=\u201d0px\u201d header_2_text_shadow_vertical_length_tablet=\u201d0px\u201d header_2_text_shadow_blur_strength_tablet=\u201d1px\u201d header_3_text_shadow_horizontal_length_tablet=\u201d0px\u201d header_3_text_shadow_vertical_length_tablet=\u201d0px\u201d header_3_text_shadow_blur_strength_tablet=\u201d1px\u201d header_4_text_shadow_horizontal_length_tablet=\u201d0px\u201d header_4_text_shadow_vertical_length_tablet=\u201d0px\u201d header_4_text_shadow_blur_strength_tablet=\u201d1px\u201d La Autoridad de Ferrocarriles de Alta Velocidad de California hace todo lo posible para garantizar que el sitio web y su contenido cumplan con los requisitos obligatorios de la ADA seg\u00fan el est\u00e1ndar de Nivel AA de las Pautas de Accesibilidad al Contenido Web 2.0 del Estado de California. Si busca un documento espec\u00edfico que no se encuentra en el sitio web de la Autoridad de Ferrocarriles de Alta Velocidad de California, puede solicitarlo conforme a la Ley de Registros P\u00fablicos a trav\u00e9s de la p\u00e1gina de la Ley de Registros P\u00fablicos. Si tiene alguna pregunta sobre el sitio web o su contenido, comun\u00edquese con la Autoridad en <a href=\"mailto:info@hsr.ca.gov\" style=\"display:inline\">info@hsr.ca.gov<\/a>.[\/et_pb_text][\/et_pb_column][\/et_pb_row][\/et_pb_section]<\/p>","protected":false},"excerpt":{"rendered":"<p>Reuniones de informaci\u00f3n tribal La Autoridad de Ferrocarriles de Alta Velocidad de California, junto con la Administraci\u00f3n Federal de Ferrocarriles, organiza reuniones de informaci\u00f3n tribal para cada secci\u00f3n del proyecto de tren de alta velocidad, como parte del esfuerzo por informar a los gobiernos tribales y sus representantes sobre el proyecto y ayudar establecer las bases para futuras consultas durante todo el proceso de entrega del proyecto. Participaci\u00f3n [\u2026]<\/p>","protected":false},"author":35,"featured_media":0,"parent":2045,"menu_order":23,"comment_status":"closed","ping_status":"closed","template":"","meta":{"_et_pb_use_builder":"on","_et_pb_old_content":"","_et_gb_content_width":"","_oasis_is_in_workflow":0,"_oasis_original":0,"_oasis_task_priority":"","footnotes":""},"acf":[],"publishpress_future_action":{"enabled":false,"date":"1969-12-31 16:00:00","action":"","terms":[],"taxonomy":"","browser_timezone_offset":0},"_links":{"self":[{"href":"https:\/\/hsr.ca.gov\/es\/wp-json\/wp\/v2\/pages\/10688"}],"collection":[{"href":"https:\/\/hsr.ca.gov\/es\/wp-json\/wp\/v2\/pages"}],"about":[{"href":"https:\/\/hsr.ca.gov\/es\/wp-json\/wp\/v2\/types\/page"}],"author":[{"embeddable":true,"href":"https:\/\/hsr.ca.gov\/es\/wp-json\/wp\/v2\/users\/35"}],"replies":[{"embeddable":true,"href":"https:\/\/hsr.ca.gov\/es\/wp-json\/wp\/v2\/comments?post=10688"}],"version-history":[{"count":12,"href":"https:\/\/hsr.ca.gov\/es\/wp-json\/wp\/v2\/pages\/10688\/revisions"}],"predecessor-version":[{"id":72740,"href":"https:\/\/hsr.ca.gov\/es\/wp-json\/wp\/v2\/pages\/10688\/revisions\/72740"}],"up":[{"embeddable":true,"href":"https:\/\/hsr.ca.gov\/es\/wp-json\/wp\/v2\/pages\/2045"}],"wp:attachment":[{"href":"https:\/\/hsr.ca.gov\/es\/wp-json\/wp\/v2\/media?parent=10688"}],"curies":[{"name":"wp","href":"https:\/\/api.w.org\/{rel}","templated":true}]}}