{"id":11167,"date":"2021-01-04T14:37:11","date_gmt":"2021-01-04T22:37:11","guid":{"rendered":"https:\/\/hsr.ca.gov\/?page_id=11167"},"modified":"2022-10-13T13:56:19","modified_gmt":"2022-10-13T20:56:19","slug":"economic-impacts-of-high-speed-rail-interactive-map-text-only-version","status":"publish","type":"page","link":"https:\/\/hsr.ca.gov\/es\/high-speed-rail-in-california\/economic-impacts-of-high-speed-rail-interactive-map__trashed\/economic-impacts-of-high-speed-rail-interactive-map-text-only-version\/","title":{"rendered":"Impactos econ\u00f3micos del mapa interactivo de trenes de alta velocidad: versi\u00f3n de solo texto"},"content":{"rendered":"<p>[et_pb_section fb_built = \u201d1 \u2033 fullwidth =\u201d on \u201d_builder_version =\u201d 4.6.0 \u2033 vertical_offset_tablet = \u201d0 \u2033 horizontal_offset_tablet =\u201d 0 \u2033 box_shadow_horizontal_tablet = \u201d0px\u201d box_shadow_vertical_tablet = \u201d0_pxs\u201d box \u201d [et_pb_fullwidth_code admin_label = \u201dMapa de iFrame de ancho completo\u201d _builder_version = \u201d4.8.2 \u2033 vertical_offset_tablet =\u201d 0 \u2033 horizontal_offset_tablet = \u201d0 \u2033 hover_enabled =\u201d 0 \u2033 box_shadow_horizontal_tablet = \u201d0px\u201d box_shadow_pxshadow_tablet = \u201d0px\u201d box_shadow_pxshadowspx 0px \u201dsticky_enabled =\u201d 0 \u2033]<\/p>\n<div class=\"maps\"><!-- [et_pb_line_break_holder] --><!-- [et_pb_line_break_holder] --><\/div>\n<p>[\/ et_pb_fullwidth_code] [\/ et_pb_section] [et_pb_section fb_built = \u201d1 \u2033 admin_label =\u201d Global Footer \u201dmodule_class =\u201d section-primary \u201d_builder_version =\u201d 4.6.5 \u2033 background_color = \u201d#22407d\u201d vertical_offset_tablet = \u201d0 z_index_tablet = \u201d0 \u2033 box_shadow_horizontal_tablet =\u201d 0px \u201dbox_shadow_vertical_tablet =\u201d 0px \u201dbox_shadow_blur_tablet =\u201d 40px \u201dbox_shadow_spread_tablet =\u201d 0px \u201dglobal_module =\u201d 1188 \u2033 colapso = \u201dp_bversion_row_inicial \u201d background_position = \u201dtop_left\u201d background_repeat = \u201drepeat\u201d] [et_pb_column type = \u201d4_4 \u2033 _builder_version =\u201d 3.0.47 \u2033 custom_padding = \u201d|||\u201d custom_padding__hover = \u201d|||\u201d] [et_pb_text admin_label = \u201dBotones de pie de p\u00e1gina\u201d _builder_version = \u201d4.5.8 \u2033 vertical_offset_tablet =\u201d 0 \u2033 horizontal_offset_tablet = \u201d0 \u2033 text_orientation =\u201d center \u201dz_index_tablet =\u201d 0 \u2033 text_thizontal_shadow_thorientaci\u00f3n de texto = \u201d0 \u2033 text_thizontal_shadow_shadow_th \u201c0px\u201d text_text_shadow_blur_strength_tablet =\u201d1px\u201d \u201c0px\u201d link_text_shadow_horizontal_length_tablet = \u201c0px\u201d link_text_shadow_vertical_length_tablet = \u201c1px\u201d link_text_shadow_blur_strength_tablet = \u201c0px\u201d ul_text_shadow_horizontal_length_tablet = \u201c0px\u201d ul_text_shadow_vertical_length_tablet = \u201c1px\u201d ul_text_shadow_blur_strength_tablet = \u201c0px\u201d ol_text_shadow_horizontal_length_tablet = ol_text_shadow_vertical_length_tablet =\u201d0px\u201d ol_text_shadow_blur_strength_tablet = \u201d1px\u201d quote_text_shadow_horizontal_length_tablet = \u201d0px\u201d quote_text_shadow_vertical_length_tablet = \u201d0px\u201d quote_text_shadow_blur_strength_tablet = \u201d1px\u201d header_text_shadow_horizontal_length_tablet = \u201d0pxshadow_th_shadow_length_tablet =\u201d 0pxshadow_th_hadow_length_tablet = \u201d0pxshadow_th_hadow_length_tablet =\u201d 0pxshadow \u201d rength_tablet =\u201d1px\u201d header_2_text_shadow_horizontal_length_tablet =\u201d0px\u201d \u201c0px\u201d header_2_text_shadow_vertical_length_tablet = \u201c1px\u201d header_2_text_shadow_blur_strength_tablet = \u201c0px\u201d header_3_text_shadow_horizontal_length_tablet = \u201c0px\u201d header_3_text_shadow_vertical_length_tablet = \u201c1px\u201d header_3_text_shadow_blur_strength_tablet = header_4_text_shadow_horizontal_length_tablet =\u201d0px\u201d header_4_text_shadow_vertical_length_tablet =\u201d0px\u201d header_4_text_shadow_blur_strength_tablet =\u201d1px\u201d header_5_text_shadow_horizontal_length_tablet =\u201d0px\u201d header_5_text_shadow_vertical_length_tablet =\u201d0px\u201d \u201c1px\u201d header_5_text_shadow_blur_strength_tablet = \u201c0px\u201d header_6_text_shadow_horizontal_length_tablet = \u201c0px\u201d header_6_text_shadow_vertical_length_tablet = \u201c1px\u201d header_6_text_shadow_blur_strength_tablet = \u201c0px\u201d box_shadow_horizontal_tablet = box_shadow_vertical_tablet =\u201d0px\u201d box_shadow_blur_tablet =\u201d40px\u201d box_shadow_spread_tablet =\u201d0px\u201d ]<\/p>\n<ul class=\"list-inline\">\n<li><a class=\"btn btn-secondary\" href=\"https:\/\/registertovote.ca.gov\/\">Registrarse para votar<\/a><\/li>\n<li><a class=\"btn btn-secondary\" href=\"https:\/\/saveourwater.com\/\">Ahorre nuestra agua<\/a><\/li>\n<li><a class=\"btn btn-secondary\" href=\"https:\/\/www.dmv.ca.gov\/portal\/dmv\/detail\/realid\">ID REAL<\/a><\/li>\n<li><a class=\"btn btn-secondary\" href=\"https:\/\/www.cdph.ca.gov\/covid19\">Actualizaciones de COVID-19<\/a><\/li>\n<li><a class=\"btn btn-secondary\" href=\"https:\/\/census.ca.gov\/\">Censo 2020<\/a><\/li>\n<\/ul>\n<p>[\/ et_pb_text] [et_pb_text admin_label = \u201dPie de p\u00e1gina 508 y derechos de autor\u201d _builder_version = \u201d4.5.8 \u2033 vertical_offset_tablet =\u201d 0 \u2033 horizontal_offset_tablet = \u201d0 \u2033 text_orientation =\u201d center \u201dmax_width =\u201d 630px \u201dmodule_alignment =\u201d center_tablet = \u201dz_index &quot;text_text_shadow_horizontal_length_tablet =\u201d 0px\u201dtext_text_shadow_vertical_length_tablet =\u201d 0px\u201dtext_text_shadow_blur_strength_tablet =\u201d 1px\u201dlink_text_shadow_horizontal_length_tablet =\u201d 0px\u201dlink_text_shadow_vertical_length_tablet =\u201d 0px\u201dlink_text_shadow_blur_strength_tablet =\u201d 1px\u201dul_text_shadow_horizontal_length_tablet =\u201d 0px\u201dul_text_shadow_vertical_length_tablet =\u201d 0px\u201dul_text_shadow_blur_strength_tablet =\u201d 1px\u201dol_text_shadow_horizontal_length_tablet =\u201d 0px \u201dol_text_shadow_vertical_length_tablet =\u201d 0px\u201dol_text_shadow_blur_strength_tablet =\u201d 1px\u201dquote_text_shadow_horizontal_length_tablet =\u201d 0px\u201dquote_text_shadow_vertical_length_tablet =\u201d 0px\u201dquote_text_shadow_blur_strength_tablet =\u201d 1px\u201dheader_text_shadow_horizontal_length_tablet =\u201d 0px\u201dheader_text_shadow_vertical_length_ pastilla =\u201d0px\u201d header_text_shadow_blur_strength_tablet =\u201d1px\u201d header_2_text_shadow_horizontal_length_tablet =\u201d0px\u201d \u201c1px\u201d header_2_text_shadow_vertical_length_tablet =\u201d0px\u201d header_2_text_shadow_blur_strength_tablet = \u201c0px\u201d header_3_text_shadow_horizontal_length_tablet = \u201c0px\u201d header_3_text_shadow_vertical_length_tablet = header_3_text_shadow_blur_strength_tablet =\u201d1px\u201d header_4_text_shadow_horizontal_length_tablet =\u201d0px\u201d header_4_text_shadow_vertical_length_tablet =\u201d0px\u201d header_4_text_shadow_blur_strength_tablet =\u201d1px\u201d header_5_text_shadow_horizontal_length_tablet =\u201d0px\u201d \u201c0px\u201d header_5_text_shadow_vertical_length_tablet = \u201c1px\u201d header_5_text_shadow_blur_strength_tablet = \u201c0px\u201d header_6_text_shadow_horizontal_length_tablet = \u201c0px\u201d header_6_text_shadow_vertical_length_tablet = \u201c1px\u201d header_6_text_shadow_blur_strength_tablet = box_shadow_horizontal_tablet =\u201d0px\u201d box_shadow_vertical_tablet =\u201d0px\u201d box_shadow_blur_tablet =\u201d40px\u201d box_shadow_spread_tablet = \u201d0px\u201d]<\/p>\n<p>La Autoridad de Ferrocarriles de Alta Velocidad de California hace todo lo posible para garantizar que el sitio web y su contenido cumplan con los requisitos obligatorios de la ADA seg\u00fan el est\u00e1ndar de nivel AA de las Pautas de accesibilidad de contenido web 2.0 del estado de California. Si est\u00e1 buscando un documento en particular que no se encuentra en el sitio web de la Autoridad de trenes de alta velocidad de California, puede hacer una solicitud para el documento seg\u00fan la Ley de registros p\u00fablicos a trav\u00e9s de la p\u00e1gina de la Ley de registros p\u00fablicos. Si tiene alguna pregunta sobre el sitio web o su contenido, comun\u00edquese con la Autoridad al <a href=\"mailto:info@hsr.ca.gov\">info@hsr.ca.gov<\/a>.<\/p>\n<p>[\/ et_pb_text] [\/ et_pb_column] [\/ et_pb_row] [\/ et_pb_section]<\/p>","protected":false},"excerpt":{"rendered":"<p>Register to Vote Save Our Water REAL ID COVID-19 Updates Census 2020 The California High-Speed Rail Authority makes every effort to ensure the website and its contents meet mandated ADA requirements as per the California State mandated Web Content Accessibility Guidelines 2.0 Level AA standard. If you are looking for a particular document not located [&hellip;]<\/p>","protected":false},"author":35,"featured_media":0,"parent":10763,"menu_order":23,"comment_status":"closed","ping_status":"closed","template":"","meta":{"_et_pb_use_builder":"on","_et_pb_old_content":"","_et_gb_content_width":"","_oasis_is_in_workflow":0,"_oasis_original":0,"_oasis_task_priority":"","footnotes":""},"acf":[],"publishpress_future_action":{"enabled":false,"date":"1969-12-31 16:00:00","action":"","terms":[],"taxonomy":"","browser_timezone_offset":0},"_links":{"self":[{"href":"https:\/\/hsr.ca.gov\/es\/wp-json\/wp\/v2\/pages\/11167"}],"collection":[{"href":"https:\/\/hsr.ca.gov\/es\/wp-json\/wp\/v2\/pages"}],"about":[{"href":"https:\/\/hsr.ca.gov\/es\/wp-json\/wp\/v2\/types\/page"}],"author":[{"embeddable":true,"href":"https:\/\/hsr.ca.gov\/es\/wp-json\/wp\/v2\/users\/35"}],"replies":[{"embeddable":true,"href":"https:\/\/hsr.ca.gov\/es\/wp-json\/wp\/v2\/comments?post=11167"}],"version-history":[{"count":4,"href":"https:\/\/hsr.ca.gov\/es\/wp-json\/wp\/v2\/pages\/11167\/revisions"}],"predecessor-version":[{"id":37607,"href":"https:\/\/hsr.ca.gov\/es\/wp-json\/wp\/v2\/pages\/11167\/revisions\/37607"}],"up":[{"embeddable":true,"href":"https:\/\/hsr.ca.gov\/es\/wp-json\/wp\/v2\/pages\/10763"}],"wp:attachment":[{"href":"https:\/\/hsr.ca.gov\/es\/wp-json\/wp\/v2\/media?parent=11167"}],"curies":[{"name":"wp","href":"https:\/\/api.w.org\/{rel}","templated":true}]}}