{"id":13296,"date":"2021-01-08T09:37:56","date_gmt":"2021-01-08T17:37:56","guid":{"rendered":"https:\/\/hsr.ca.gov\/?page_id=13296"},"modified":"2023-12-28T15:42:08","modified_gmt":"2023-12-28T23:42:08","slug":"manage-subscription","status":"publish","type":"page","link":"https:\/\/hsr.ca.gov\/es\/manage-subscription\/","title":{"rendered":"Administrar suscripci\u00f3n \/ cancelar suscripci\u00f3n"},"content":{"rendered":"<p>[et_pb_section fb_built=&#8221;1&#8243; _builder_version=&#8221;4.16&#8243; _module_preset=&#8221;default&#8221; global_colors_info=&#8221;{}&#8221;][et_pb_row _builder_version=&#8221;4.16&#8243; _module_preset=&#8221;default&#8221; global_colors_info=&#8221;{}&#8221;][et_pb_column type=&#8221;4_4&#8243; _builder_version=&#8221;4.16&#8243; _module_preset=&#8221;default&#8221; global_colors_info=&#8221;{}&#8221;][et_pb_ca_breadcrumb _builder_version=&#8221;4.16&#8243; _module_preset=&#8221;default&#8221; global_colors_info=&#8221;{}&#8221;][\/et_pb_ca_breadcrumb][et_pb_text _builder_version=&#8221;4.16&#8243; _module_preset=&#8221;default&#8221; global_colors_info=&#8221;{}&#8221;]<\/p>\n<h1>Administrar suscripci\u00f3n \/ cancelar suscripci\u00f3n<\/h1>\n<p>[\/et_pb_text][et_pb_code _builder_version=&#8221;4.23.1&#8243; _module_preset=&#8221;default&#8221; hover_enabled=&#8221;0&#8243; global_colors_info=&#8221;{}&#8221; sticky_enabled=&#8221;0&#8243;]<iframe loading=\"lazy\" id=\"unsubscribeForm\" src=\"https:\/\/hsr.my.salesforce-sites.com\/ContactUs\/Unsubscribe2\" title=\"Formulario de baja\" width=\"100%\" height=\"750\" data-single-col-width=\"489\" style=\"border: 0; max-height: 970px;\"><\/iframe>\r\n \r\n[\/et_pb_code][et_pb_text _builder_version=&#8221;4.16&#8243; _module_preset=&#8221;default&#8221; global_colors_info=&#8221;{}&#8221;]<\/p>\n<hr \/>\n<p><strong>Tu privacidad<\/strong><br \/>La Autoridad respeta su privacidad y no compartir\u00e1 la lista de registro con otros, excepto seg\u00fan lo requiera la ley.<\/p>\n<p>[\/et_pb_text][\/et_pb_column][\/et_pb_row][\/et_pb_section][et_pb_section fb_built=\u201d1\u2033 admin_label=\u201dPie de p\u00e1gina global\u201d module_class=\u201dsecci\u00f3n-primaria\u201d _builder_version=\u201d4.6.5\u2033 background_color=\u201d#22407d\u201d vertical_offset_tablet= \u201d0\u2033 horizontal_offset_tablet=\u201d0\u2033 z_index_tablet=\u201d0\u2033 box_shadow_horizontal_tablet=\u201d0px\u201d box_shadow_vertical_tablet=\u201d0px\u201d box_shadow_blur_tablet=\u201d40px\u201d box_shadow_spread_tablet=\u201d0px\u201d global_module=\u201d1188\u2033 bloqueado=\u201dapagado\u201d colapsado=\u201dencendido\u201d global_colors_info= \u201d{}\u201d][et_pb_row admin_label=\u201dFila\u201d _builder_version=\u201d4.16\u2033 background_size=\u201dinitial\u201d background_position=\u201dtop_left\u201d background_repeat=\u201drepeat\u201dcolapsado=\u201doff\u201d global_colors_info=\u201d{}\u201d][et_pb_column type=\u201d4_4 \u2033 _builder_version=\u201d4.16\u2033 custom_padding=\u201d|||\u201d global_colors_info=\u201d{}\u201d custom_padding__hover=\u201d|||\u201d][et_pb_text admin_label=\u201dBotones de pie de p\u00e1gina\u201d _builder_version=\u201d4.16\u2033 vertical_offset_tablet=\u201d0\u2033 horizontal_offset_tablet=\u201d0\u2033 text_orientation=\u201dcenter\u201d z_index_tablet=\u201d0\u2033 text_text_shadow_horizontal_length_tablet=\u201d 0px\u201d text_text_shadow_vertical_length_tablet=\u201d0px\u201d text_text_shadow_blur_strength_tablet=\u201d1px\u201d link_text_shadow_horizontal_length_tablet=\u201d0px\u201d link_text_shadow_vertical_length_tablet=\u201d0px\u201d link_text_shadow_blur_strength_tablet=\u201d1px\u201d ul_text_shadow_horizontal_length_tablet=\u201d0px\u201d ul_ text_shadow_vertical_length_tablet=\u201d0px\u201d ul_text_shadow_blur_strength_tablet=\u201d1px\u201d ol_text_shadow_horizontal_length_tablet=\u201d0px\u201d ol_text_shadow_vertical_length_tablet=\u201d 0px\u201d ol_text_shadow_blur_strength_tablet=\u201d1px\u201d quote_text_shadow_horizontal_length_tablet=\u201d0px\u201d quote_text_shadow_vertical_length_tablet=\u201d0px\u201d quote_text_shadow_blur_strength_tablet=\u201d1px\u201d header_text_shadow_horizontal_length_tablet=\u201d0px\u201d header_text_shadow_vertical_length_tablet=\u201d0px\u201d header_text _shadow_blur_strength_tablet=\u201d1px\u201d header_2_text_shadow_horizontal_length_tablet=\u201d0px\u201d header_2_text_shadow_vertical_length_tablet=\u201d0px\u201d header_2_text_shadow_blur_strength_tablet=\u201d 1px\u201d header_3_text_shadow_horizontal_length_tablet=\u201d0px\u201d header_3_text_shadow_vertical_length_tablet=\u201d0px\u201d header_3_text_shadow_blur_strength_tablet=\u201d1px\u201d header_4_text_shadow_horizontal_length_tablet=\u201d0px\u201d header_4_text_shadow_vertical_length_tablet=\u201d0px\u201d header_4_text_shadow_blur_strength _tablet=\u201d1px\u201d header_5_text_shadow_horizontal_length_tablet=\u201d0px\u201d header_5_text_shadow_vertical_length_tablet=\u201d0px\u201d header_5_text_shadow_blur_strength_tablet=\u201d1px\u201d header_6_text_shadow_horizontal_length_tablet=\u201d 0px\u201d header_6_text_shadow_vertical_length_tablet=\u201d0px\u201d header_6_text_shadow_blur_strength_tablet=\u201d1px\u201d box_shadow_horizontal_tablet=\u201d0px\u201d box_shadow_vertical_tablet=\u201d0px\u201d box_shadow_blur_tablet=\u201d40px\u201d box_shadow_spread_tablet=\u201d0px\u201d global_colors_info=\u201d{}\u201d]<\/p>\n<ul class=\"list-inline\">\n<li><a class=\"btn btn-secondary\" href=\"https:\/\/registertovote.ca.gov\/\" style=\"color:#555555;text-decoration: none\">Registrarse para votar<\/a><\/li>\n<li><a class=\"btn btn-secondary\" href=\"https:\/\/www.dmv.ca.gov\/portal\/dmv\/detail\/realid\" style=\"color:#555555;text-decoration: none\">ID REAL<\/a><\/li>\n<li><a class=\"btn btn-secondary\" href=\"https:\/\/www.cdph.ca.gov\/covid19\" style=\"color:#555555;text-decoration: none\">Actualizaciones de COVID-19<\/a><\/li>\n<li><a class=\"btn btn-secondary\" href=\"https:\/\/covid19.ca.gov\/vaccines\/\" style=\"color:#555555;text-decoration: none\">Vacunar todos 58<\/a><\/li>\n<\/ul>\n<p>[\/et_pb_text][et_pb_text admin_label=\u201dPie de p\u00e1gina 508 y copyright\u201d _builder_version=\u201d4.16\u2033 vertical_offset_tablet=\u201d0\u2033 horizontal_offset_tablet=\u201d0\u2033 text_orientation=\u201dcenter\u201d max_width=\u201d630px\u201d module_alignment=\u201dcenter\u201d z_index_tablet=\u201d0\u2033 text_text_shadow_horizontal_length_tablet =\u201d0px\u201d text_text_shadow_vertical_length_tablet=\u201d0px\u201d text_text_shadow_blur_strength_tablet=\u201d1px\u201d link_text_shadow_horizontal_length_tablet=\u201d0px\u201d link_text_shadow_vertical_length_tablet=\u201d0px\u201d link_text_shadow_blur_strength_tablet=\u201d1px\u201d ul_text_shadow_horizontal_length_tablet=\u201d0px\u201d ul _text_shadow_vertical_length_tablet=\u201d0px\u201d ul_text_shadow_blur_strength_tablet=\u201d1px\u201d ol_text_shadow_horizontal_length_tablet=\u201d0px\u201d ol_text_shadow_vertical_length_tablet =\u201d0px\u201d ol_text_shadow_blur_strength_tablet=\u201d1px\u201d quote_text_shadow_horizontal_length_tablet=\u201d0px\u201d quote_text_shadow_vertical_length_tablet=\u201d0px\u201d quote_text_shadow_blur_strength_tablet=\u201d1px\u201d header_text_shadow_horizontal_length_tablet=\u201d0px\u201d header_text_shadow_vertical_length_tablet=\u201d0px\u201d header_ text_shadow_blur_strength_tablet=\u201d1px\u201d header_2_text_shadow_horizontal_length_tablet=\u201d0px\u201d header_2_text_shadow_vertical_length_tablet=\u201d0px\u201d header_2_text_shadow_blur_strength_tablet =\u201d1px\u201d header_3_text_shadow_horizontal_length_tablet=\u201d0px\u201d header_3_text_shadow_vertical_length_tablet=\u201d0px\u201d header_3_text_shadow_blur_strength_tablet=\u201d1px\u201d header_4_text_shadow_horizontal_length_tablet=\u201d0px\u201d header_4_text_shadow_vertical_length_tablet=\u201d0px\u201d header_4_text_shadow_blur_streng th_tablet=\u201d1px\u201d header_5_text_shadow_horizontal_length_tablet=\u201d0px\u201d header_5_text_shadow_vertical_length_tablet=\u201d0px\u201d header_5_text_shadow_blur_strength_tablet=\u201d1px\u201d header_6_text_shadow_horizontal_length_tablet =\u201d0px\u201d header_6_text_shadow_vertical_length_tablet=\u201d0px\u201d header_6_text_shadow_blur_strength_tablet=\u201d1px\u201d box_shadow_horizontal_tablet=\u201d0px\u201d box_shadow_vertical_tablet=\u201d0px\u201d box_shadow_blur_tablet=\u201d40px\u201d box_shadow_spread_tablet=\u201d0px\u201d global_colors_info=\u201d{}\u201d]<\/p>\n<p>La Autoridad de Ferrocarriles de Alta Velocidad de California hace todo lo posible para garantizar que el sitio web y su contenido cumplan con los requisitos obligatorios de la ADA seg\u00fan el est\u00e1ndar de nivel AA de las Pautas de accesibilidad de contenido web 2.0 del estado de California. Si est\u00e1 buscando un documento en particular que no se encuentra en el sitio web de la Autoridad de trenes de alta velocidad de California, puede hacer una solicitud para el documento seg\u00fan la Ley de registros p\u00fablicos a trav\u00e9s de la p\u00e1gina de la Ley de registros p\u00fablicos. Si tiene alguna pregunta sobre el sitio web o su contenido, comun\u00edquese con la Autoridad al <a href=\"mailto:info@hsr.ca.gov\">info@hsr.ca.gov<\/a>.<\/p>\n<p>[\/ et_pb_text] [\/ et_pb_column] [\/ et_pb_row] [\/ et_pb_section]<\/p>","protected":false},"excerpt":{"rendered":"<p>Administrar suscripci\u00f3n \/ cancelar suscripci\u00f3n<iframe id=\"unsubscribeForm\" src=\"https:\/\/hsr.my.salesforce-sites.com\/ContactUs\/Unsubscribe2\" title=\"Formulario de baja\" width=\"100%\" height=\"750\" data-single-col-width=\"489\" style=\"border: 0; max-height: 970px;\"><\/iframe>\r\n \r\n Your PrivacyThe Authority respects your privacy and will not share the registration list with others except as required by law. Register to Vote REAL ID COVID-19 Updates Vaccinate All 58 The California High-Speed Rail Authority makes every effort to ensure the website and its contents meet mandated ADA requirements as per the [&hellip;]<\/p>","protected":false},"author":6,"featured_media":0,"parent":0,"menu_order":80,"comment_status":"closed","ping_status":"closed","template":"","meta":{"_et_pb_use_builder":"on","_et_pb_old_content":"","_et_gb_content_width":"","_oasis_is_in_workflow":0,"_oasis_original":0,"_oasis_task_priority":"","footnotes":""},"acf":[],"publishpress_future_action":{"enabled":false,"date":"1969-12-31 16:00:00","action":"","terms":[],"taxonomy":"","browser_timezone_offset":0},"_links":{"self":[{"href":"https:\/\/hsr.ca.gov\/es\/wp-json\/wp\/v2\/pages\/13296"}],"collection":[{"href":"https:\/\/hsr.ca.gov\/es\/wp-json\/wp\/v2\/pages"}],"about":[{"href":"https:\/\/hsr.ca.gov\/es\/wp-json\/wp\/v2\/types\/page"}],"author":[{"embeddable":true,"href":"https:\/\/hsr.ca.gov\/es\/wp-json\/wp\/v2\/users\/6"}],"replies":[{"embeddable":true,"href":"https:\/\/hsr.ca.gov\/es\/wp-json\/wp\/v2\/comments?post=13296"}],"version-history":[{"count":17,"href":"https:\/\/hsr.ca.gov\/es\/wp-json\/wp\/v2\/pages\/13296\/revisions"}],"predecessor-version":[{"id":49476,"href":"https:\/\/hsr.ca.gov\/es\/wp-json\/wp\/v2\/pages\/13296\/revisions\/49476"}],"wp:attachment":[{"href":"https:\/\/hsr.ca.gov\/es\/wp-json\/wp\/v2\/media?parent=13296"}],"curies":[{"name":"wp","href":"https:\/\/api.w.org\/{rel}","templated":true}]}}