{"id":73821,"date":"2026-04-03T09:57:16","date_gmt":"2026-04-03T16:57:16","guid":{"rendered":"https:\/\/hsr.ca.gov\/?page_id=73821"},"modified":"2026-04-03T09:59:08","modified_gmt":"2026-04-03T16:59:08","slug":"procurement-schedule","status":"publish","type":"page","link":"https:\/\/hsr.ca.gov\/es\/work-with-us\/procurements\/procurement-schedule\/","title":{"rendered":"Procurement Schedule"},"content":{"rendered":"<p>[et_pb_section fb_built=&#8221;1&#8243; specialty=&#8221;on&#8221; padding_top_1=&#8221;0px&#8221; padding_top_2=&#8221;0px&#8221; _builder_version=&#8221;4.16&#8243; vertical_offset_tablet=&#8221;0&#8243; horizontal_offset_tablet=&#8221;0&#8243; custom_margin=&#8221;0px|||&#8221; custom_padding=&#8221;0px|||&#8221; z_index_tablet=&#8221;0&#8243; box_shadow_horizontal_tablet=&#8221;0px&#8221; box_shadow_vertical_tablet=&#8221;0px&#8221; box_shadow_blur_tablet=&#8221;40px&#8221; box_shadow_spread_tablet=&#8221;0px&#8221; global_colors_info=&#8221;{}&#8221;][et_pb_column type=&#8221;2_3&#8243; specialty_columns=&#8221;4&#8243; _builder_version=&#8221;4.16&#8243; custom_padding=&#8221;|||&#8221; global_colors_info=&#8221;{}&#8221; custom_padding__hover=&#8221;|||&#8221;][et_pb_row_inner _builder_version=&#8221;4.16&#8243; global_colors_info=&#8221;{}&#8221;][et_pb_column_inner saved_specialty_column_type=&#8221;2_3&#8243; _builder_version=&#8221;4.16&#8243; custom_padding=&#8221;|||&#8221; global_colors_info=&#8221;{}&#8221; custom_padding__hover=&#8221;|||&#8221;][et_pb_ca_breadcrumb disabled_on=&#8221;on|on|&#8221; _builder_version=&#8221;4.16&#8243; vertical_offset_tablet=&#8221;0&#8243; horizontal_offset_tablet=&#8221;0&#8243; z_index_tablet=&#8221;0&#8243; module_text_shadow_horizontal_length_tablet=&#8221;0px&#8221; module_text_shadow_vertical_length_tablet=&#8221;0px&#8221; module_text_shadow_blur_strength_tablet=&#8221;1px&#8221; border_width_bottom=&#8221;1px&#8221; border_color_bottom=&#8221;#d0d3d7&#8243; box_shadow_horizontal_tablet=&#8221;0px&#8221; box_shadow_vertical_tablet=&#8221;0px&#8221; box_shadow_blur_tablet=&#8221;40px&#8221; box_shadow_spread_tablet=&#8221;0px&#8221; text_shadow_horizontal_length_tablet=&#8221;0px&#8221; text_shadow_vertical_length_tablet=&#8221;0px&#8221; text_shadow_blur_strength_tablet=&#8221;1px&#8221; locked=&#8221;on&#8221; global_colors_info=&#8221;{}&#8221;][\/et_pb_ca_breadcrumb][et_pb_text admin_label=&#8221;Title&#8221; _builder_version=&#8221;4.23.1&#8243; _module_preset=&#8221;default&#8221; global_colors_info=&#8221;{}&#8221;]<\/p>\n<h1>PROCUREMENT SCHEDULE<\/h1>\n<p>[\/et_pb_text][et_pb_text admin_label=\u201dContenido principal\u201d _builder_version=\u201d4.23.1\u2033 vertical_offset_tablet=\u201d0\u2033 horizontal_offset_tablet=\u201d0\u2033 z_index_tablet=\u201d0\u2033 text_text_shadow_horizontal_length_tablet=\u201d0px\u201d text_text_shadow_vertical_length_tablet=\u201d0px\u201d text_text_shadow_blur_strength_table t=\u201d1px\u201d link_text_shadow_horizontal_length_tablet =\u201d0px\u201d link_text_shadow_vertical_length_tablet=\u201d0px\u201d link_text_shadow_blur_strength_tablet=\u201d1px\u201d ul_text_shadow_horizontal_length_tablet=\u201d0px\u201d ul_text_shadow_vertical_length_tablet=\u201d0px\u201d ul_text_shadow_blur_strength_tablet=\u201d1px\u201d ol_text_shadow_horizontal_length_tablet=\u201d0px \u201d ol_text_shadow_vertical_length_tablet=\u201d0px\u201d ol_text_shadow_blur_strength_tablet=\u201d1px\u201d quote_text_shadow_horizontal_length_tablet=\u201d0px\u201d quote_text_shadow_vertical_length_tablet =\u201d0px\u201d quote_text_shadow_blur_strength_tablet=\u201d1px\u201d header_text_shadow_horizontal_length_tablet=\u201d0px\u201d header_text_shadow_vertical_length_tablet=\u201d0px\u201d header_text_shadow_blur_strength_tablet=\u201d1px\u201d header_2_text_shadow_horizontal_length_tablet=\u201d0px\u201d header_2_text_shadow_vertical_length_tablet=\u201d0px \u201d header_2_text_shadow_blur_strength_tablet=\u201d1px\u201d header_3_text_shadow_horizontal_length_tablet=\u201d0px\u201d header_3_text_shadow_vertical_length_tablet=\u201d0px\u201d header_3_text_shadow_blur_strength_tablet =\u201d1px\u201d header_4_text_shadow_horizontal_length_tablet=\u201d0px\u201d header_4_text_shadow_vertical_length_tablet=\u201d0px\u201d header_4_text_shadow_blur_strength_tablet=\u201d1px\u201d header_5_text_shadow_horizontal_length_tablet=\u201d0px\u201d header_5_text_shadow_vertical_length_tablet=\u201d0px\u201d header_5_text_shadow_blur_streng th_tablet=\u201d1px\u201d header_6_text_shadow_horizontal_length_tablet=\u201d0px\u201d header_6_text_shadow_vertical_length_tablet=\u201d0px\u201d header_6_text_shadow_blur_strength_tablet=\u201d1px\u201d box_shadow_horizontal_tablet =\u201d0px\u201d box_shadow_vertical_tablet=\u201d0px\u201d box_shadow_blur_tablet=\u201d40px\u201d box_shadow_spread_tablet=\u201d0px\u201d global_colors_info=\u201d{}\u201d]\n<table id=\"tablepress-115\" class=\"tablepress tablepress-id-115\">\n<thead>\n<tr class=\"row-1\">\n\t<th class=\"column-1\"><strong>Obtenci\u00f3n<\/strong><\/th><th class=\"column-2\"><strong>Solicitation<\/strong><\/th><th class=\"column-3\"><strong>Estado<\/strong><\/th><th class=\"column-4\"><strong>Tentative Award<\/strong><\/th>\n<\/tr>\n<\/thead>\n<tbody class=\"row-striping row-hover\">\n<tr class=\"row-2\">\n\t<td class=\"column-1\">Adquisici\u00f3n de materiales<\/td><td class=\"column-2\">Q3\/Q4 2025<\/td><td class=\"column-3\">Active Procurement<\/td><td class=\"column-4\">January \u2013 May 2026<\/td>\n<\/tr>\n<tr class=\"row-3\">\n\t<td class=\"column-1\">TSCC<\/td><td class=\"column-2\">Nov-25<\/td><td class=\"column-3\">Active Procurement<\/td><td class=\"column-4\">Jun-26<\/td>\n<\/tr>\n<tr class=\"row-4\">\n\t<td class=\"column-1\">CDA<\/td><td class=\"column-2\">Dec-25<\/td><td class=\"column-3\">Active Procurement<\/td><td class=\"column-4\">Jun-26<\/td>\n<\/tr>\n<tr class=\"row-5\">\n\t<td class=\"column-1\">Power Generation P3<\/td><td class=\"column-2\">Q2\/Q3 2026<\/td><td class=\"column-3\">RFEI released January 2026<\/td><td class=\"column-4\">TBD<\/td>\n<\/tr>\n<tr class=\"row-6\">\n\t<td class=\"column-1\">MATOC<\/td><td class=\"column-2\">Q4 2025<\/td><td class=\"column-3\">Finalizing Award<\/td><td class=\"column-4\">March\/April 2026<\/td>\n<\/tr>\n<tr class=\"row-7\">\n\t<td class=\"column-1\">AE IDIQ<\/td><td class=\"column-2\">Mar-26<\/td><td class=\"column-3\">Pending Qualification Submissions<\/td><td class=\"column-4\">Q3 2026<\/td>\n<\/tr>\n<tr class=\"row-8\">\n\t<td class=\"column-1\">PDP (Program Delivery Partner)<\/td><td class=\"column-2\">Q3\/Q4 2026<\/td><td class=\"column-3\">Developing Scope<\/td><td class=\"column-4\">Late 2027<\/td>\n<\/tr>\n<tr class=\"row-9\">\n\t<td class=\"column-1\">Maintenance Facility\/OCC<\/td><td class=\"column-2\">TBD<\/td><td class=\"column-3\">Pr\u00f3ximamente<\/td><td class=\"column-4\">TBD<\/td>\n<\/tr>\n<tr class=\"row-10\">\n\t<td class=\"column-1\">Juegos de trenes<\/td><td class=\"column-2\">2023<\/td><td class=\"column-3\">Active Procurement<\/td><td class=\"column-4\">TBD<\/td>\n<\/tr>\n<tr class=\"row-11\">\n\t<td class=\"column-1\">FSEW<\/td><td class=\"column-2\">Dec-25<\/td><td class=\"column-3\">Active Procurement<\/td><td class=\"column-4\">Apr-26<\/td>\n<\/tr>\n<tr class=\"row-12\">\n\t<td class=\"column-1\">M2M PDB<\/td><td class=\"column-2\">May\/June 2026<\/td><td class=\"column-3\">Finalizing documentation<\/td><td class=\"column-4\">Q4 2026\/ Q1 2027<\/td>\n<\/tr>\n<tr class=\"row-13\">\n\t<td class=\"column-1\">LGA PDB<\/td><td class=\"column-2\">Q3\/Q4 2026<\/td><td class=\"column-3\">Developing Scope<\/td><td class=\"column-4\">Q1\/Q2 2027<\/td>\n<\/tr>\n<tr class=\"row-14\">\n\t<td class=\"column-1\">Tunnels<\/td><td class=\"column-2\">TBD<\/td><td class=\"column-3\">Pr\u00f3ximamente<\/td><td class=\"column-4\">TBD<\/td>\n<\/tr>\n<\/tbody>\n<\/table>\n<!-- #tablepress-115 from cache --><br \/>\n[\/et_pb_text][\/et_pb_column_inner][\/et_pb_row_inner][\/et_pb_column][et_pb_column type=&#8221;1_3&#8243; _builder_version=&#8221;4.16&#8243; custom_padding=&#8221;|||&#8221; global_colors_info=&#8221;{}&#8221; custom_padding__hover=&#8221;|||&#8221;][et_pb_divider color=&#8221;#007fad&#8221; admin_label=&#8221;Sidebar Spacer&#8221; _builder_version=&#8221;4.16&#8243; background_color=&#8221;#007fad&#8221; vertical_offset_tablet=&#8221;0&#8243; horizontal_offset_tablet=&#8221;0&#8243; custom_margin=&#8221;||0px|&#8221; custom_padding=&#8221;7rem|||&#8221; custom_padding_tablet=&#8221;0px|||&#8221; custom_padding_phone=&#8221;&#8221; custom_padding_last_edited=&#8221;on|desktop&#8221; z_index_tablet=&#8221;0&#8243; box_shadow_horizontal_tablet=&#8221;0px&#8221; box_shadow_vertical_tablet=&#8221;0px&#8221; box_shadow_blur_tablet=&#8221;40px&#8221; box_shadow_spread_tablet=&#8221;0px&#8221; locked=&#8221;on&#8221; global_colors_info=&#8221;{}&#8221;][\/et_pb_divider][et_pb_ca_siblingPages _builder_version=&#8221;4.16&#8243; background_color=&#8221;#007fad&#8221; vertical_offset_tablet=&#8221;0&#8243; horizontal_offset_tablet=&#8221;0&#8243; custom_padding=&#8221;1rem|1rem|1rem|1rem&#8221; z_index_tablet=&#8221;0&#8243; custom_css_main_element=&#8221;margin-bottom: 0 !important;&#8221; module_text_shadow_horizontal_length_tablet=&#8221;0px&#8221; module_text_shadow_vertical_length_tablet=&#8221;0px&#8221; module_text_shadow_blur_strength_tablet=&#8221;1px&#8221; box_shadow_horizontal_tablet=&#8221;0px&#8221; box_shadow_vertical_tablet=&#8221;0px&#8221; box_shadow_blur_tablet=&#8221;40px&#8221; box_shadow_spread_tablet=&#8221;0px&#8221; text_shadow_horizontal_length_tablet=&#8221;0px&#8221; text_shadow_vertical_length_tablet=&#8221;0px&#8221; text_shadow_blur_strength_tablet=&#8221;1px&#8221; locked=&#8221;on&#8221; global_colors_info=&#8221;{}&#8221;][\/et_pb_ca_siblingPages][et_pb_text admin_label=&#8221;Sidebar &#8211; Business Opp Resources 2&#8243; _builder_version=&#8221;4.23.1&#8243; header_2_font=&#8221;|700||on|||||&#8221; header_2_font_size=&#8221;20px&#8221; vertical_offset_tablet=&#8221;0&#8243; horizontal_offset_tablet=&#8221;0&#8243; z_index_tablet=&#8221;0&#8243; text_text_shadow_horizontal_length_tablet=&#8221;0px&#8221; text_text_shadow_vertical_length_tablet=&#8221;0px&#8221; text_text_shadow_blur_strength_tablet=&#8221;1px&#8221; link_text_shadow_horizontal_length_tablet=&#8221;0px&#8221; link_text_shadow_vertical_length_tablet=&#8221;0px&#8221; link_text_shadow_blur_strength_tablet=&#8221;1px&#8221; ul_text_shadow_horizontal_length_tablet=&#8221;0px&#8221; ul_text_shadow_vertical_length_tablet=&#8221;0px&#8221; ul_text_shadow_blur_strength_tablet=&#8221;1px&#8221; ol_text_shadow_horizontal_length_tablet=&#8221;0px&#8221; ol_text_shadow_vertical_length_tablet=&#8221;0px&#8221; ol_text_shadow_blur_strength_tablet=&#8221;1px&#8221; quote_text_shadow_horizontal_length_tablet=&#8221;0px&#8221; quote_text_shadow_vertical_length_tablet=&#8221;0px&#8221; quote_text_shadow_blur_strength_tablet=&#8221;1px&#8221; header_text_shadow_horizontal_length_tablet=&#8221;0px&#8221; header_text_shadow_vertical_length_tablet=&#8221;0px&#8221; header_text_shadow_blur_strength_tablet=&#8221;1px&#8221; header_2_text_shadow_horizontal_length_tablet=&#8221;0px&#8221; header_2_text_shadow_vertical_length_tablet=&#8221;0px&#8221; header_2_text_shadow_blur_strength_tablet=&#8221;1px&#8221; header_3_text_shadow_horizontal_length_tablet=&#8221;0px&#8221; header_3_text_shadow_vertical_length_tablet=&#8221;0px&#8221; header_3_text_shadow_blur_strength_tablet=&#8221;1px&#8221; header_4_text_shadow_horizontal_length_tablet=&#8221;0px&#8221; header_4_text_shadow_vertical_length_tablet=&#8221;0px&#8221; header_4_text_shadow_blur_strength_tablet=&#8221;1px&#8221; header_5_text_shadow_horizontal_length_tablet=&#8221;0px&#8221; header_5_text_shadow_vertical_length_tablet=&#8221;0px&#8221; header_5_text_shadow_blur_strength_tablet=&#8221;1px&#8221; header_6_text_shadow_horizontal_length_tablet=&#8221;0px&#8221; header_6_text_shadow_vertical_length_tablet=&#8221;0px&#8221; header_6_text_shadow_blur_strength_tablet=&#8221;1px&#8221; box_shadow_horizontal_tablet=&#8221;0px&#8221; box_shadow_vertical_tablet=&#8221;0px&#8221; box_shadow_blur_tablet=&#8221;40px&#8221; box_shadow_spread_tablet=&#8221;0px&#8221; global_module=&#8221;9823&#8243; saved_tabs=&#8221;all&#8221; locked=&#8221;off&#8221; global_colors_info=&#8221;{}&#8221;]<\/p>\n<h2>Recursos<\/h2>\n<ul>\n<li><a href=\"https:\/\/caleprocure.ca.gov\/pages\/\">Cal eProcure<\/a><\/li>\n<li><a href=\"https:\/\/hsr.ca.gov\/es\/business-opportunities\/small-business-program\/\">Programa para peque\u00f1as empresas<\/a><\/li>\n<li><a href=\"\/es\/business-opportunities\/procurements\/architectural-engineering-and-capital-contracts\/\">Contratos de construcci\u00f3n<\/a><\/li>\n<\/ul>\n<p>[\/et_pb_text][et_pb_text admin_label=\u201dBarra lateral \u2013 Contacto de oportunidades de negocio\u201d _builder_version=\u201d4.23.1\u2033 header_2_font=\u201d|700||on|||||\u201d header_2_font_size=\u201d20px\u201d vertical_offset_tablet=\u201d0\u2033 horizontal_offset_tablet=\u201d0\u2033 z_index_tablet=\u201d0\u2033 text_text_shadow_horizontal_length_tablet=\u201d0px\u201d text_text_shadow_vertical_length_tablet=\u201d0px\u201d text_text_shadow_blur_strength_tablet=\u201d1px\u201d link_text_shadow_horizontal_length_tablet=\u201d0px\u201d link_text_shadow_vertical_length_tablet=\u201d0px\u201d link_text_shadow_blur_strength_tablet=\u201d1px\u201d ul_text_shadow_horizontal_length_tablet=\u201d0px\u201d ul_text_shadow_vertical_length_tablet=\u201d0px\u201d ul_text_shadow_blur_strength_tablet=\u201d1px\u201d ol_text_shadow_horizontal_length_tablet=\u201d0px\u201d ol_text_shadow_vertical_length_tablet=\u201d0px\u201d ol_text_shadow_blur_strength_tablet=\u201d1px\u201d quote_text_shadow_horizontal_length_tablet=\u201d0px\u201d quote_text_shadow_vertical_length_tablet=\u201d0px\u201d quote_text_shadow_blur_strength_tablet=\u201d1px\u201d header_text_shadow_horizontal_length_tablet=\u201d0px\u201d header_text_shadow_vertical_length_tablet=\u201d0px\u201d header_text_shadow_blur_strength_tablet=\u201d1px\u201d header_2_text_shadow_horizontal_length_tablet=\u201d0px\u201d header_2_text_shadow_vertical_length_tablet=\u201d0px\u201d header_2_text_shadow_blur_strength_tablet=\u201d1px\u201d header_3_text_shadow_horizontal_length_tablet=\u201d0px\u201d header_3_text_shadow_vertical_length_tablet=\u201d0px\u201d header_3_text_shadow_blur_strength_tablet=\u201d1px\u201d header_4_text_shadow_horizontal_length_tablet=\u201d0px\u201d header_4_text_shadow_vertical_length_tablet=\u201d0px\u201d header_4_text_shadow_blur_strength_tablet=\u201d1px\u201d header_5_text_shadow_horizontal_length_tablet=\u201d0px\u201d header_5_text_shadow_vertical_length_tablet=\u201d0px\u201d header_5_text_shadow_blur_strength_tablet=\u201d1px\u201d header_6_text_shadow_horizontal_length_tablet=\u201d0px\u201d header_6_text_shadow_vertical_length_tablet=\u201d0px\u201d header_6_text_shadow_blur_strength_tablet=\u201d1px\u201d box_shadow_horizontal_tablet=\u201d0px\u201d box_shadow_vertical_tablet=\u201d0px\u201d box_shadow_blur_tablet=\u201d40px\u201d box_shadow_spread_tablet=\u201d0px\u201d global_module=\u201d9822\u2033 pesta\u00f1as guardadas=\u201dtodas\u201d bloqueadas=\u201ddesactivadas\u201d global_colores_info=\u201d{}\u201d]<\/p>\n<h2>Contacto<\/h2>\n<p><strong>Oficina de Contrataciones<br \/><\/strong>(916) 324-1541<br \/><a href=\"mailto:capitalprocurement@hsr.ca.gov\">capitalprocurement@hsr.ca.gov<\/a><\/p>\n<p><strong>Programa para peque\u00f1as empresas<\/strong><br \/>(916) 431-2930<br \/><a href=\"mailto:sbprogram@hsr.ca.gov?subject=HSRA Web Inquiry: Business Opportunities - Contracts Out for Bid\">sbprogram@hsr.ca.gov<\/a><\/p>\n<p>[\/et_pb_text][\/et_pb_column][\/et_pb_section][et_pb_section fb_built=&#8221;1&#8243; admin_label=&#8221;Global Footer&#8221; module_class=&#8221;section-primary&#8221; _builder_version=&#8221;4.16&#8243; background_color=&#8221;#22407d&#8221; vertical_offset_tablet=&#8221;0&#8243; horizontal_offset_tablet=&#8221;0&#8243; z_index_tablet=&#8221;0&#8243; box_shadow_horizontal_tablet=&#8221;0px&#8221; box_shadow_vertical_tablet=&#8221;0px&#8221; box_shadow_blur_tablet=&#8221;40px&#8221; box_shadow_spread_tablet=&#8221;0px&#8221; global_module=&#8221;1188&#8243; locked=&#8221;off&#8221; collapsed=&#8221;off&#8221; global_colors_info=&#8221;{}&#8221;][et_pb_row admin_label=&#8221;Row&#8221; _builder_version=&#8221;4.16&#8243; background_size=&#8221;initial&#8221; background_position=&#8221;top_left&#8221; background_repeat=&#8221;repeat&#8221; collapsed=&#8221;on&#8221; global_colors_info=&#8221;{}&#8221;][et_pb_column type=&#8221;4_4&#8243; _builder_version=&#8221;4.16&#8243; custom_padding=&#8221;|||&#8221; global_colors_info=&#8221;{}&#8221; custom_padding__hover=&#8221;|||&#8221;][et_pb_text admin_label=&#8221;Footer Buttons&#8221; _builder_version=&#8221;4.23.1&#8243; vertical_offset_tablet=&#8221;0&#8243; horizontal_offset_tablet=&#8221;0&#8243; text_orientation=&#8221;center&#8221; z_index_tablet=&#8221;0&#8243; text_text_shadow_horizontal_length_tablet=&#8221;0px&#8221; text_text_shadow_vertical_length_tablet=&#8221;0px&#8221; text_text_shadow_blur_strength_tablet=&#8221;1px&#8221; link_text_shadow_horizontal_length_tablet=&#8221;0px&#8221; link_text_shadow_vertical_length_tablet=&#8221;0px&#8221; link_text_shadow_blur_strength_tablet=&#8221;1px&#8221; ul_text_shadow_horizontal_length_tablet=&#8221;0px&#8221; ul_text_shadow_vertical_length_tablet=&#8221;0px&#8221; ul_text_shadow_blur_strength_tablet=&#8221;1px&#8221; ol_text_shadow_horizontal_length_tablet=&#8221;0px&#8221; ol_text_shadow_vertical_length_tablet=&#8221;0px&#8221; ol_text_shadow_blur_strength_tablet=&#8221;1px&#8221; quote_text_shadow_horizontal_length_tablet=&#8221;0px&#8221; quote_text_shadow_vertical_length_tablet=&#8221;0px&#8221; quote_text_shadow_blur_strength_tablet=&#8221;1px&#8221; header_text_shadow_horizontal_length_tablet=&#8221;0px&#8221; header_text_shadow_vertical_length_tablet=&#8221;0px&#8221; header_text_shadow_blur_strength_tablet=&#8221;1px&#8221; header_2_text_shadow_horizontal_length_tablet=&#8221;0px&#8221; header_2_text_shadow_vertical_length_tablet=&#8221;0px&#8221; header_2_text_shadow_blur_strength_tablet=&#8221;1px&#8221; header_3_text_shadow_horizontal_length_tablet=&#8221;0px&#8221; header_3_text_shadow_vertical_length_tablet=&#8221;0px&#8221; header_3_text_shadow_blur_strength_tablet=&#8221;1px&#8221; header_4_text_shadow_horizontal_length_tablet=&#8221;0px&#8221; header_4_text_shadow_vertical_length_tablet=&#8221;0px&#8221; header_4_text_shadow_blur_strength_tablet=&#8221;1px&#8221; header_5_text_shadow_horizontal_length_tablet=&#8221;0px&#8221; header_5_text_shadow_vertical_length_tablet=&#8221;0px&#8221; header_5_text_shadow_blur_strength_tablet=&#8221;1px&#8221; header_6_text_shadow_horizontal_length_tablet=&#8221;0px&#8221; header_6_text_shadow_vertical_length_tablet=&#8221;0px&#8221; header_6_text_shadow_blur_strength_tablet=&#8221;1px&#8221; box_shadow_horizontal_tablet=&#8221;0px&#8221; box_shadow_vertical_tablet=&#8221;0px&#8221; box_shadow_blur_tablet=&#8221;40px&#8221; box_shadow_spread_tablet=&#8221;0px&#8221; global_colors_info=&#8221;{}&#8221;]<\/p>\n<ul class=\"list-inline\" style=\"padding-left:-2em\">\n<li><a class=\"btn btn-secondary\" style=\"color: #555555;text-decoration: none\" href=\"https:\/\/registertovote.ca.gov\/\">Registrarse para votar<\/a><\/li>\n<li><a class=\"btn btn-secondary\" style=\"color: #555555;text-decoration: none\" href=\"https:\/\/www.dmv.ca.gov\/portal\/dmv\/detail\/realid\">ID REAL<\/a><\/li>\n<\/ul>\n<p>[\/et_pb_text][et_pb_text admin_label=\u201dPie de p\u00e1gina 508 y derechos de autor\u201d _builder_version=\u201d4.23.1\u2033 vertical_offset_tablet=\u201d0\u2033 horizontal_offset_tablet=\u201d0\u2033 text_orientation=\u201dcenter\u201d max_width=\u201d630px\u201d module_alignment=\u201dcenter\u201d custom_margin=\u201d|||2em|false|false\u201d custom_padding=\u201d|||2em|false|false\u201d z_index_tablet=\u201d0\u2033 text_text_shadow_horizontal_length_tablet=\u201d0px\u201d text_text_shadow_vertical_length_tablet=\u201d0px\u201d text_text_shadow_blur_strength_tablet=\u201d1px\u201d link_text_shadow_horizontal_length_tablet=\u201d0px\u201d link_text_shadow_vertical_length_tablet=\u201d0px\u201d link_text_shadow_blur_strength_tablet=\u201d1px\u201d ul_text_shadow_horizontal_length_tablet=\u201d0px\u201d ul_text_shadow_vertical_length_tablet=\u201d0px\u201d ul_text_shadow_blur_strength_tablet=\u201d1px\u201d ol_text_shadow_horizontal_length_tablet=\u201d0px\u201d ol_text_shadow_vertical_length_tablet=\u201d0px\u201d ol_text_shadow_blur_strength_tablet=\u201d1px\u201d quote_text_shadow_horizontal_length_tablet=\u201d0px\u201d quote_text_shadow_vertical_length_tablet=\u201d0px\u201d quote_text_shadow_blur_strength_tablet=\u201d1px\u201d header_text_shadow_horizontal_length_tablet=\u201d0px\u201d header_text_shadow_vertical_length_tablet=\u201d0px\u201d header_text_shadow_blur_strength_tablet=\u201d1px\u201d header_2_text_shadow_horizontal_length_tablet=\u201d0px\u201d header_2_text_shadow_vertical_length_tablet=\u201d0px\u201d header_2_text_shadow_blur_strength_tablet=\u201d1px\u201d header_3_text_shadow_horizontal_length_tablet=\u201d0px\u201d header_3_text_shadow_vertical_length_tablet=\u201d0px\u201d header_3_text_shadow_blur_strength_tablet=\u201d1px\u201d header_4_text_shadow_horizontal_length_tablet=\u201d0px\u201d header_4_text_shadow_vertical_length_tablet=\u201d0px\u201d header_4_text_shadow_blur_strength_tablet=\u201d1px\u201d La Autoridad de Ferrocarriles de Alta Velocidad de California hace todo lo posible para garantizar que el sitio web y su contenido cumplan con los requisitos obligatorios de la ADA seg\u00fan el est\u00e1ndar de Nivel AA de las Pautas de Accesibilidad al Contenido Web 2.0 del Estado de California. Si busca un documento espec\u00edfico que no se encuentra en el sitio web de la Autoridad de Ferrocarriles de Alta Velocidad de California, puede solicitarlo conforme a la Ley de Registros P\u00fablicos a trav\u00e9s de la p\u00e1gina de la Ley de Registros P\u00fablicos. Si tiene alguna pregunta sobre el sitio web o su contenido, comun\u00edquese con la Autoridad en <a href=\"mailto:info@hsr.ca.gov\" style=\"display:inline\">info@hsr.ca.gov<\/a>.[\/et_pb_text][\/et_pb_column][\/et_pb_row][\/et_pb_section]<\/p>","protected":false},"excerpt":{"rendered":"<p>PROCUREMENT SCHEDULE \n<table id=\"tablepress-115-no-2\" class=\"tablepress tablepress-id-115\">\n<thead>\n<tr class=\"row-1\">\n\t<th class=\"column-1\"><strong>Obtenci\u00f3n<\/strong><\/th><th class=\"column-2\"><strong>Solicitation<\/strong><\/th><th class=\"column-3\"><strong>Estado<\/strong><\/th><th class=\"column-4\"><strong>Tentative Award<\/strong><\/th>\n<\/tr>\n<\/thead>\n<tbody class=\"row-striping row-hover\">\n<tr class=\"row-2\">\n\t<td class=\"column-1\">Adquisici\u00f3n de materiales<\/td><td class=\"column-2\">Q3\/Q4 2025<\/td><td class=\"column-3\">Active Procurement<\/td><td class=\"column-4\">January \u2013 May 2026<\/td>\n<\/tr>\n<tr class=\"row-3\">\n\t<td class=\"column-1\">TSCC<\/td><td class=\"column-2\">Nov-25<\/td><td class=\"column-3\">Active Procurement<\/td><td class=\"column-4\">Jun-26<\/td>\n<\/tr>\n<tr class=\"row-4\">\n\t<td class=\"column-1\">CDA<\/td><td class=\"column-2\">Dec-25<\/td><td class=\"column-3\">Active Procurement<\/td><td class=\"column-4\">Jun-26<\/td>\n<\/tr>\n<tr class=\"row-5\">\n\t<td class=\"column-1\">Power Generation P3<\/td><td class=\"column-2\">Q2\/Q3 2026<\/td><td class=\"column-3\">RFEI released January 2026<\/td><td class=\"column-4\">TBD<\/td>\n<\/tr>\n<tr class=\"row-6\">\n\t<td class=\"column-1\">MATOC<\/td><td class=\"column-2\">Q4 2025<\/td><td class=\"column-3\">Finalizing Award<\/td><td class=\"column-4\">March\/April 2026<\/td>\n<\/tr>\n<tr class=\"row-7\">\n\t<td class=\"column-1\">AE IDIQ<\/td><td class=\"column-2\">Mar-26<\/td><td class=\"column-3\">Pending Qualification Submissions<\/td><td class=\"column-4\">Q3 2026<\/td>\n<\/tr>\n<tr class=\"row-8\">\n\t<td class=\"column-1\">PDP (Program Delivery Partner)<\/td><td class=\"column-2\">Q3\/Q4 2026<\/td><td class=\"column-3\">Developing Scope<\/td><td class=\"column-4\">Late 2027<\/td>\n<\/tr>\n<tr class=\"row-9\">\n\t<td class=\"column-1\">Maintenance Facility\/OCC<\/td><td class=\"column-2\">TBD<\/td><td class=\"column-3\">Pr\u00f3ximamente<\/td><td class=\"column-4\">TBD<\/td>\n<\/tr>\n<tr class=\"row-10\">\n\t<td class=\"column-1\">Juegos de trenes<\/td><td class=\"column-2\">2023<\/td><td class=\"column-3\">Active Procurement<\/td><td class=\"column-4\">TBD<\/td>\n<\/tr>\n<tr class=\"row-11\">\n\t<td class=\"column-1\">FSEW<\/td><td class=\"column-2\">Dec-25<\/td><td class=\"column-3\">Active Procurement<\/td><td class=\"column-4\">Apr-26<\/td>\n<\/tr>\n<tr class=\"row-12\">\n\t<td class=\"column-1\">M2M PDB<\/td><td class=\"column-2\">May\/June 2026<\/td><td class=\"column-3\">Finalizing documentation<\/td><td class=\"column-4\">Q4 2026\/ Q1 2027<\/td>\n<\/tr>\n<tr class=\"row-13\">\n\t<td class=\"column-1\">LGA PDB<\/td><td class=\"column-2\">Q3\/Q4 2026<\/td><td class=\"column-3\">Developing Scope<\/td><td class=\"column-4\">Q1\/Q2 2027<\/td>\n<\/tr>\n<tr class=\"row-14\">\n\t<td class=\"column-1\">Tunnels<\/td><td class=\"column-2\">TBD<\/td><td class=\"column-3\">Pr\u00f3ximamente<\/td><td class=\"column-4\">TBD<\/td>\n<\/tr>\n<\/tbody>\n<\/table>\n<!-- #tablepress-115-no-2 from cache --> Resources Cal eProcure Small Business Program Construction Contracts Contact Contracting Office(916) 324-1541capitalprocurement@hsr.ca.gov Small Business Program(916) 431-2930sbprogram@hsr.ca.gov Register to Vote REAL ID The California High-Speed Rail Authority makes every effort to ensure the website and its contents meet mandated ADA requirements as per the California State mandated Web Content Accessibility Guidelines [&hellip;]<\/p>","protected":false},"author":60,"featured_media":0,"parent":9793,"menu_order":3,"comment_status":"closed","ping_status":"closed","template":"","meta":{"_et_pb_use_builder":"on","_et_pb_old_content":"","_et_gb_content_width":"","_oasis_is_in_workflow":0,"_oasis_original":0,"_oasis_task_priority":"","footnotes":""},"acf":[],"publishpress_future_action":{"enabled":false,"date":"1969-12-31 16:00:00","action":"","terms":[],"taxonomy":"","browser_timezone_offset":0},"_links":{"self":[{"href":"https:\/\/hsr.ca.gov\/es\/wp-json\/wp\/v2\/pages\/73821"}],"collection":[{"href":"https:\/\/hsr.ca.gov\/es\/wp-json\/wp\/v2\/pages"}],"about":[{"href":"https:\/\/hsr.ca.gov\/es\/wp-json\/wp\/v2\/types\/page"}],"author":[{"embeddable":true,"href":"https:\/\/hsr.ca.gov\/es\/wp-json\/wp\/v2\/users\/60"}],"replies":[{"embeddable":true,"href":"https:\/\/hsr.ca.gov\/es\/wp-json\/wp\/v2\/comments?post=73821"}],"version-history":[{"count":5,"href":"https:\/\/hsr.ca.gov\/es\/wp-json\/wp\/v2\/pages\/73821\/revisions"}],"predecessor-version":[{"id":73830,"href":"https:\/\/hsr.ca.gov\/es\/wp-json\/wp\/v2\/pages\/73821\/revisions\/73830"}],"up":[{"embeddable":true,"href":"https:\/\/hsr.ca.gov\/es\/wp-json\/wp\/v2\/pages\/9793"}],"wp:attachment":[{"href":"https:\/\/hsr.ca.gov\/es\/wp-json\/wp\/v2\/media?parent=73821"}],"curies":[{"name":"wp","href":"https:\/\/api.w.org\/{rel}","templated":true}]}}