{"id":10794,"date":"2021-01-04T09:34:51","date_gmt":"2021-01-04T17:34:51","guid":{"rendered":"https:\/\/hsr.ca.gov\/?page_id=10794"},"modified":"2026-01-28T15:00:47","modified_gmt":"2026-01-28T23:00:47","slug":"tom-richards","status":"publish","type":"page","link":"https:\/\/hsr.ca.gov\/vi\/tom-richards\/","title":{"rendered":"Tom Richards"},"content":{"rendered":"<p>[et_pb_section fb_built=&#8221;1&#8243; theme_builder_area=&#8221;post_content&#8221; _builder_version=&#8221;4.23.1&#8243; _module_preset=&#8221;default&#8221;][et_pb_row _builder_version=&#8221;4.23.1&#8243; _module_preset=&#8221;default&#8221; theme_builder_area=&#8221;post_content&#8221;][et_pb_column _builder_version=&#8221;4.23.1&#8243; _module_preset=&#8221;default&#8221; type=&#8221;4_4&#8243; theme_builder_area=&#8221;post_content&#8221;][et_pb_text admin_label=&#8221;Main Content&#8221; _builder_version=&#8221;4.23.1&#8243; vertical_offset_tablet=&#8221;0&#8243; horizontal_offset_tablet=&#8221;0&#8243; z_index_tablet=&#8221;0&#8243; text_text_shadow_horizontal_length_tablet=&#8221;0px&#8221; text_text_shadow_vertical_length_tablet=&#8221;0px&#8221; text_text_shadow_blur_strength_tablet=&#8221;1px&#8221; link_text_shadow_horizontal_length_tablet=&#8221;0px&#8221; link_text_shadow_vertical_length_tablet=&#8221;0px&#8221; link_text_shadow_blur_strength_tablet=&#8221;1px&#8221; ul_text_shadow_horizontal_length_tablet=&#8221;0px&#8221; ul_text_shadow_vertical_length_tablet=&#8221;0px&#8221; ul_text_shadow_blur_strength_tablet=&#8221;1px&#8221; ol_text_shadow_horizontal_length_tablet=&#8221;0px&#8221; ol_text_shadow_vertical_length_tablet=&#8221;0px&#8221; ol_text_shadow_blur_strength_tablet=&#8221;1px&#8221; quote_text_shadow_horizontal_length_tablet=&#8221;0px&#8221; quote_text_shadow_vertical_length_tablet=&#8221;0px&#8221; quote_text_shadow_blur_strength_tablet=&#8221;1px&#8221; header_text_shadow_horizontal_length_tablet=&#8221;0px&#8221; header_text_shadow_vertical_length_tablet=&#8221;0px&#8221; header_text_shadow_blur_strength_tablet=&#8221;1px&#8221; header_2_text_shadow_horizontal_length_tablet=&#8221;0px&#8221; header_2_text_shadow_vertical_length_tablet=&#8221;0px&#8221; header_2_text_shadow_blur_strength_tablet=&#8221;1px&#8221; header_3_text_shadow_horizontal_length_tablet=&#8221;0px&#8221; header_3_text_shadow_vertical_length_tablet=&#8221;0px&#8221; header_3_text_shadow_blur_strength_tablet=&#8221;1px&#8221; header_4_text_shadow_horizontal_length_tablet=&#8221;0px&#8221; header_4_text_shadow_vertical_length_tablet=&#8221;0px&#8221; header_4_text_shadow_blur_strength_tablet=&#8221;1px&#8221; header_5_text_shadow_horizontal_length_tablet=&#8221;0px&#8221; header_5_text_shadow_vertical_length_tablet=&#8221;0px&#8221; header_5_text_shadow_blur_strength_tablet=&#8221;1px&#8221; header_6_text_shadow_horizontal_length_tablet=&#8221;0px&#8221; header_6_text_shadow_vertical_length_tablet=&#8221;0px&#8221; header_6_text_shadow_blur_strength_tablet=&#8221;1px&#8221; box_shadow_horizontal_tablet=&#8221;0px&#8221; box_shadow_vertical_tablet=&#8221;0px&#8221; box_shadow_blur_tablet=&#8221;40px&#8221; box_shadow_spread_tablet=&#8221;0px&#8221; global_colors_info=&#8221;{}&#8221; theme_builder_area=&#8221;post_content&#8221;]<\/p>\n<h1>Tom Richards, Ch\u1ee7 t\u1ecbch<\/h1>\n<div id=\"attachment_9904\" style=\"width: 170px\" class=\"wp-caption alignright\"><a href=\"https:\/\/hsr.ca.gov\/wp-content\/uploads\/2020\/12\/tom_richards.jpg\"><img decoding=\"async\" loading=\"lazy\" aria-describedby=\"caption-attachment-9904\" class=\"wp-image-9904 size-full\" src=\"https:\/\/hsr.ca.gov\/wp-content\/uploads\/2020\/12\/tom_richards.jpg\" alt=\"Tom Richards, Chair\" width=\"160\" height=\"200\" srcset=\"https:\/\/hsr.ca.gov\/wp-content\/uploads\/2020\/12\/tom_richards.jpg 160w, https:\/\/hsr.ca.gov\/wp-content\/uploads\/2020\/12\/tom_richards-10x12.jpg 10w\" sizes=\"(max-width: 160px) 100vw, 160px\" \/><\/a><p id=\"caption-attachment-9904\" class=\"wp-caption-text\">Tom Richards,<br \/>Ch\u1ee7 t\u1ecbch H\u1ed9i \u0111\u1ed3ng qu\u1ea3n tr\u1ecb.<\/p><\/div>\n<p>\u00d4ng Thomas Richards l\u00e0 Ch\u1ee7 t\u1ecbch ki\u00eam Gi\u00e1m \u0111\u1ed1c \u0111i\u1ec1u h\u00e0nh c\u1ee7a The Penstar Group, m\u1ed9t c\u00f4ng ty \u0111\u1ea7u t\u01b0, ph\u00e1t tri\u1ec3n v\u00e0 x\u00e2y d\u1ef1ng b\u1ea5t \u0111\u1ed9ng s\u1ea3n c\u00f3 tr\u1ee5 s\u1edf t\u1ea1i Fresno. C\u00e1c d\u1ef1 \u00e1n c\u1ee7a \u00f4ng \u0111\u00e3 k\u00e9o d\u00e0i t\u1eeb Santa Barbara \u0111\u1ebfn Thung l\u0169ng Trung t\u00e2m, t\u1eeb Sacramento \u0111\u1ebfn Bakersfield v\u00e0 trong Inland Empire t\u1eeb Corona \u0111\u1ebfn Victorville.<\/p>\n<p>\u00d4ng Richards l\u00e0m vi\u1ec7c v\u1edbi c\u00e1c nh\u00e0 l\u00e3nh \u0111\u1ea1o ch\u00ednh quy\u1ec1n \u0111\u1ecba ph\u01b0\u01a1ng \u0111\u1ec3 gi\u1ea3i quy\u1ebft c\u00e1c v\u1ea5n \u0111\u1ec1 v\u1ec1 ng\u01b0\u1eddi v\u00f4 gia c\u01b0 \u1edf c\u1ea3 Th\u00e0nh ph\u1ed1 v\u00e0 Qu\u1eadn Fresno. \u00d4ng ch\u1ee7 tr\u00ec H\u1ed9i \u0111\u1ed3ng K\u1ebf ho\u1ea1ch \u0111\u00e3 chu\u1ea9n b\u1ecb K\u1ebf ho\u1ea1ch 10 N\u0103m \u0111\u1ec3 Ch\u1ea5m d\u1ee9t T\u00ecnh tr\u1ea1ng V\u00f4 gia c\u01b0 m\u00e3n t\u00ednh, ng\u1ed3i trong H\u1ed9i \u0111\u1ed3ng L\u00e3nh \u0111\u1ea1o cho nh\u1eefng ng\u01b0\u1eddi t\u01b0\u01a1ng t\u1ef1 v\u00e0 ch\u1ee7 tr\u00ec S\u00e1ng ki\u1ebfn V\u1ec1 nh\u00e0 Nh\u1eefng B\u01b0\u1edbc \u0110\u1ea7u ti\u00ean c\u1ee7a Th\u1ecb tr\u01b0\u1edfng Fresno.<\/p>\n<p>\u00d4ng l\u00e0 ng\u01b0\u1eddi \u0111i \u0111\u1ea7u trong s\u00e1ng ki\u1ebfn t\u00e0i tr\u1ee3, ph\u00e1t tri\u1ec3n v\u00e0 x\u00e2y d\u1ef1ng m\u1ed9t ng\u00f4i nh\u00e0 hi\u1ebfu kh\u00e1ch \u0111\u1ec3 h\u1ed7 tr\u1ee3 c\u00e1c gia \u0111\u00ecnh b\u1ec7nh nh\u00e2n t\u1ea1i Trung t\u00e2m B\u1ecfng v\u00e0 Ch\u1ea5n th\u01b0\u01a1ng C\u1ea5p 1 c\u1ee7a Trung t\u00e2m Y t\u1ebf Khu v\u1ef1c C\u1ed9ng \u0111\u1ed3ng. Giai \u0111o\u1ea1n \u0111\u1ea7u ti\u00ean c\u1ee7a Terry&#039;s House, bao g\u1ed3m 20 d\u00e3y ph\u00f2ng, \u0111\u01b0\u1ee3c ho\u00e0n th\u00e0nh v\u00e0o n\u0103m 2010 v\u00e0 \u0111\u01b0\u1ee3c \u0111\u1eb7t t\u00ean cho anh trai c\u1ee7a m\u00ecnh l\u00e0 Terry Richards.<\/p>\n<p>\u00d4ng Richards l\u00e0 th\u00e0nh vi\u00ean tr\u01b0\u1edbc \u0111\u00e2y ho\u1eb7c gi\u00e1m \u0111\u1ed1c c\u1ee7a H\u1ed9i \u0111\u1ed3ng C\u1ed1 v\u1ea5n Kinh doanh cho Truy\u1ec1n h\u00ecnh C\u00f4ng c\u1ed9ng Valley, Hi\u1ec7p h\u1ed9i N\u00f4ng nghi\u1ec7p Qu\u1eadn 21 v\u00e0 \u1ee6y ban Gi\u00e1m s\u00e1t Bi\u1ec7n ph\u00e1p K c\u1ee7a H\u1ecdc khu Th\u1ed1ng nh\u1ea5t Fresno. \u00d4ng hi\u1ec7n l\u00e0 th\u00e0nh vi\u00ean h\u1ed9i \u0111\u1ed3ng qu\u1ea3n tr\u1ecb c\u1ee7a Khu c\u1ea3i thi\u1ec7n t\u00e0i s\u1ea3n c\u1ee7a Fresno, Ph\u00f3 ch\u1ee7 t\u1ecbch c\u1ee7a Fresno Chaffee Zoo Corporation v\u00e0 l\u00e0 Ch\u1ee7 t\u1ecbch c\u1ee7a c\u1ea3 Ban \u0111\u1ea7u t\u01b0 l\u1ef1c l\u01b0\u1ee3ng lao \u0111\u1ed9ng khu v\u1ef1c Fresno v\u00e0 Ng\u00e2n h\u00e0ng Premier Valley.<\/p>\n<p>\u00d4ng Richards l\u00e0 m\u1ed9t nh\u00e0 m\u00f4i gi\u1edbi b\u1ea5t \u0111\u1ed9ng s\u1ea3n v\u00e0 t\u1ed5ng th\u1ea7u \u0111\u01b0\u1ee3c c\u1ea5p ph\u00e9p. Anh \u1ea5y s\u1ed1ng \u1edf Fresno.<\/p>\n<p>Do Th\u1ed1ng \u0111\u1ed1c b\u1ed5 nhi\u1ec7m.<\/p>\n<p>[\/et_pb_text][\/et_pb_column][\/et_pb_row][\/et_pb_section][et_pb_section fb_built=&#8221;1&#8243; admin_label=&#8221;Global Footer&#8221; module_class=&#8221;section-primary&#8221; _builder_version=&#8221;4.16&#8243; background_color=&#8221;#22407d&#8221; vertical_offset_tablet=&#8221;0&#8243; horizontal_offset_tablet=&#8221;0&#8243; z_index_tablet=&#8221;0&#8243; box_shadow_horizontal_tablet=&#8221;0px&#8221; box_shadow_vertical_tablet=&#8221;0px&#8221; box_shadow_blur_tablet=&#8221;40px&#8221; box_shadow_spread_tablet=&#8221;0px&#8221; global_module=&#8221;1188&#8243; locked=&#8221;off&#8221; collapsed=&#8221;off&#8221; global_colors_info=&#8221;{}&#8221;][et_pb_row admin_label=&#8221;Row&#8221; _builder_version=&#8221;4.16&#8243; background_size=&#8221;initial&#8221; background_position=&#8221;top_left&#8221; background_repeat=&#8221;repeat&#8221; collapsed=&#8221;on&#8221; global_colors_info=&#8221;{}&#8221;][et_pb_column type=&#8221;4_4&#8243; _builder_version=&#8221;4.16&#8243; custom_padding=&#8221;|||&#8221; global_colors_info=&#8221;{}&#8221; custom_padding__hover=&#8221;|||&#8221;][et_pb_text admin_label=&#8221;Footer Buttons&#8221; _builder_version=&#8221;4.23.1&#8243; vertical_offset_tablet=&#8221;0&#8243; horizontal_offset_tablet=&#8221;0&#8243; text_orientation=&#8221;center&#8221; z_index_tablet=&#8221;0&#8243; text_text_shadow_horizontal_length_tablet=&#8221;0px&#8221; text_text_shadow_vertical_length_tablet=&#8221;0px&#8221; text_text_shadow_blur_strength_tablet=&#8221;1px&#8221; link_text_shadow_horizontal_length_tablet=&#8221;0px&#8221; link_text_shadow_vertical_length_tablet=&#8221;0px&#8221; link_text_shadow_blur_strength_tablet=&#8221;1px&#8221; ul_text_shadow_horizontal_length_tablet=&#8221;0px&#8221; ul_text_shadow_vertical_length_tablet=&#8221;0px&#8221; ul_text_shadow_blur_strength_tablet=&#8221;1px&#8221; ol_text_shadow_horizontal_length_tablet=&#8221;0px&#8221; ol_text_shadow_vertical_length_tablet=&#8221;0px&#8221; ol_text_shadow_blur_strength_tablet=&#8221;1px&#8221; quote_text_shadow_horizontal_length_tablet=&#8221;0px&#8221; quote_text_shadow_vertical_length_tablet=&#8221;0px&#8221; quote_text_shadow_blur_strength_tablet=&#8221;1px&#8221; header_text_shadow_horizontal_length_tablet=&#8221;0px&#8221; header_text_shadow_vertical_length_tablet=&#8221;0px&#8221; header_text_shadow_blur_strength_tablet=&#8221;1px&#8221; header_2_text_shadow_horizontal_length_tablet=&#8221;0px&#8221; header_2_text_shadow_vertical_length_tablet=&#8221;0px&#8221; header_2_text_shadow_blur_strength_tablet=&#8221;1px&#8221; header_3_text_shadow_horizontal_length_tablet=&#8221;0px&#8221; header_3_text_shadow_vertical_length_tablet=&#8221;0px&#8221; header_3_text_shadow_blur_strength_tablet=&#8221;1px&#8221; header_4_text_shadow_horizontal_length_tablet=&#8221;0px&#8221; header_4_text_shadow_vertical_length_tablet=&#8221;0px&#8221; header_4_text_shadow_blur_strength_tablet=&#8221;1px&#8221; header_5_text_shadow_horizontal_length_tablet=&#8221;0px&#8221; header_5_text_shadow_vertical_length_tablet=&#8221;0px&#8221; header_5_text_shadow_blur_strength_tablet=&#8221;1px&#8221; header_6_text_shadow_horizontal_length_tablet=&#8221;0px&#8221; header_6_text_shadow_vertical_length_tablet=&#8221;0px&#8221; header_6_text_shadow_blur_strength_tablet=&#8221;1px&#8221; box_shadow_horizontal_tablet=&#8221;0px&#8221; box_shadow_vertical_tablet=&#8221;0px&#8221; box_shadow_blur_tablet=&#8221;40px&#8221; box_shadow_spread_tablet=&#8221;0px&#8221; global_colors_info=&#8221;{}&#8221;]<\/p>\n<ul class=\"list-inline\" style=\"padding-left:-2em\">\n<li><a class=\"btn btn-secondary\" style=\"color: #555555;text-decoration: none\" href=\"https:\/\/registertovote.ca.gov\/\">\u0110\u0103ng k\u00fd b\u00ecnh ch\u1ecdn<\/a><\/li>\n<li><a class=\"btn btn-secondary\" style=\"color: #555555;text-decoration: none\" href=\"https:\/\/www.dmv.ca.gov\/portal\/dmv\/detail\/realid\">ID TH\u1eacT<\/a><\/li>\n<\/ul>\n<p>[\/et_pb_text][et_pb_text admin_label=\u201dFooter 508 v\u00e0 b\u1ea3n quy\u1ec1n\u201d _builder_version=\u201d4.23.1\u2033 vertical_offset_tablet=\u201d0\u2033 horizontal_offset_tablet=\u201d0\u2033 text_orientation=\u201dcenter\u201d max_width=\u201d630px\u201d module_alignment=\u201dcenter\u201d custom_margin=\u201d|||2em|false|false\u201d custom_padding=\u201d|||2em|false|false\u201d z_index_tablet=\u201d0\u2033 text_text_shadow_horizontal_length_tablet=\u201d0px\u201d text_text_shadow_vertical_length_tablet=\u201d0px\u201d text_text_shadow_blur_strength_tablet=\u201d1px\u201d link_text_shadow_horizontal_length_tablet=\u201d0px\u201d link_text_shadow_vertical_length_tablet=\u201d0px\u201d link_text_shadow_blur_strength_tablet=\u201d1px\u201d ul_text_shadow_horizontal_length_tablet=\u201d0px\u201d ul_text_shadow_vertical_length_tablet=\u201d0px\u201d ul_text_shadow_blur_strength_tablet=\u201d1px\u201d ol_text_shadow_horizontal_length_tablet=\u201d0px\u201d ol_text_shadow_vertical_length_tablet=\u201d0px\u201d ol_text_shadow_blur_strength_tablet=\u201d1px\u201d quote_text_shadow_horizontal_length_tablet=\u201d0px\u201d quote_text_shadow_vertical_length_tablet=\u201d0px\u201d quote_text_shadow_blur_strength_tablet=\u201d1px\u201d header_text_shadow_horizontal_length_tablet=\u201d0px\u201d header_text_shadow_vertical_length_tablet=\u201d0px\u201d header_text_shadow_blur_strength_tablet=\u201d1px\u201d header_2_text_shadow_horizontal_length_tablet=\u201d0px\u201d header_2_text_shadow_vertical_length_tablet=\u201d0px\u201d header_2_text_shadow_blur_strength_tablet=\u201d1px\u201d header_3_text_shadow_horizontal_length_tablet=\u201d0px\u201d header_3_text_shadow_vertical_length_tablet=\u201d0px\u201d header_3_text_shadow_blur_strength_tablet=\u201d1px\u201d header_4_text_shadow_horizontal_length_tablet=\u201d0px\u201d header_4_text_shadow_vertical_length_tablet=\u201d0px\u201d header_4_text_shadow_blur_strength_tablet=\u201d1px\u201d header_5_text_shadow_horizontal_length_tablet=\u201d0px\u201d header_5_text_shadow_vertical_length_tablet=\u201d0px\u201d header_5_text_shadow_blur_strength_tablet=\u201d1px\u201d header_6_text_shadow_horizontal_length_tablet=\u201d0px\u201d header_6_text_shadow_vertical_length_tablet=\u201d0px\u201d header_6_text_shadow_blur_strength_tablet=\u201d1px\u201d box_shadow_horizontal_tablet=\u201d0px\u201d box_shadow_vertical_tablet=\u201d0px\u201d box_shadow_blur_tablet=\u201d40px\u201d box_shadow_spread_tablet=\u201d0px\u201d global_colors_info=\u201d{}\u201d]C\u01a1 quan \u0110\u01b0\u1eddng s\u1eaft Cao t\u1ed1c California n\u1ed7 l\u1ef1c h\u1ebft s\u1ee9c \u0111\u1ec3 \u0111\u1ea3m b\u1ea3o trang web v\u00e0 n\u1ed9i dung c\u1ee7a trang web \u0111\u00e1p \u1ee9ng c\u00e1c y\u00eau c\u1ea7u b\u1eaft bu\u1ed9c c\u1ee7a ADA theo ti\u00eau chu\u1ea9n 2.0 C\u1ea5p \u0111\u1ed9 AA c\u1ee7a Nguy\u00ean t\u1eafc Tr\u1ee3 n\u0103ng N\u1ed9i dung Web do Ti\u1ec3u bang California ban h\u00e0nh. N\u1ebfu b\u1ea1n \u0111ang t\u00ecm ki\u1ebfm m\u1ed9t t\u00e0i li\u1ec7u c\u1ee5 th\u1ec3 kh\u00f4ng c\u00f3 tr\u00ean trang web c\u1ee7a C\u01a1 quan \u0110\u01b0\u1eddng s\u1eaft Cao t\u1ed1c California, b\u1ea1n c\u00f3 th\u1ec3 y\u00eau c\u1ea7u t\u00e0i li\u1ec7u \u0111\u00f3 theo \u0110\u1ea1o lu\u1eadt H\u1ed3 s\u01a1 C\u00f4ng khai th\u00f4ng qua trang \u0110\u1ea1o lu\u1eadt H\u1ed3 s\u01a1 C\u00f4ng khai. N\u1ebfu b\u1ea1n c\u00f3 b\u1ea5t k\u1ef3 c\u00e2u h\u1ecfi n\u00e0o v\u1ec1 trang web ho\u1eb7c n\u1ed9i dung c\u1ee7a n\u00f3, vui l\u00f2ng li\u00ean h\u1ec7 v\u1edbi C\u01a1 quan t\u1ea1i <a href=\"mailto:info@hsr.ca.gov\" style=\"display:inline\">info@hsr.ca.gov<\/a>.[\/et_pb_text][\/et_pb_column][\/et_pb_row][\/et_pb_section]<\/p>","protected":false},"excerpt":{"rendered":"<p>Tom Richards, Chair Mr. Thomas Richards is Chair and CEO of The Penstar Group, a Fresno-based real estate investment, development and construction company. His projects have extended from Santa Barbara to the Central Valley, from Sacramento to Bakersfield and in the Inland Empire from Corona to Victorville. Mr. Richards works with local government leaders to [&hellip;]<\/p>","protected":false},"author":6,"featured_media":0,"parent":0,"menu_order":0,"comment_status":"closed","ping_status":"closed","template":"","meta":{"_et_pb_use_builder":"on","_et_pb_old_content":"","_et_gb_content_width":"","_oasis_is_in_workflow":0,"_oasis_original":0,"_oasis_task_priority":"","footnotes":""},"acf":[],"publishpress_future_action":{"enabled":false,"date":"1969-12-31 16:00:00","action":"","terms":[],"taxonomy":"","browser_timezone_offset":0},"_links":{"self":[{"href":"https:\/\/hsr.ca.gov\/vi\/wp-json\/wp\/v2\/pages\/10794"}],"collection":[{"href":"https:\/\/hsr.ca.gov\/vi\/wp-json\/wp\/v2\/pages"}],"about":[{"href":"https:\/\/hsr.ca.gov\/vi\/wp-json\/wp\/v2\/types\/page"}],"author":[{"embeddable":true,"href":"https:\/\/hsr.ca.gov\/vi\/wp-json\/wp\/v2\/users\/6"}],"replies":[{"embeddable":true,"href":"https:\/\/hsr.ca.gov\/vi\/wp-json\/wp\/v2\/comments?post=10794"}],"version-history":[{"count":19,"href":"https:\/\/hsr.ca.gov\/vi\/wp-json\/wp\/v2\/pages\/10794\/revisions"}],"predecessor-version":[{"id":71598,"href":"https:\/\/hsr.ca.gov\/vi\/wp-json\/wp\/v2\/pages\/10794\/revisions\/71598"}],"wp:attachment":[{"href":"https:\/\/hsr.ca.gov\/vi\/wp-json\/wp\/v2\/media?parent=10794"}],"curies":[{"name":"wp","href":"https:\/\/api.w.org\/{rel}","templated":true}]}}