{"id":13296,"date":"2021-01-08T09:37:56","date_gmt":"2021-01-08T17:37:56","guid":{"rendered":"https:\/\/hsr.ca.gov\/?page_id=13296"},"modified":"2023-12-28T15:42:08","modified_gmt":"2023-12-28T23:42:08","slug":"manage-subscription","status":"publish","type":"page","link":"https:\/\/hsr.ca.gov\/vi\/manage-subscription\/","title":{"rendered":"Qu\u1ea3n l\u00fd \u0111\u0103ng k\u00fd \/ H\u1ee7y \u0111\u0103ng k\u00fd"},"content":{"rendered":"<p>[et_pb_section fb_built=&#8221;1&#8243; _builder_version=&#8221;4.16&#8243; _module_preset=&#8221;default&#8221; global_colors_info=&#8221;{}&#8221;][et_pb_row _builder_version=&#8221;4.16&#8243; _module_preset=&#8221;default&#8221; global_colors_info=&#8221;{}&#8221;][et_pb_column type=&#8221;4_4&#8243; _builder_version=&#8221;4.16&#8243; _module_preset=&#8221;default&#8221; global_colors_info=&#8221;{}&#8221;][et_pb_ca_breadcrumb _builder_version=&#8221;4.16&#8243; _module_preset=&#8221;default&#8221; global_colors_info=&#8221;{}&#8221;][\/et_pb_ca_breadcrumb][et_pb_text _builder_version=&#8221;4.16&#8243; _module_preset=&#8221;default&#8221; global_colors_info=&#8221;{}&#8221;]<\/p>\n<h1>Qu\u1ea3n l\u00fd \u0111\u0103ng k\u00fd \/ H\u1ee7y \u0111\u0103ng k\u00fd<\/h1>\n<p>[\/et_pb_text][et_pb_code _builder_version=&#8221;4.23.1&#8243; _module_preset=&#8221;default&#8221; hover_enabled=&#8221;0&#8243; global_colors_info=&#8221;{}&#8221; sticky_enabled=&#8221;0&#8243;]<iframe loading=\"lazy\" id=\"unsubscribeForm\" src=\"https:\/\/hsr.my.salesforce-sites.com\/ContactUs\/Unsubscribe2\" title=\"H\u1ee7y \u0111\u0103ng k\u00fd bi\u1ec3u m\u1eabu\" width=\"100%\" height=\"750\" data-single-col-width=\"489\" style=\"border: 0; max-height: 970px;\"><\/iframe>\r\n \r\n[\/et_pb_code][et_pb_text _builder_version=\u201d4.16\u2033 _module_preset=\u201dm\u1eb7c \u0111\u1ecbnh\u201d global_colors_info=\u201d{}\u201d]<\/p>\n<hr \/>\n<p><strong>Quy\u1ec1n ri\u00eang t\u01b0 c\u1ee7a b\u1ea1n<\/strong><br \/>C\u01a1 quan c\u00f3 th\u1ea9m quy\u1ec1n t\u00f4n tr\u1ecdng quy\u1ec1n ri\u00eang t\u01b0 c\u1ee7a b\u1ea1n v\u00e0 s\u1ebd kh\u00f4ng chia s\u1ebb danh s\u00e1ch \u0111\u0103ng k\u00fd v\u1edbi nh\u1eefng ng\u01b0\u1eddi kh\u00e1c tr\u1eeb khi lu\u1eadt ph\u00e1p y\u00eau c\u1ea7u.<\/p>\n<p>ng\u00e0y \u201d0\u2033 Horizontal_offset_tablet=\u201d0\u2033 z_index_tablet=\u201d0\u2033 box_shadow_horizontal_tablet=\u201d0px\u201d box_shadow_vertical_tablet=\u201d0px\u201d box_shadow_blur_tablet=\u201d40px\u201d box_shadow_ Spread_tablet=\u201d0px\u201d Global_module=\u201d1188\u2033 lock=\u201doff\u201d thu g\u1ecdn=\u201db\u1eadt\u201d Global_colors_info= \u201d{}\u201d][et_pb_row admin_label=\u201dH\u00e0ng\u201d _builder_version=\u201d4.16\u2033 n\u1ec1n_size=\u201dinitial\u201d n\u1ec1n_position=\u201dtop_left\u201d n\u1ec1n_repeat=\u201dl\u1eb7p l\u1ea1i\u201d thu g\u1ecdn=\u201dt\u1eaft\u201d Global_colors_info=\u201d{}\u201d][et_pb_column type=\u201d4_4 \u2033 _builder_version=\u201d4.16\u2033 custom_padding=\u201d|||\u201d Global_colors_info=\u201d{}\u201d custom_padding__hover=\u201d|||\u201d][et_pb_text admin_label=\u201dN\u00fat ch\u00e2n trang\u201d _builder_version=\u201d4.16\u2033 d\u1ecdc_offset_tablet=\u201d0\u2033 Horizontal_offset_tablet=\u201d0\u2033 text_orientation=\u201dcenter\u201d z_index_tablet=\u201d0\u2033 text_text_shadow_horizontal_length_tablet=\u201d 0px\u201d text_text_shadow_vertical_length_tablet=\u201d0px\u201d text_text_shadow_blur_ Strength_tablet=\u201d1px\u201d link_text_shadow_horizontal_length_tablet=\u201d0px\u201d link_text_shadow_vertical_length_tablet=\u201d0px\u201d link_text_shadow_blur_ Strength_tablet=\u201d1px\u201d ul_text_shadow_horizontal_length_tablet=\u201d0px\u201d ul_text_shadow_ Vertical_length_tablet=\u201d0px\u201d ul_text_shadow_blur_ Strength_tablet=\u201d1px\u201d ol_text_shadow_horizontal_length_tablet=\u201d0px\u201d ol_text_shadow_vertical_length_tablet=\u201d 0px\u201d ol_text_shadow_blur_ Strength_tablet=\u201d1px\u201d quote_text_shadow_horizontal_length_tablet=\u201d0px\u201d quote_text_shadow_vertical_length_tablet=\u201d0px\u201d quote_text_shadow_blur_ Strength_tablet=\u201d1px\u201d header_text_shadow_horizontal_length_tablet=\u201d0px\u201d header_text_shadow_vertical_length_tablet=\u201d0px\u201d header_text_shadow_blu r_ Strength_tablet=\u201d1px\u201d header_2_text_shadow_horizontal_length_tablet=\u201d0px\u201d header_2_text_shadow_vertical_length_tablet=\u201d0px\u201d header_2_text_shadow_blur_ Strength_tablet=\u201d 1px\u201d header_3_text_shadow_horizontal_length_tablet=\u201d0px\u201d header_3_text_shadow_vertical_length_tablet=\u201d0px\u201d header_3_text_shadow_blur_ Strength_tablet=\u201d1px\u201d header_4_text_shadow_horizontal_length_tablet=\u201d0px\u201d header_4_text_shadow_vertical_length_tablet=\u201d0px\u201d header_4_text_shadow_blur_ Strength_tablet= \u201d1px\u201d header_5_text_shadow_horizontal_length_tablet=\u201d0px\u201d header_5_text_shadow_vertical_length_tablet=\u201d0px\u201d header_5_text_shadow_blur_ Strength_tablet=\u201d1px\u201d header_6_text_shadow_horizontal_length_tablet=\u201d 0px\u201d header_6_text_shadow_vertical_length_tablet=\u201d0px\u201d header_6_text_shadow_blur_ Strength_tablet=\u201d1px\u201d box_shadow_horizontal_tablet=\u201d0px\u201d box_shadow_vertical_tablet=\u201d0px\u201d box_shadow_blur_tablet=\u201d40px\u201d box_shadow_ Lan_tablet=\u201d0px\u201d Global_colors_info=\u201d{}\u201d]<\/p>\n<ul class=\"list-inline\">\n<li><a class=\"btn btn-secondary\" href=\"https:\/\/registertovote.ca.gov\/\" style=\"color:#555555;text-decoration: none\">\u0110\u0103ng k\u00fd b\u00ecnh ch\u1ecdn<\/a><\/li>\n<li><a class=\"btn btn-secondary\" href=\"https:\/\/www.dmv.ca.gov\/portal\/dmv\/detail\/realid\" style=\"color:#555555;text-decoration: none\">ID TH\u1eacT<\/a><\/li>\n<li><a class=\"btn btn-secondary\" href=\"https:\/\/www.cdph.ca.gov\/covid19\" style=\"color:#555555;text-decoration: none\">C\u1eadp nh\u1eadt COVID-19<\/a><\/li>\n<li><a class=\"btn btn-secondary\" href=\"https:\/\/covid19.ca.gov\/vaccines\/\" style=\"color:#555555;text-decoration: none\">Ti\u00eam ch\u1ee7ng T\u1ea5t c\u1ea3 58<\/a><\/li>\n<\/ul>\n<p>[\/et_pb_text][et_pb_text admin_label=\u201dCh\u00e2n trang 508 v\u00e0 b\u1ea3n quy\u1ec1n\u201d _builder_version=\u201d4.16\u2033 Vertical_offset_tablet=\u201d0\u2033 Horizontal_offset_tablet=\u201d0\u2033 text_orientation=\u201dcenter\u201d max_width=\u201d630px\u201d module_alignment=\u201dcenter\u201d z_index_tablet=\u201d0\u2033 text_text_shadow_horizontal_length_tablet =\u201d0px\u201d text_text_shadow_vertical_length_tablet=\u201d0px\u201d text_text_shadow_blur_ Strength_tablet=\u201d1px\u201d link_text_shadow_horizontal_length_tablet=\u201d0px\u201d link_text_shadow_vertical_length_tablet=\u201d0px\u201d link_text_shadow_blur_ Strength_tablet=\u201d1px\u201d ul_text_shadow_horizontal_length_tablet=\u201d0px\u201d ul_text_shadow _vertical_length_tablet=\u201d0px\u201d ul_text_shadow_blur_ Strength_tablet=\u201d1px\u201d ol_text_shadow_horizontal_length_tablet=\u201d0px\u201d ol_text_shadow_vertical_length_tablet =\u201d0px\u201d ol_text_shadow_blur_ Strength_tablet=\u201d1px\u201d quote_text_shadow_horizontal_length_tablet=\u201d0px\u201d quote_text_shadow_vertical_length_tablet=\u201d0px\u201d quote_text_shadow_blur_ Strength_tablet=\u201d1px\u201d header_text_shadow_horizontal_length_tablet=\u201d0px\u201d header_text_shadow_vertical_length_tablet=\u201d0px\u201d header_text_shadow_ Blur_ Strength_tablet=\u201d1px\u201d header_2_text_shadow_horizontal_length_tablet=\u201d0px\u201d header_2_text_shadow_vertical_length_tablet=\u201d0px\u201d header_2_text_shadow_blur_ Strength_tablet =\u201d1px\u201d header_3_text_shadow_horizontal_length_tablet=\u201d0px\u201d header_3_text_shadow_vertical_length_tablet=\u201d0px\u201d header_3_text_shadow_blur_ Strength_tablet=\u201d1px\u201d header_4_text_shadow_horizontal_length_tablet=\u201d0px\u201d header_4_text_shadow_vertical_length_tablet=\u201d0px\u201d header_4_text_shadow_blur_ Strength_tablet =\u201d1px\u201d header_5_text_shadow_horizontal_length_tablet=\u201d0px\u201d header_5_text_shadow_vertical_length_tablet=\u201d0px\u201d header_5_text_shadow_blur_ Strength_tablet=\u201d1px\u201d header_6_text_shadow_horizontal_length_tablet =\u201d0px\u201d header_6_text_shadow_vertical_length_tablet=\u201d0px\u201d header_6_text_shadow_blur_ Strength_tablet=\u201d1px\u201d box_shadow_horizontal_tablet=\u201d0px\u201d box_shadow_vertical_tablet=\u201d0px\u201d box_shadow_blur_tablet=\u201d40px\u201d box_shadow_s Lan_tablet=\u201d0px\u201d Global_colors_info=\u201d{}\u201d]<\/p>\n<p>C\u01a1 quan \u0110\u01b0\u1eddng s\u1eaft Cao t\u1ed1c California c\u1ed1 g\u1eafng h\u1ebft s\u1ee9c \u0111\u1ec3 \u0111\u1ea3m b\u1ea3o trang web v\u00e0 n\u1ed9i dung c\u1ee7a trang web \u0111\u00e1p \u1ee9ng c\u00e1c y\u00eau c\u1ea7u b\u1eaft bu\u1ed9c c\u1ee7a ADA theo Nguy\u00ean t\u1eafc Ti\u1ebfp c\u1eadn N\u1ed9i dung Web b\u1eaft bu\u1ed9c c\u1ee7a Ti\u1ec3u bang California ti\u00eau chu\u1ea9n 2.0 M\u1ee9c AA. N\u1ebfu b\u1ea1n \u0111ang t\u00ecm ki\u1ebfm m\u1ed9t t\u00e0i li\u1ec7u c\u1ee5 th\u1ec3 kh\u00f4ng c\u00f3 tr\u00ean trang web c\u1ee7a C\u01a1 quan \u0110\u01b0\u1eddng s\u1eaft Cao t\u1ed1c California, b\u1ea1n c\u00f3 th\u1ec3 y\u00eau c\u1ea7u t\u00e0i li\u1ec7u \u0111\u00f3 theo \u0110\u1ea1o lu\u1eadt H\u1ed3 s\u01a1 C\u00f4ng c\u1ed9ng th\u00f4ng qua trang \u0110\u1ea1o lu\u1eadt H\u1ed3 s\u01a1 C\u00f4ng c\u1ed9ng. N\u1ebfu b\u1ea1n c\u00f3 b\u1ea5t k\u1ef3 c\u00e2u h\u1ecfi n\u00e0o v\u1ec1 trang web ho\u1eb7c n\u1ed9i dung c\u1ee7a n\u00f3, vui l\u00f2ng li\u00ean h\u1ec7 v\u1edbi C\u01a1 quan qu\u1ea3n l\u00fd t\u1ea1i <a href=\"mailto:info@hsr.ca.gov\">info@hsr.ca.gov<\/a>.<\/p>\n<p>[\/ et_pb_text] [\/ et_pb_column] [\/ et_pb_row] [\/ et_pb_section]<\/p>","protected":false},"excerpt":{"rendered":"<p>Qu\u1ea3n l\u00fd \u0111\u0103ng k\u00fd \/ H\u1ee7y \u0111\u0103ng k\u00fd<iframe id=\"unsubscribeForm\" src=\"https:\/\/hsr.my.salesforce-sites.com\/ContactUs\/Unsubscribe2\" title=\"H\u1ee7y \u0111\u0103ng k\u00fd bi\u1ec3u m\u1eabu\" width=\"100%\" height=\"750\" data-single-col-width=\"489\" style=\"border: 0; max-height: 970px;\"><\/iframe>\r\n \r\n Your PrivacyThe Authority respects your privacy and will not share the registration list with others except as required by law. Register to Vote REAL ID COVID-19 Updates Vaccinate All 58 The California High-Speed Rail Authority makes every effort to ensure the website and its contents meet mandated ADA requirements as per the [&hellip;]<\/p>","protected":false},"author":6,"featured_media":0,"parent":0,"menu_order":80,"comment_status":"closed","ping_status":"closed","template":"","meta":{"_et_pb_use_builder":"on","_et_pb_old_content":"","_et_gb_content_width":"","_oasis_is_in_workflow":0,"_oasis_original":0,"_oasis_task_priority":"","footnotes":""},"acf":[],"publishpress_future_action":{"enabled":false,"date":"1969-12-31 16:00:00","action":"","terms":[],"taxonomy":"","browser_timezone_offset":0},"_links":{"self":[{"href":"https:\/\/hsr.ca.gov\/vi\/wp-json\/wp\/v2\/pages\/13296"}],"collection":[{"href":"https:\/\/hsr.ca.gov\/vi\/wp-json\/wp\/v2\/pages"}],"about":[{"href":"https:\/\/hsr.ca.gov\/vi\/wp-json\/wp\/v2\/types\/page"}],"author":[{"embeddable":true,"href":"https:\/\/hsr.ca.gov\/vi\/wp-json\/wp\/v2\/users\/6"}],"replies":[{"embeddable":true,"href":"https:\/\/hsr.ca.gov\/vi\/wp-json\/wp\/v2\/comments?post=13296"}],"version-history":[{"count":17,"href":"https:\/\/hsr.ca.gov\/vi\/wp-json\/wp\/v2\/pages\/13296\/revisions"}],"predecessor-version":[{"id":49476,"href":"https:\/\/hsr.ca.gov\/vi\/wp-json\/wp\/v2\/pages\/13296\/revisions\/49476"}],"wp:attachment":[{"href":"https:\/\/hsr.ca.gov\/vi\/wp-json\/wp\/v2\/media?parent=13296"}],"curies":[{"name":"wp","href":"https:\/\/api.w.org\/{rel}","templated":true}]}}