{"id":67120,"date":"2025-09-03T14:28:51","date_gmt":"2025-09-03T21:28:51","guid":{"rendered":"https:\/\/hsr.ca.gov\/?page_id=67120"},"modified":"2026-01-28T15:06:34","modified_gmt":"2026-01-28T23:06:34","slug":"jeffrey-worthe","status":"publish","type":"page","link":"https:\/\/hsr.ca.gov\/vi\/jeffrey-worthe\/","title":{"rendered":"Jeffrey Worthe"},"content":{"rendered":"<p>[et_pb_section fb_built=&#8221;1&#8243; _builder_version=&#8221;4.23.1&#8243; _module_preset=&#8221;default&#8221; global_colors_info=&#8221;{}&#8221;][et_pb_row _builder_version=&#8221;4.23.1&#8243; _module_preset=&#8221;default&#8221; global_colors_info=&#8221;{}&#8221;][et_pb_column type=&#8221;4_4&#8243; _builder_version=&#8221;4.23.1&#8243; _module_preset=&#8221;default&#8221; global_colors_info=&#8221;{}&#8221;][et_pb_text admin_label=&#8221;Main Content&#8221; _builder_version=&#8221;4.23.1&#8243; vertical_offset_tablet=&#8221;0&#8243; horizontal_offset_tablet=&#8221;0&#8243; hover_enabled=&#8221;0&#8243; z_index_tablet=&#8221;0&#8243; text_text_shadow_horizontal_length_tablet=&#8221;0px&#8221; text_text_shadow_vertical_length_tablet=&#8221;0px&#8221; text_text_shadow_blur_strength_tablet=&#8221;1px&#8221; link_text_shadow_horizontal_length_tablet=&#8221;0px&#8221; link_text_shadow_vertical_length_tablet=&#8221;0px&#8221; link_text_shadow_blur_strength_tablet=&#8221;1px&#8221; ul_text_shadow_horizontal_length_tablet=&#8221;0px&#8221; ul_text_shadow_vertical_length_tablet=&#8221;0px&#8221; ul_text_shadow_blur_strength_tablet=&#8221;1px&#8221; ol_text_shadow_horizontal_length_tablet=&#8221;0px&#8221; ol_text_shadow_vertical_length_tablet=&#8221;0px&#8221; ol_text_shadow_blur_strength_tablet=&#8221;1px&#8221; quote_text_shadow_horizontal_length_tablet=&#8221;0px&#8221; quote_text_shadow_vertical_length_tablet=&#8221;0px&#8221; quote_text_shadow_blur_strength_tablet=&#8221;1px&#8221; header_text_shadow_horizontal_length_tablet=&#8221;0px&#8221; header_text_shadow_vertical_length_tablet=&#8221;0px&#8221; header_text_shadow_blur_strength_tablet=&#8221;1px&#8221; header_2_text_shadow_horizontal_length_tablet=&#8221;0px&#8221; header_2_text_shadow_vertical_length_tablet=&#8221;0px&#8221; header_2_text_shadow_blur_strength_tablet=&#8221;1px&#8221; header_3_text_shadow_horizontal_length_tablet=&#8221;0px&#8221; header_3_text_shadow_vertical_length_tablet=&#8221;0px&#8221; header_3_text_shadow_blur_strength_tablet=&#8221;1px&#8221; header_4_text_shadow_horizontal_length_tablet=&#8221;0px&#8221; header_4_text_shadow_vertical_length_tablet=&#8221;0px&#8221; header_4_text_shadow_blur_strength_tablet=&#8221;1px&#8221; header_5_text_shadow_horizontal_length_tablet=&#8221;0px&#8221; header_5_text_shadow_vertical_length_tablet=&#8221;0px&#8221; header_5_text_shadow_blur_strength_tablet=&#8221;1px&#8221; header_6_text_shadow_horizontal_length_tablet=&#8221;0px&#8221; header_6_text_shadow_vertical_length_tablet=&#8221;0px&#8221; header_6_text_shadow_blur_strength_tablet=&#8221;1px&#8221; box_shadow_horizontal_tablet=&#8221;0px&#8221; box_shadow_vertical_tablet=&#8221;0px&#8221; box_shadow_blur_tablet=&#8221;40px&#8221; box_shadow_spread_tablet=&#8221;0px&#8221; global_colors_info=&#8221;{}&#8221; sticky_enabled=&#8221;0&#8243;]<\/p>\n<h1>Jeffrey Worthe, Th\u00e0nh vi\u00ean H\u1ed9i \u0111\u1ed3ng qu\u1ea3n tr\u1ecb<\/h1>\n<div id=\"attachment_67121\" style=\"width: 160px\" class=\"wp-caption alignright\"><a href=\"https:\/\/hsr.ca.gov\/wp-content\/uploads\/2025\/09\/Headshot-Jeff-Worthe-scaled.jpg\"><img decoding=\"async\" loading=\"lazy\" aria-describedby=\"caption-attachment-67121\" class=\"wp-image-67121\" src=\"https:\/\/hsr.ca.gov\/wp-content\/uploads\/2025\/09\/Headshot-Jeff-Worthe-150x150.jpg\" alt=\"Headshot of Jeffrey Worthe. He is a wearing a suit jacket, button up shirt, and glasses. He is standing against a blurred background.\" width=\"150\" height=\"226\" \/><\/a><p id=\"caption-attachment-67121\" class=\"wp-caption-text\">Jeffrey Worthe,<br \/>Th\u00e0nh vi\u00ean H\u1ed9i \u0111\u1ed3ng qu\u1ea3n tr\u1ecb.<\/p><\/div>\n<p>\u00d4ng Worthe l\u00e3nh \u0111\u1ea1o Worthe Real Estate Group, m\u1ed9t c\u00f4ng ty ph\u00e1t tri\u1ec3n v\u1edbi h\u01a1n 125 nh\u00e2n vi\u00ean, t\u1eadp trung v\u00e0o vi\u1ec7c mua l\u1ea1i, ph\u00e1t tri\u1ec3n v\u00e0 t\u00e2n trang c\u00e1c b\u1ea5t \u0111\u1ed9ng s\u1ea3n v\u0103n ph\u00f2ng th\u01b0\u01a1ng m\u1ea1i t\u1ea1i Qu\u1eadn Los Angeles.<\/p>\n<p>\u00d4ng Worthe \u0111\u01b0\u1ee3c T\u1ed5ng th\u1ed1ng Biden b\u1ed5 nhi\u1ec7m l\u00e0m \u0110\u1ea1i bi\u1ec3u C\u00f4ng ch\u00fang t\u1ea1i Ph\u00e1i \u0111o\u00e0n Hoa K\u1ef3 t\u1ea1i Li\u00ean H\u1ee3p Qu\u1ed1c nhi\u1ec7m k\u1ef3 2023-2024 v\u00e0 \u0111\u01b0\u1ee3c Th\u1ed1ng \u0111\u1ed1c Newsom b\u1ed5 nhi\u1ec7m v\u00e0o h\u1ed9i \u0111\u1ed3ng qu\u1ea3n tr\u1ecb c\u1ee7a C\u01a1 quan B\u1ea3o v\u1ec7 Quy\u1ec1n ri\u00eang t\u01b0 California. G\u1ea7n \u0111\u00e2y nh\u1ea5t, \u00f4ng Worthe \u0111\u01b0\u1ee3c b\u1ed5 nhi\u1ec7m v\u00e0o H\u1ed9i \u0111\u1ed3ng Qu\u1ea3n tr\u1ecb c\u1ee7a C\u01a1 quan \u0110\u01b0\u1eddng s\u1eaft Cao t\u1ed1c California. \u00d4ng c\u0169ng l\u00e0 th\u00e0nh vi\u00ean s\u00e1ng l\u1eadp c\u1ee7a Trung t\u00e2m B\u1ea5t \u0111\u1ed9ng s\u1ea3n Ziman thu\u1ed9c \u0110\u1ea1i h\u1ecdc California, Los Angeles (UCLA), th\u00e0nh vi\u00ean Nh\u00f3m L\u00e3nh \u0111\u1ea1o C\u1ed1t l\u00f5i c\u1ee7a \u1ee6y ban Th\u1ec3 thao &amp; Gi\u1ea3i tr\u00ed Los Angeles (LAS), v\u00e0 l\u00e0 th\u00e0nh vi\u00ean h\u1ed9i \u0111\u1ed3ng qu\u1ea3n tr\u1ecb c\u1ee7a B\u1ec7nh vi\u1ec7n Nhi Los Angeles h\u01a1n 20 n\u0103m, n\u01a1i \u00f4ng t\u1eebng l\u00e0 Ch\u1ee7 t\u1ecbch H\u1ed9i \u0111\u1ed3ng Qu\u1ea3n tr\u1ecb.<\/p>\n<p>\u00d4ng Worthe t\u1ed1t nghi\u1ec7p C\u1eed nh\u00e2n Kinh t\u1ebf t\u1ea1i \u0110\u1ea1i h\u1ecdc California, Santa Barbara v\u00e0 t\u1eebng l\u00e0 \u1ee7y vi\u00ean qu\u1ea3n tr\u1ecb c\u1ee7a Qu\u1ef9 UCSB. \u00d4ng l\u00e0 m\u1ed9t nh\u00e0 l\u00e3nh \u0111\u1ea1o v\u00e0 c\u1ed1 v\u1ea5n t\u1eadn t\u1ee5y, lu\u00f4n h\u00e0o ph\u00f3ng d\u00e0nh th\u1eddi gian, chuy\u00ean m\u00f4n v\u00e0 h\u1ed7 tr\u1ee3 t\u00e0i ch\u00ednh cho nhi\u1ec1u t\u1ed5 ch\u1ee9c t\u1eeb thi\u1ec7n tr\u00ean kh\u1eafp Los Angeles.<\/p>\n<p>[\/et_pb_text][\/et_pb_column][\/et_pb_row][\/et_pb_section][et_pb_section fb_built=&#8221;1&#8243; admin_label=&#8221;Global Footer&#8221; module_class=&#8221;section-primary&#8221; _builder_version=&#8221;4.16&#8243; background_color=&#8221;#22407d&#8221; vertical_offset_tablet=&#8221;0&#8243; horizontal_offset_tablet=&#8221;0&#8243; z_index_tablet=&#8221;0&#8243; box_shadow_horizontal_tablet=&#8221;0px&#8221; box_shadow_vertical_tablet=&#8221;0px&#8221; box_shadow_blur_tablet=&#8221;40px&#8221; box_shadow_spread_tablet=&#8221;0px&#8221; global_module=&#8221;1188&#8243; locked=&#8221;off&#8221; collapsed=&#8221;off&#8221; global_colors_info=&#8221;{}&#8221;][et_pb_row admin_label=&#8221;Row&#8221; _builder_version=&#8221;4.16&#8243; background_size=&#8221;initial&#8221; background_position=&#8221;top_left&#8221; background_repeat=&#8221;repeat&#8221; collapsed=&#8221;on&#8221; global_colors_info=&#8221;{}&#8221;][et_pb_column type=&#8221;4_4&#8243; _builder_version=&#8221;4.16&#8243; custom_padding=&#8221;|||&#8221; global_colors_info=&#8221;{}&#8221; custom_padding__hover=&#8221;|||&#8221;][et_pb_text admin_label=&#8221;Footer Buttons&#8221; _builder_version=&#8221;4.23.1&#8243; vertical_offset_tablet=&#8221;0&#8243; horizontal_offset_tablet=&#8221;0&#8243; text_orientation=&#8221;center&#8221; z_index_tablet=&#8221;0&#8243; text_text_shadow_horizontal_length_tablet=&#8221;0px&#8221; text_text_shadow_vertical_length_tablet=&#8221;0px&#8221; text_text_shadow_blur_strength_tablet=&#8221;1px&#8221; link_text_shadow_horizontal_length_tablet=&#8221;0px&#8221; link_text_shadow_vertical_length_tablet=&#8221;0px&#8221; link_text_shadow_blur_strength_tablet=&#8221;1px&#8221; ul_text_shadow_horizontal_length_tablet=&#8221;0px&#8221; ul_text_shadow_vertical_length_tablet=&#8221;0px&#8221; ul_text_shadow_blur_strength_tablet=&#8221;1px&#8221; ol_text_shadow_horizontal_length_tablet=&#8221;0px&#8221; ol_text_shadow_vertical_length_tablet=&#8221;0px&#8221; ol_text_shadow_blur_strength_tablet=&#8221;1px&#8221; quote_text_shadow_horizontal_length_tablet=&#8221;0px&#8221; quote_text_shadow_vertical_length_tablet=&#8221;0px&#8221; quote_text_shadow_blur_strength_tablet=&#8221;1px&#8221; header_text_shadow_horizontal_length_tablet=&#8221;0px&#8221; header_text_shadow_vertical_length_tablet=&#8221;0px&#8221; header_text_shadow_blur_strength_tablet=&#8221;1px&#8221; header_2_text_shadow_horizontal_length_tablet=&#8221;0px&#8221; header_2_text_shadow_vertical_length_tablet=&#8221;0px&#8221; header_2_text_shadow_blur_strength_tablet=&#8221;1px&#8221; header_3_text_shadow_horizontal_length_tablet=&#8221;0px&#8221; header_3_text_shadow_vertical_length_tablet=&#8221;0px&#8221; header_3_text_shadow_blur_strength_tablet=&#8221;1px&#8221; header_4_text_shadow_horizontal_length_tablet=&#8221;0px&#8221; header_4_text_shadow_vertical_length_tablet=&#8221;0px&#8221; header_4_text_shadow_blur_strength_tablet=&#8221;1px&#8221; header_5_text_shadow_horizontal_length_tablet=&#8221;0px&#8221; header_5_text_shadow_vertical_length_tablet=&#8221;0px&#8221; header_5_text_shadow_blur_strength_tablet=&#8221;1px&#8221; header_6_text_shadow_horizontal_length_tablet=&#8221;0px&#8221; header_6_text_shadow_vertical_length_tablet=&#8221;0px&#8221; header_6_text_shadow_blur_strength_tablet=&#8221;1px&#8221; box_shadow_horizontal_tablet=&#8221;0px&#8221; box_shadow_vertical_tablet=&#8221;0px&#8221; box_shadow_blur_tablet=&#8221;40px&#8221; box_shadow_spread_tablet=&#8221;0px&#8221; global_colors_info=&#8221;{}&#8221;]<\/p>\n<ul class=\"list-inline\" style=\"padding-left:-2em\">\n<li><a class=\"btn btn-secondary\" style=\"color: #555555;text-decoration: none\" href=\"https:\/\/registertovote.ca.gov\/\">\u0110\u0103ng k\u00fd b\u00ecnh ch\u1ecdn<\/a><\/li>\n<li><a class=\"btn btn-secondary\" style=\"color: #555555;text-decoration: none\" href=\"https:\/\/www.dmv.ca.gov\/portal\/dmv\/detail\/realid\">ID TH\u1eacT<\/a><\/li>\n<\/ul>\n<p>[\/et_pb_text][et_pb_text admin_label=\u201dFooter 508 v\u00e0 b\u1ea3n quy\u1ec1n\u201d _builder_version=\u201d4.23.1\u2033 vertical_offset_tablet=\u201d0\u2033 horizontal_offset_tablet=\u201d0\u2033 text_orientation=\u201dcenter\u201d max_width=\u201d630px\u201d module_alignment=\u201dcenter\u201d custom_margin=\u201d|||2em|false|false\u201d custom_padding=\u201d|||2em|false|false\u201d z_index_tablet=\u201d0\u2033 text_text_shadow_horizontal_length_tablet=\u201d0px\u201d text_text_shadow_vertical_length_tablet=\u201d0px\u201d text_text_shadow_blur_strength_tablet=\u201d1px\u201d link_text_shadow_horizontal_length_tablet=\u201d0px\u201d link_text_shadow_vertical_length_tablet=\u201d0px\u201d link_text_shadow_blur_strength_tablet=\u201d1px\u201d ul_text_shadow_horizontal_length_tablet=\u201d0px\u201d ul_text_shadow_vertical_length_tablet=\u201d0px\u201d ul_text_shadow_blur_strength_tablet=\u201d1px\u201d ol_text_shadow_horizontal_length_tablet=\u201d0px\u201d ol_text_shadow_vertical_length_tablet=\u201d0px\u201d ol_text_shadow_blur_strength_tablet=\u201d1px\u201d quote_text_shadow_horizontal_length_tablet=\u201d0px\u201d quote_text_shadow_vertical_length_tablet=\u201d0px\u201d quote_text_shadow_blur_strength_tablet=\u201d1px\u201d header_text_shadow_horizontal_length_tablet=\u201d0px\u201d header_text_shadow_vertical_length_tablet=\u201d0px\u201d header_text_shadow_blur_strength_tablet=\u201d1px\u201d header_2_text_shadow_horizontal_length_tablet=\u201d0px\u201d header_2_text_shadow_vertical_length_tablet=\u201d0px\u201d header_2_text_shadow_blur_strength_tablet=\u201d1px\u201d header_3_text_shadow_horizontal_length_tablet=\u201d0px\u201d header_3_text_shadow_vertical_length_tablet=\u201d0px\u201d header_3_text_shadow_blur_strength_tablet=\u201d1px\u201d header_4_text_shadow_horizontal_length_tablet=\u201d0px\u201d header_4_text_shadow_vertical_length_tablet=\u201d0px\u201d header_4_text_shadow_blur_strength_tablet=\u201d1px\u201d header_5_text_shadow_horizontal_length_tablet=\u201d0px\u201d header_5_text_shadow_vertical_length_tablet=\u201d0px\u201d header_5_text_shadow_blur_strength_tablet=\u201d1px\u201d header_6_text_shadow_horizontal_length_tablet=\u201d0px\u201d header_6_text_shadow_vertical_length_tablet=\u201d0px\u201d header_6_text_shadow_blur_strength_tablet=\u201d1px\u201d box_shadow_horizontal_tablet=\u201d0px\u201d box_shadow_vertical_tablet=\u201d0px\u201d box_shadow_blur_tablet=\u201d40px\u201d box_shadow_spread_tablet=\u201d0px\u201d global_colors_info=\u201d{}\u201d]C\u01a1 quan \u0110\u01b0\u1eddng s\u1eaft Cao t\u1ed1c California n\u1ed7 l\u1ef1c h\u1ebft s\u1ee9c \u0111\u1ec3 \u0111\u1ea3m b\u1ea3o trang web v\u00e0 n\u1ed9i dung c\u1ee7a trang web \u0111\u00e1p \u1ee9ng c\u00e1c y\u00eau c\u1ea7u b\u1eaft bu\u1ed9c c\u1ee7a ADA theo ti\u00eau chu\u1ea9n 2.0 C\u1ea5p \u0111\u1ed9 AA c\u1ee7a Nguy\u00ean t\u1eafc Tr\u1ee3 n\u0103ng N\u1ed9i dung Web do Ti\u1ec3u bang California ban h\u00e0nh. N\u1ebfu b\u1ea1n \u0111ang t\u00ecm ki\u1ebfm m\u1ed9t t\u00e0i li\u1ec7u c\u1ee5 th\u1ec3 kh\u00f4ng c\u00f3 tr\u00ean trang web c\u1ee7a C\u01a1 quan \u0110\u01b0\u1eddng s\u1eaft Cao t\u1ed1c California, b\u1ea1n c\u00f3 th\u1ec3 y\u00eau c\u1ea7u t\u00e0i li\u1ec7u \u0111\u00f3 theo \u0110\u1ea1o lu\u1eadt H\u1ed3 s\u01a1 C\u00f4ng khai th\u00f4ng qua trang \u0110\u1ea1o lu\u1eadt H\u1ed3 s\u01a1 C\u00f4ng khai. N\u1ebfu b\u1ea1n c\u00f3 b\u1ea5t k\u1ef3 c\u00e2u h\u1ecfi n\u00e0o v\u1ec1 trang web ho\u1eb7c n\u1ed9i dung c\u1ee7a n\u00f3, vui l\u00f2ng li\u00ean h\u1ec7 v\u1edbi C\u01a1 quan t\u1ea1i <a href=\"mailto:info@hsr.ca.gov\" style=\"display:inline\">info@hsr.ca.gov<\/a>.[\/et_pb_text][\/et_pb_column][\/et_pb_row][\/et_pb_section]<\/p>","protected":false},"excerpt":{"rendered":"<p>Jeffrey Worthe,\u00a0 Board Member Mr. Worthe leads Worthe Real Estate Group, a development firm with over 125 employees, that is focused on acquiring, developing, and refurbishing commercial office properties in the greater Los Angeles County. Mr. Worthe was appointed by President Biden as a Public Delegate to the U.S. Mission to the United Nations for [&hellip;]<\/p>","protected":false},"author":60,"featured_media":0,"parent":0,"menu_order":58,"comment_status":"closed","ping_status":"closed","template":"","meta":{"_et_pb_use_builder":"on","_et_pb_old_content":"","_et_gb_content_width":"","_oasis_is_in_workflow":0,"_oasis_original":0,"_oasis_task_priority":"","footnotes":""},"acf":[],"publishpress_future_action":{"enabled":false,"date":"1969-12-31 16:00:00","action":"","terms":[],"taxonomy":"","browser_timezone_offset":0},"_links":{"self":[{"href":"https:\/\/hsr.ca.gov\/vi\/wp-json\/wp\/v2\/pages\/67120"}],"collection":[{"href":"https:\/\/hsr.ca.gov\/vi\/wp-json\/wp\/v2\/pages"}],"about":[{"href":"https:\/\/hsr.ca.gov\/vi\/wp-json\/wp\/v2\/types\/page"}],"author":[{"embeddable":true,"href":"https:\/\/hsr.ca.gov\/vi\/wp-json\/wp\/v2\/users\/60"}],"replies":[{"embeddable":true,"href":"https:\/\/hsr.ca.gov\/vi\/wp-json\/wp\/v2\/comments?post=67120"}],"version-history":[{"count":13,"href":"https:\/\/hsr.ca.gov\/vi\/wp-json\/wp\/v2\/pages\/67120\/revisions"}],"predecessor-version":[{"id":71619,"href":"https:\/\/hsr.ca.gov\/vi\/wp-json\/wp\/v2\/pages\/67120\/revisions\/71619"}],"wp:attachment":[{"href":"https:\/\/hsr.ca.gov\/vi\/wp-json\/wp\/v2\/media?parent=67120"}],"curies":[{"name":"wp","href":"https:\/\/api.w.org\/{rel}","templated":true}]}}